{"id":740,"date":"2023-12-07T17:32:50","date_gmt":"2023-12-07T16:32:50","guid":{"rendered":"https:\/\/ravenfox.xyz\/qui-sommes-nous-allemand\/"},"modified":"2024-01-05T18:57:07","modified_gmt":"2024-01-05T17:57:07","slug":"qui-sommes-nous-2","status":"publish","type":"page","link":"https:\/\/ravenfox.xyz\/de\/qui-sommes-nous-2\/","title":{"rendered":"Wer sind wir?"},"content":{"rendered":"<div id=\"cs-content\" class=\"cs-content\"><\/div>\n","protected":false},"excerpt":{"rendered":"<p>Wer sind wir? Als zwei Menschen mit Behinderungen haben Taylor und ich (Giovanni) RavenFox gegr\u00fcndet, um frischen Wind in eine von Unternehmen dominierte Branche zu bringen, die Schwierigkeiten hat, innovativ zu sein. Die Mission von RavenFox Unsere Hauptmission ist es, den Bereich der medizinischen Ger\u00e4te und insbesondere der Mobilit\u00e4tshilfen zu f\u00f6rdern, indem wir Produkte mit Wettbewerbsvorteilen in Bezug auf Design, &#8230;<\/p>\n","protected":false},"author":1,"featured_media":0,"parent":0,"menu_order":0,"comment_status":"closed","ping_status":"closed","template":"template-blank-4.php","meta":{"footnotes":""},"class_list":["post-740","page","type-page","status-publish","hentry","no-post-thumbnail"],"yoast_head":"<!-- This site is optimized with the Yoast SEO plugin v27.0 - https:\/\/yoast.com\/product\/yoast-seo-wordpress\/ -->\n<title>Wer sind wir? - RAVENFOX<\/title>\n<meta name=\"robots\" content=\"index, follow, max-snippet:-1, max-image-preview:large, max-video-preview:-1\" \/>\n<link rel=\"canonical\" href=\"https:\/\/ravenfox.xyz\/de\/qui-sommes-nous-2\/\" \/>\n<meta property=\"og:locale\" content=\"de_DE\" \/>\n<meta property=\"og:type\" content=\"article\" \/>\n<meta property=\"og:title\" content=\"Wer sind wir? - RAVENFOX\" \/>\n<meta property=\"og:description\" content=\"Wer sind wir? Als zwei Menschen mit Behinderungen haben Taylor und ich (Giovanni) RavenFox gegr\u00fcndet, um frischen Wind in eine von Unternehmen dominierte Branche zu bringen, die Schwierigkeiten hat, innovativ zu sein. Die Mission von RavenFox Unsere Hauptmission ist es, den Bereich der medizinischen Ger\u00e4te und insbesondere der Mobilit\u00e4tshilfen zu f\u00f6rdern, indem wir Produkte mit Wettbewerbsvorteilen in Bezug auf Design, ...\" \/>\n<meta property=\"og:url\" content=\"https:\/\/ravenfox.xyz\/de\/qui-sommes-nous-2\/\" \/>\n<meta property=\"og:site_name\" content=\"RAVENFOX\" \/>\n<meta property=\"article:publisher\" content=\"https:\/\/www.facebook.com\/ravenfox.xyz\" \/>\n<meta property=\"article:modified_time\" content=\"2024-01-05T17:57:07+00:00\" \/>\n<meta name=\"twitter:card\" content=\"summary_large_image\" \/>\n<meta name=\"twitter:site\" content=\"@ravenfox_xyz\" \/>\n<meta name=\"twitter:label1\" content=\"Gesch\u00e4tzte Lesezeit\" \/>\n\t<meta name=\"twitter:data1\" content=\"2\u00a0Minuten\" \/>\n<script type=\"application\/ld+json\" class=\"yoast-schema-graph\">{\"@context\":\"https:\/\/schema.org\",\"@graph\":[{\"@type\":\"WebPage\",\"@id\":\"https:\/\/ravenfox.xyz\/de\/qui-sommes-nous-2\/\",\"url\":\"https:\/\/ravenfox.xyz\/de\/qui-sommes-nous-2\/\",\"name\":\"Wer sind wir? - RAVENFOX\",\"isPartOf\":{\"@id\":\"https:\/\/ravenfox.xyz\/de\/#website\"},\"datePublished\":\"2023-12-07T16:32:50+00:00\",\"dateModified\":\"2024-01-05T17:57:07+00:00\",\"breadcrumb\":{\"@id\":\"https:\/\/ravenfox.xyz\/de\/qui-sommes-nous-2\/#breadcrumb\"},\"inLanguage\":\"de\",\"potentialAction\":[{\"@type\":\"ReadAction\",\"target\":[\"https:\/\/ravenfox.xyz\/de\/qui-sommes-nous-2\/\"]}]},{\"@type\":\"BreadcrumbList\",\"@id\":\"https:\/\/ravenfox.xyz\/de\/qui-sommes-nous-2\/#breadcrumb\",\"itemListElement\":[{\"@type\":\"ListItem\",\"position\":1,\"name\":\"Accueil\",\"item\":\"https:\/\/ravenfox.xyz\/de\/\"},{\"@type\":\"ListItem\",\"position\":2,\"name\":\"Wer sind wir?\"}]},{\"@type\":\"WebSite\",\"@id\":\"https:\/\/ravenfox.xyz\/de\/#website\",\"url\":\"https:\/\/ravenfox.xyz\/de\/\",\"name\":\"RAVENFOX\",\"description\":\"Accessoires pour fauteuils roulants \u00e9lectriques\",\"publisher\":{\"@id\":\"https:\/\/ravenfox.xyz\/de\/#organization\"},\"potentialAction\":[{\"@type\":\"SearchAction\",\"target\":{\"@type\":\"EntryPoint\",\"urlTemplate\":\"https:\/\/ravenfox.xyz\/de\/?s={search_term_string}\"},\"query-input\":{\"@type\":\"PropertyValueSpecification\",\"valueRequired\":true,\"valueName\":\"search_term_string\"}}],\"inLanguage\":\"de\"},{\"@type\":\"Organization\",\"@id\":\"https:\/\/ravenfox.xyz\/de\/#organization\",\"name\":\"RAVENFOX\",\"url\":\"https:\/\/ravenfox.xyz\/de\/\",\"logo\":{\"@type\":\"ImageObject\",\"inLanguage\":\"de\",\"@id\":\"https:\/\/ravenfox.xyz\/de\/#\/schema\/logo\/image\/\",\"url\":\"https:\/\/ravenfox.xyz\/wp-content\/uploads\/2023\/12\/Logo-Header-Black.png\",\"contentUrl\":\"https:\/\/ravenfox.xyz\/wp-content\/uploads\/2023\/12\/Logo-Header-Black.png\",\"width\":566,\"height\":115,\"caption\":\"RAVENFOX\"},\"image\":{\"@id\":\"https:\/\/ravenfox.xyz\/de\/#\/schema\/logo\/image\/\"},\"sameAs\":[\"https:\/\/www.facebook.com\/ravenfox.xyz\",\"https:\/\/x.com\/ravenfox_xyz\",\"https:\/\/www.instagram.com\/ravenfox.xyz\/\",\"https:\/\/www.youtube.com\/@ravenfox_xyz\"]}]}<\/script>\n<!-- \/ Yoast SEO plugin. -->","yoast_head_json":{"title":"Wer sind wir? - RAVENFOX","robots":{"index":"index","follow":"follow","max-snippet":"max-snippet:-1","max-image-preview":"max-image-preview:large","max-video-preview":"max-video-preview:-1"},"canonical":"https:\/\/ravenfox.xyz\/de\/qui-sommes-nous-2\/","og_locale":"de_DE","og_type":"article","og_title":"Wer sind wir? - RAVENFOX","og_description":"Wer sind wir? Als zwei Menschen mit Behinderungen haben Taylor und ich (Giovanni) RavenFox gegr\u00fcndet, um frischen Wind in eine von Unternehmen dominierte Branche zu bringen, die Schwierigkeiten hat, innovativ zu sein. Die Mission von RavenFox Unsere Hauptmission ist es, den Bereich der medizinischen Ger\u00e4te und insbesondere der Mobilit\u00e4tshilfen zu f\u00f6rdern, indem wir Produkte mit Wettbewerbsvorteilen in Bezug auf Design, ...","og_url":"https:\/\/ravenfox.xyz\/de\/qui-sommes-nous-2\/","og_site_name":"RAVENFOX","article_publisher":"https:\/\/www.facebook.com\/ravenfox.xyz","article_modified_time":"2024-01-05T17:57:07+00:00","twitter_card":"summary_large_image","twitter_site":"@ravenfox_xyz","twitter_misc":{"Gesch\u00e4tzte Lesezeit":"2\u00a0Minuten"},"schema":{"@context":"https:\/\/schema.org","@graph":[{"@type":"WebPage","@id":"https:\/\/ravenfox.xyz\/de\/qui-sommes-nous-2\/","url":"https:\/\/ravenfox.xyz\/de\/qui-sommes-nous-2\/","name":"Wer sind wir? - RAVENFOX","isPartOf":{"@id":"https:\/\/ravenfox.xyz\/de\/#website"},"datePublished":"2023-12-07T16:32:50+00:00","dateModified":"2024-01-05T17:57:07+00:00","breadcrumb":{"@id":"https:\/\/ravenfox.xyz\/de\/qui-sommes-nous-2\/#breadcrumb"},"inLanguage":"de","potentialAction":[{"@type":"ReadAction","target":["https:\/\/ravenfox.xyz\/de\/qui-sommes-nous-2\/"]}]},{"@type":"BreadcrumbList","@id":"https:\/\/ravenfox.xyz\/de\/qui-sommes-nous-2\/#breadcrumb","itemListElement":[{"@type":"ListItem","position":1,"name":"Accueil","item":"https:\/\/ravenfox.xyz\/de\/"},{"@type":"ListItem","position":2,"name":"Wer sind wir?"}]},{"@type":"WebSite","@id":"https:\/\/ravenfox.xyz\/de\/#website","url":"https:\/\/ravenfox.xyz\/de\/","name":"RAVENFOX","description":"Accessoires pour fauteuils roulants \u00e9lectriques","publisher":{"@id":"https:\/\/ravenfox.xyz\/de\/#organization"},"potentialAction":[{"@type":"SearchAction","target":{"@type":"EntryPoint","urlTemplate":"https:\/\/ravenfox.xyz\/de\/?s={search_term_string}"},"query-input":{"@type":"PropertyValueSpecification","valueRequired":true,"valueName":"search_term_string"}}],"inLanguage":"de"},{"@type":"Organization","@id":"https:\/\/ravenfox.xyz\/de\/#organization","name":"RAVENFOX","url":"https:\/\/ravenfox.xyz\/de\/","logo":{"@type":"ImageObject","inLanguage":"de","@id":"https:\/\/ravenfox.xyz\/de\/#\/schema\/logo\/image\/","url":"https:\/\/ravenfox.xyz\/wp-content\/uploads\/2023\/12\/Logo-Header-Black.png","contentUrl":"https:\/\/ravenfox.xyz\/wp-content\/uploads\/2023\/12\/Logo-Header-Black.png","width":566,"height":115,"caption":"RAVENFOX"},"image":{"@id":"https:\/\/ravenfox.xyz\/de\/#\/schema\/logo\/image\/"},"sameAs":["https:\/\/www.facebook.com\/ravenfox.xyz","https:\/\/x.com\/ravenfox_xyz","https:\/\/www.instagram.com\/ravenfox.xyz\/","https:\/\/www.youtube.com\/@ravenfox_xyz"]}]}},"jetpack_sharing_enabled":true,"_links":{"self":[{"href":"https:\/\/ravenfox.xyz\/de\/wp-json\/wp\/v2\/pages\/740","targetHints":{"allow":["GET"]}}],"collection":[{"href":"https:\/\/ravenfox.xyz\/de\/wp-json\/wp\/v2\/pages"}],"about":[{"href":"https:\/\/ravenfox.xyz\/de\/wp-json\/wp\/v2\/types\/page"}],"author":[{"embeddable":true,"href":"https:\/\/ravenfox.xyz\/de\/wp-json\/wp\/v2\/users\/1"}],"replies":[{"embeddable":true,"href":"https:\/\/ravenfox.xyz\/de\/wp-json\/wp\/v2\/comments?post=740"}],"version-history":[{"count":4,"href":"https:\/\/ravenfox.xyz\/de\/wp-json\/wp\/v2\/pages\/740\/revisions"}],"predecessor-version":[{"id":744,"href":"https:\/\/ravenfox.xyz\/de\/wp-json\/wp\/v2\/pages\/740\/revisions\/744"}],"wp:attachment":[{"href":"https:\/\/ravenfox.xyz\/de\/wp-json\/wp\/v2\/media?parent=740"}],"curies":[{"name":"wp","href":"https:\/\/api.w.org\/{rel}","templated":true}]}}