{"id":745,"date":"2023-12-07T17:32:50","date_gmt":"2023-12-07T16:32:50","guid":{"rendered":"https:\/\/ravenfox.xyz\/notice-dutilisation-chargeur-usb-allemand\/"},"modified":"2024-01-05T18:56:40","modified_gmt":"2024-01-05T17:56:40","slug":"notice-rfwc-2","status":"publish","type":"page","link":"https:\/\/ravenfox.xyz\/de\/pages\/notice-rfwc-2\/","title":{"rendered":"BEDIENUNGSANLEITUNG USB-LADEGER\u00c4T"},"content":{"rendered":"<div id=\"cs-content\" class=\"cs-content\"><\/div>\n","protected":false},"excerpt":{"rendered":"<p>BEDIENUNGSANLEITUNG USB-LADEGER&Auml;T WICHTIG: Bitte lesen Sie diese Gebrauchsanweisung vollst\u00e4ndig, bevor Sie das XLR &#8211; USB-Ladeger\u00e4t verwenden Warnungen Vor der Verwendung stellen Sie sicher, dass das Ger\u00e4t, an dem das Ladeger\u00e4t angeschlossen wird, eine Gleichspannung von 24 Volt hat. Achten Sie darauf, den Ladestecker beim Anschlie\u00dfen nicht falsch herum zu stecken, um einen Kurzschluss zu vermeiden. Das Ladeger\u00e4t darf nicht im &#8230;<\/p>\n","protected":false},"author":1,"featured_media":0,"parent":116,"menu_order":0,"comment_status":"closed","ping_status":"closed","template":"template-blank-4.php","meta":{"footnotes":""},"class_list":["post-745","page","type-page","status-publish","hentry","no-post-thumbnail"],"yoast_head":"<!-- This site is optimized with the Yoast SEO plugin v27.0 - https:\/\/yoast.com\/product\/yoast-seo-wordpress\/ -->\n<title>BEDIENUNGSANLEITUNG USB-LADEGER\u00c4T - RAVENFOX<\/title>\n<meta name=\"robots\" content=\"index, follow, max-snippet:-1, max-image-preview:large, max-video-preview:-1\" \/>\n<link rel=\"canonical\" href=\"https:\/\/ravenfox.xyz\/de\/pages\/notice-rfwc-2\/\" \/>\n<meta property=\"og:locale\" content=\"de_DE\" \/>\n<meta property=\"og:type\" content=\"article\" \/>\n<meta property=\"og:title\" content=\"BEDIENUNGSANLEITUNG USB-LADEGER\u00c4T - RAVENFOX\" \/>\n<meta property=\"og:description\" content=\"BEDIENUNGSANLEITUNG USB-LADEGER&Auml;T WICHTIG: Bitte lesen Sie diese Gebrauchsanweisung vollst\u00e4ndig, bevor Sie das XLR - USB-Ladeger\u00e4t verwenden Warnungen Vor der Verwendung stellen Sie sicher, dass das Ger\u00e4t, an dem das Ladeger\u00e4t angeschlossen wird, eine Gleichspannung von 24 Volt hat. Achten Sie darauf, den Ladestecker beim Anschlie\u00dfen nicht falsch herum zu stecken, um einen Kurzschluss zu vermeiden. Das Ladeger\u00e4t darf nicht im ...\" \/>\n<meta property=\"og:url\" content=\"https:\/\/ravenfox.xyz\/de\/pages\/notice-rfwc-2\/\" \/>\n<meta property=\"og:site_name\" content=\"RAVENFOX\" \/>\n<meta property=\"article:publisher\" content=\"https:\/\/www.facebook.com\/ravenfox.xyz\" \/>\n<meta property=\"article:modified_time\" content=\"2024-01-05T17:56:40+00:00\" \/>\n<meta name=\"twitter:card\" content=\"summary_large_image\" \/>\n<meta name=\"twitter:site\" content=\"@ravenfox_xyz\" \/>\n<meta name=\"twitter:label1\" content=\"Gesch\u00e4tzte Lesezeit\" \/>\n\t<meta name=\"twitter:data1\" content=\"2\u00a0Minuten\" \/>\n<script type=\"application\/ld+json\" class=\"yoast-schema-graph\">{\"@context\":\"https:\/\/schema.org\",\"@graph\":[{\"@type\":\"WebPage\",\"@id\":\"https:\/\/ravenfox.xyz\/de\/pages\/notice-rfwc-2\/\",\"url\":\"https:\/\/ravenfox.xyz\/de\/pages\/notice-rfwc-2\/\",\"name\":\"BEDIENUNGSANLEITUNG USB-LADEGER\u00c4T - RAVENFOX\",\"isPartOf\":{\"@id\":\"https:\/\/ravenfox.xyz\/de\/#website\"},\"datePublished\":\"2023-12-07T16:32:50+00:00\",\"dateModified\":\"2024-01-05T17:56:40+00:00\",\"breadcrumb\":{\"@id\":\"https:\/\/ravenfox.xyz\/de\/pages\/notice-rfwc-2\/#breadcrumb\"},\"inLanguage\":\"de\",\"potentialAction\":[{\"@type\":\"ReadAction\",\"target\":[\"https:\/\/ravenfox.xyz\/de\/pages\/notice-rfwc-2\/\"]}]},{\"@type\":\"BreadcrumbList\",\"@id\":\"https:\/\/ravenfox.xyz\/de\/pages\/notice-rfwc-2\/#breadcrumb\",\"itemListElement\":[{\"@type\":\"ListItem\",\"position\":1,\"name\":\"Accueil\",\"item\":\"https:\/\/ravenfox.xyz\/de\/\"},{\"@type\":\"ListItem\",\"position\":2,\"name\":\"Pages\",\"item\":\"https:\/\/ravenfox.xyz\/de\/?page_id=116\"},{\"@type\":\"ListItem\",\"position\":3,\"name\":\"BEDIENUNGSANLEITUNG USB-LADEGER\u00c4T\"}]},{\"@type\":\"WebSite\",\"@id\":\"https:\/\/ravenfox.xyz\/de\/#website\",\"url\":\"https:\/\/ravenfox.xyz\/de\/\",\"name\":\"RAVENFOX\",\"description\":\"Accessoires pour fauteuils roulants \u00e9lectriques\",\"publisher\":{\"@id\":\"https:\/\/ravenfox.xyz\/de\/#organization\"},\"potentialAction\":[{\"@type\":\"SearchAction\",\"target\":{\"@type\":\"EntryPoint\",\"urlTemplate\":\"https:\/\/ravenfox.xyz\/de\/?s={search_term_string}\"},\"query-input\":{\"@type\":\"PropertyValueSpecification\",\"valueRequired\":true,\"valueName\":\"search_term_string\"}}],\"inLanguage\":\"de\"},{\"@type\":\"Organization\",\"@id\":\"https:\/\/ravenfox.xyz\/de\/#organization\",\"name\":\"RAVENFOX\",\"url\":\"https:\/\/ravenfox.xyz\/de\/\",\"logo\":{\"@type\":\"ImageObject\",\"inLanguage\":\"de\",\"@id\":\"https:\/\/ravenfox.xyz\/de\/#\/schema\/logo\/image\/\",\"url\":\"https:\/\/ravenfox.xyz\/wp-content\/uploads\/2023\/12\/Logo-Header-Black.png\",\"contentUrl\":\"https:\/\/ravenfox.xyz\/wp-content\/uploads\/2023\/12\/Logo-Header-Black.png\",\"width\":566,\"height\":115,\"caption\":\"RAVENFOX\"},\"image\":{\"@id\":\"https:\/\/ravenfox.xyz\/de\/#\/schema\/logo\/image\/\"},\"sameAs\":[\"https:\/\/www.facebook.com\/ravenfox.xyz\",\"https:\/\/x.com\/ravenfox_xyz\",\"https:\/\/www.instagram.com\/ravenfox.xyz\/\",\"https:\/\/www.youtube.com\/@ravenfox_xyz\"]}]}<\/script>\n<!-- \/ Yoast SEO plugin. -->","yoast_head_json":{"title":"BEDIENUNGSANLEITUNG USB-LADEGER\u00c4T - RAVENFOX","robots":{"index":"index","follow":"follow","max-snippet":"max-snippet:-1","max-image-preview":"max-image-preview:large","max-video-preview":"max-video-preview:-1"},"canonical":"https:\/\/ravenfox.xyz\/de\/pages\/notice-rfwc-2\/","og_locale":"de_DE","og_type":"article","og_title":"BEDIENUNGSANLEITUNG USB-LADEGER\u00c4T - RAVENFOX","og_description":"BEDIENUNGSANLEITUNG USB-LADEGER&Auml;T WICHTIG: Bitte lesen Sie diese Gebrauchsanweisung vollst\u00e4ndig, bevor Sie das XLR - USB-Ladeger\u00e4t verwenden Warnungen Vor der Verwendung stellen Sie sicher, dass das Ger\u00e4t, an dem das Ladeger\u00e4t angeschlossen wird, eine Gleichspannung von 24 Volt hat. Achten Sie darauf, den Ladestecker beim Anschlie\u00dfen nicht falsch herum zu stecken, um einen Kurzschluss zu vermeiden. Das Ladeger\u00e4t darf nicht im ...","og_url":"https:\/\/ravenfox.xyz\/de\/pages\/notice-rfwc-2\/","og_site_name":"RAVENFOX","article_publisher":"https:\/\/www.facebook.com\/ravenfox.xyz","article_modified_time":"2024-01-05T17:56:40+00:00","twitter_card":"summary_large_image","twitter_site":"@ravenfox_xyz","twitter_misc":{"Gesch\u00e4tzte Lesezeit":"2\u00a0Minuten"},"schema":{"@context":"https:\/\/schema.org","@graph":[{"@type":"WebPage","@id":"https:\/\/ravenfox.xyz\/de\/pages\/notice-rfwc-2\/","url":"https:\/\/ravenfox.xyz\/de\/pages\/notice-rfwc-2\/","name":"BEDIENUNGSANLEITUNG USB-LADEGER\u00c4T - RAVENFOX","isPartOf":{"@id":"https:\/\/ravenfox.xyz\/de\/#website"},"datePublished":"2023-12-07T16:32:50+00:00","dateModified":"2024-01-05T17:56:40+00:00","breadcrumb":{"@id":"https:\/\/ravenfox.xyz\/de\/pages\/notice-rfwc-2\/#breadcrumb"},"inLanguage":"de","potentialAction":[{"@type":"ReadAction","target":["https:\/\/ravenfox.xyz\/de\/pages\/notice-rfwc-2\/"]}]},{"@type":"BreadcrumbList","@id":"https:\/\/ravenfox.xyz\/de\/pages\/notice-rfwc-2\/#breadcrumb","itemListElement":[{"@type":"ListItem","position":1,"name":"Accueil","item":"https:\/\/ravenfox.xyz\/de\/"},{"@type":"ListItem","position":2,"name":"Pages","item":"https:\/\/ravenfox.xyz\/de\/?page_id=116"},{"@type":"ListItem","position":3,"name":"BEDIENUNGSANLEITUNG USB-LADEGER\u00c4T"}]},{"@type":"WebSite","@id":"https:\/\/ravenfox.xyz\/de\/#website","url":"https:\/\/ravenfox.xyz\/de\/","name":"RAVENFOX","description":"Accessoires pour fauteuils roulants \u00e9lectriques","publisher":{"@id":"https:\/\/ravenfox.xyz\/de\/#organization"},"potentialAction":[{"@type":"SearchAction","target":{"@type":"EntryPoint","urlTemplate":"https:\/\/ravenfox.xyz\/de\/?s={search_term_string}"},"query-input":{"@type":"PropertyValueSpecification","valueRequired":true,"valueName":"search_term_string"}}],"inLanguage":"de"},{"@type":"Organization","@id":"https:\/\/ravenfox.xyz\/de\/#organization","name":"RAVENFOX","url":"https:\/\/ravenfox.xyz\/de\/","logo":{"@type":"ImageObject","inLanguage":"de","@id":"https:\/\/ravenfox.xyz\/de\/#\/schema\/logo\/image\/","url":"https:\/\/ravenfox.xyz\/wp-content\/uploads\/2023\/12\/Logo-Header-Black.png","contentUrl":"https:\/\/ravenfox.xyz\/wp-content\/uploads\/2023\/12\/Logo-Header-Black.png","width":566,"height":115,"caption":"RAVENFOX"},"image":{"@id":"https:\/\/ravenfox.xyz\/de\/#\/schema\/logo\/image\/"},"sameAs":["https:\/\/www.facebook.com\/ravenfox.xyz","https:\/\/x.com\/ravenfox_xyz","https:\/\/www.instagram.com\/ravenfox.xyz\/","https:\/\/www.youtube.com\/@ravenfox_xyz"]}]}},"jetpack_sharing_enabled":true,"_links":{"self":[{"href":"https:\/\/ravenfox.xyz\/de\/wp-json\/wp\/v2\/pages\/745","targetHints":{"allow":["GET"]}}],"collection":[{"href":"https:\/\/ravenfox.xyz\/de\/wp-json\/wp\/v2\/pages"}],"about":[{"href":"https:\/\/ravenfox.xyz\/de\/wp-json\/wp\/v2\/types\/page"}],"author":[{"embeddable":true,"href":"https:\/\/ravenfox.xyz\/de\/wp-json\/wp\/v2\/users\/1"}],"replies":[{"embeddable":true,"href":"https:\/\/ravenfox.xyz\/de\/wp-json\/wp\/v2\/comments?post=745"}],"version-history":[{"count":4,"href":"https:\/\/ravenfox.xyz\/de\/wp-json\/wp\/v2\/pages\/745\/revisions"}],"predecessor-version":[{"id":749,"href":"https:\/\/ravenfox.xyz\/de\/wp-json\/wp\/v2\/pages\/745\/revisions\/749"}],"up":[{"embeddable":true,"href":"https:\/\/ravenfox.xyz\/de\/wp-json\/wp\/v2\/pages\/116"}],"wp:attachment":[{"href":"https:\/\/ravenfox.xyz\/de\/wp-json\/wp\/v2\/media?parent=745"}],"curies":[{"name":"wp","href":"https:\/\/api.w.org\/{rel}","templated":true}]}}