{"id":750,"date":"2023-12-07T16:24:27","date_gmt":"2023-12-07T15:24:27","guid":{"rendered":"https:\/\/ravenfox.xyz\/politique-de-retours-allemand\/"},"modified":"2024-01-05T18:56:53","modified_gmt":"2024-01-05T17:56:53","slug":"ruckgaberichtlinien","status":"publish","type":"page","link":"https:\/\/ravenfox.xyz\/de\/ruckgaberichtlinien\/","title":{"rendered":"R\u00dcCKGABERICHTLINIEN"},"content":{"rendered":"<div id=\"cs-content\" class=\"cs-content\"><\/div>\n","protected":false},"excerpt":{"rendered":"<p>R&Uuml;CKGABERICHTLINIEN 1. Allgemeines Gem\u00e4\u00df geltendem Recht haben Sie ab dem Datum des Erhalts des Produkts eine Widerrufsfrist von 14 Tagen, um Ihre Meinung zu einem Fernkauf zu \u00e4ndern. Um Produkte zur\u00fcckzusenden, senden Sie uns bitte eine E-Mail an bro@ravenfox.xyz mit einem Anhang des Kaufnachweises und dem Betreff &#8222;R\u00dcCKGABE 14T&#8220;. Sie m\u00fcssen den Grund f\u00fcr Ihre R\u00fccksendung nicht angeben. Dennoch bitten &#8230;<\/p>\n","protected":false},"author":1,"featured_media":0,"parent":0,"menu_order":0,"comment_status":"closed","ping_status":"closed","template":"template-blank-4.php","meta":{"footnotes":""},"class_list":["post-750","page","type-page","status-publish","hentry","no-post-thumbnail"],"yoast_head":"<!-- This site is optimized with the Yoast SEO plugin v27.0 - https:\/\/yoast.com\/product\/yoast-seo-wordpress\/ -->\n<title>R\u00dcCKGABERICHTLINIEN - RAVENFOX<\/title>\n<meta name=\"robots\" content=\"index, follow, max-snippet:-1, max-image-preview:large, max-video-preview:-1\" \/>\n<link rel=\"canonical\" href=\"https:\/\/ravenfox.xyz\/de\/ruckgaberichtlinien\/\" \/>\n<meta property=\"og:locale\" content=\"de_DE\" \/>\n<meta property=\"og:type\" content=\"article\" \/>\n<meta property=\"og:title\" content=\"R\u00dcCKGABERICHTLINIEN - RAVENFOX\" \/>\n<meta property=\"og:description\" content=\"R&Uuml;CKGABERICHTLINIEN 1. Allgemeines Gem\u00e4\u00df geltendem Recht haben Sie ab dem Datum des Erhalts des Produkts eine Widerrufsfrist von 14 Tagen, um Ihre Meinung zu einem Fernkauf zu \u00e4ndern. Um Produkte zur\u00fcckzusenden, senden Sie uns bitte eine E-Mail an bro@ravenfox.xyz mit einem Anhang des Kaufnachweises und dem Betreff &quot;R\u00dcCKGABE 14T&quot;. Sie m\u00fcssen den Grund f\u00fcr Ihre R\u00fccksendung nicht angeben. Dennoch bitten ...\" \/>\n<meta property=\"og:url\" content=\"https:\/\/ravenfox.xyz\/de\/ruckgaberichtlinien\/\" \/>\n<meta property=\"og:site_name\" content=\"RAVENFOX\" \/>\n<meta property=\"article:publisher\" content=\"https:\/\/www.facebook.com\/ravenfox.xyz\" \/>\n<meta property=\"article:modified_time\" content=\"2024-01-05T17:56:53+00:00\" \/>\n<meta name=\"twitter:card\" content=\"summary_large_image\" \/>\n<meta name=\"twitter:site\" content=\"@ravenfox_xyz\" \/>\n<meta name=\"twitter:label1\" content=\"Gesch\u00e4tzte Lesezeit\" \/>\n\t<meta name=\"twitter:data1\" content=\"3\u00a0Minuten\" \/>\n<script type=\"application\/ld+json\" class=\"yoast-schema-graph\">{\"@context\":\"https:\/\/schema.org\",\"@graph\":[{\"@type\":\"WebPage\",\"@id\":\"https:\/\/ravenfox.xyz\/de\/ruckgaberichtlinien\/\",\"url\":\"https:\/\/ravenfox.xyz\/de\/ruckgaberichtlinien\/\",\"name\":\"R\u00dcCKGABERICHTLINIEN - RAVENFOX\",\"isPartOf\":{\"@id\":\"https:\/\/ravenfox.xyz\/de\/#website\"},\"datePublished\":\"2023-12-07T15:24:27+00:00\",\"dateModified\":\"2024-01-05T17:56:53+00:00\",\"breadcrumb\":{\"@id\":\"https:\/\/ravenfox.xyz\/de\/ruckgaberichtlinien\/#breadcrumb\"},\"inLanguage\":\"de\",\"potentialAction\":[{\"@type\":\"ReadAction\",\"target\":[\"https:\/\/ravenfox.xyz\/de\/ruckgaberichtlinien\/\"]}]},{\"@type\":\"BreadcrumbList\",\"@id\":\"https:\/\/ravenfox.xyz\/de\/ruckgaberichtlinien\/#breadcrumb\",\"itemListElement\":[{\"@type\":\"ListItem\",\"position\":1,\"name\":\"Accueil\",\"item\":\"https:\/\/ravenfox.xyz\/de\/\"},{\"@type\":\"ListItem\",\"position\":2,\"name\":\"R\u00dcCKGABERICHTLINIEN\"}]},{\"@type\":\"WebSite\",\"@id\":\"https:\/\/ravenfox.xyz\/de\/#website\",\"url\":\"https:\/\/ravenfox.xyz\/de\/\",\"name\":\"RAVENFOX\",\"description\":\"Accessoires pour fauteuils roulants \u00e9lectriques\",\"publisher\":{\"@id\":\"https:\/\/ravenfox.xyz\/de\/#organization\"},\"potentialAction\":[{\"@type\":\"SearchAction\",\"target\":{\"@type\":\"EntryPoint\",\"urlTemplate\":\"https:\/\/ravenfox.xyz\/de\/?s={search_term_string}\"},\"query-input\":{\"@type\":\"PropertyValueSpecification\",\"valueRequired\":true,\"valueName\":\"search_term_string\"}}],\"inLanguage\":\"de\"},{\"@type\":\"Organization\",\"@id\":\"https:\/\/ravenfox.xyz\/de\/#organization\",\"name\":\"RAVENFOX\",\"url\":\"https:\/\/ravenfox.xyz\/de\/\",\"logo\":{\"@type\":\"ImageObject\",\"inLanguage\":\"de\",\"@id\":\"https:\/\/ravenfox.xyz\/de\/#\/schema\/logo\/image\/\",\"url\":\"https:\/\/ravenfox.xyz\/wp-content\/uploads\/2023\/12\/Logo-Header-Black.png\",\"contentUrl\":\"https:\/\/ravenfox.xyz\/wp-content\/uploads\/2023\/12\/Logo-Header-Black.png\",\"width\":566,\"height\":115,\"caption\":\"RAVENFOX\"},\"image\":{\"@id\":\"https:\/\/ravenfox.xyz\/de\/#\/schema\/logo\/image\/\"},\"sameAs\":[\"https:\/\/www.facebook.com\/ravenfox.xyz\",\"https:\/\/x.com\/ravenfox_xyz\",\"https:\/\/www.instagram.com\/ravenfox.xyz\/\",\"https:\/\/www.youtube.com\/@ravenfox_xyz\"]}]}<\/script>\n<!-- \/ Yoast SEO plugin. -->","yoast_head_json":{"title":"R\u00dcCKGABERICHTLINIEN - RAVENFOX","robots":{"index":"index","follow":"follow","max-snippet":"max-snippet:-1","max-image-preview":"max-image-preview:large","max-video-preview":"max-video-preview:-1"},"canonical":"https:\/\/ravenfox.xyz\/de\/ruckgaberichtlinien\/","og_locale":"de_DE","og_type":"article","og_title":"R\u00dcCKGABERICHTLINIEN - RAVENFOX","og_description":"R&Uuml;CKGABERICHTLINIEN 1. Allgemeines Gem\u00e4\u00df geltendem Recht haben Sie ab dem Datum des Erhalts des Produkts eine Widerrufsfrist von 14 Tagen, um Ihre Meinung zu einem Fernkauf zu \u00e4ndern. Um Produkte zur\u00fcckzusenden, senden Sie uns bitte eine E-Mail an bro@ravenfox.xyz mit einem Anhang des Kaufnachweises und dem Betreff \"R\u00dcCKGABE 14T\". Sie m\u00fcssen den Grund f\u00fcr Ihre R\u00fccksendung nicht angeben. Dennoch bitten ...","og_url":"https:\/\/ravenfox.xyz\/de\/ruckgaberichtlinien\/","og_site_name":"RAVENFOX","article_publisher":"https:\/\/www.facebook.com\/ravenfox.xyz","article_modified_time":"2024-01-05T17:56:53+00:00","twitter_card":"summary_large_image","twitter_site":"@ravenfox_xyz","twitter_misc":{"Gesch\u00e4tzte Lesezeit":"3\u00a0Minuten"},"schema":{"@context":"https:\/\/schema.org","@graph":[{"@type":"WebPage","@id":"https:\/\/ravenfox.xyz\/de\/ruckgaberichtlinien\/","url":"https:\/\/ravenfox.xyz\/de\/ruckgaberichtlinien\/","name":"R\u00dcCKGABERICHTLINIEN - RAVENFOX","isPartOf":{"@id":"https:\/\/ravenfox.xyz\/de\/#website"},"datePublished":"2023-12-07T15:24:27+00:00","dateModified":"2024-01-05T17:56:53+00:00","breadcrumb":{"@id":"https:\/\/ravenfox.xyz\/de\/ruckgaberichtlinien\/#breadcrumb"},"inLanguage":"de","potentialAction":[{"@type":"ReadAction","target":["https:\/\/ravenfox.xyz\/de\/ruckgaberichtlinien\/"]}]},{"@type":"BreadcrumbList","@id":"https:\/\/ravenfox.xyz\/de\/ruckgaberichtlinien\/#breadcrumb","itemListElement":[{"@type":"ListItem","position":1,"name":"Accueil","item":"https:\/\/ravenfox.xyz\/de\/"},{"@type":"ListItem","position":2,"name":"R\u00dcCKGABERICHTLINIEN"}]},{"@type":"WebSite","@id":"https:\/\/ravenfox.xyz\/de\/#website","url":"https:\/\/ravenfox.xyz\/de\/","name":"RAVENFOX","description":"Accessoires pour fauteuils roulants \u00e9lectriques","publisher":{"@id":"https:\/\/ravenfox.xyz\/de\/#organization"},"potentialAction":[{"@type":"SearchAction","target":{"@type":"EntryPoint","urlTemplate":"https:\/\/ravenfox.xyz\/de\/?s={search_term_string}"},"query-input":{"@type":"PropertyValueSpecification","valueRequired":true,"valueName":"search_term_string"}}],"inLanguage":"de"},{"@type":"Organization","@id":"https:\/\/ravenfox.xyz\/de\/#organization","name":"RAVENFOX","url":"https:\/\/ravenfox.xyz\/de\/","logo":{"@type":"ImageObject","inLanguage":"de","@id":"https:\/\/ravenfox.xyz\/de\/#\/schema\/logo\/image\/","url":"https:\/\/ravenfox.xyz\/wp-content\/uploads\/2023\/12\/Logo-Header-Black.png","contentUrl":"https:\/\/ravenfox.xyz\/wp-content\/uploads\/2023\/12\/Logo-Header-Black.png","width":566,"height":115,"caption":"RAVENFOX"},"image":{"@id":"https:\/\/ravenfox.xyz\/de\/#\/schema\/logo\/image\/"},"sameAs":["https:\/\/www.facebook.com\/ravenfox.xyz","https:\/\/x.com\/ravenfox_xyz","https:\/\/www.instagram.com\/ravenfox.xyz\/","https:\/\/www.youtube.com\/@ravenfox_xyz"]}]}},"jetpack_sharing_enabled":true,"_links":{"self":[{"href":"https:\/\/ravenfox.xyz\/de\/wp-json\/wp\/v2\/pages\/750","targetHints":{"allow":["GET"]}}],"collection":[{"href":"https:\/\/ravenfox.xyz\/de\/wp-json\/wp\/v2\/pages"}],"about":[{"href":"https:\/\/ravenfox.xyz\/de\/wp-json\/wp\/v2\/types\/page"}],"author":[{"embeddable":true,"href":"https:\/\/ravenfox.xyz\/de\/wp-json\/wp\/v2\/users\/1"}],"replies":[{"embeddable":true,"href":"https:\/\/ravenfox.xyz\/de\/wp-json\/wp\/v2\/comments?post=750"}],"version-history":[{"count":4,"href":"https:\/\/ravenfox.xyz\/de\/wp-json\/wp\/v2\/pages\/750\/revisions"}],"predecessor-version":[{"id":754,"href":"https:\/\/ravenfox.xyz\/de\/wp-json\/wp\/v2\/pages\/750\/revisions\/754"}],"wp:attachment":[{"href":"https:\/\/ravenfox.xyz\/de\/wp-json\/wp\/v2\/media?parent=750"}],"curies":[{"name":"wp","href":"https:\/\/api.w.org\/{rel}","templated":true}]}}