{"id":782,"date":"2023-12-07T19:26:23","date_gmt":"2023-12-07T18:26:23","guid":{"rendered":"https:\/\/ravenfox.xyz\/accueil-home-allemand\/"},"modified":"2024-12-25T19:39:57","modified_gmt":"2024-12-25T18:39:57","slug":"accueil-2","status":"publish","type":"page","link":"https:\/\/ravenfox.xyz\/de\/","title":{"rendered":"RAVENFOX &#8211; Zubeh\u00f6r f\u00fcr elektrischen Rollstuhl USB-Ladeger\u00e4t"},"content":{"rendered":"<div id=\"cs-content\" class=\"cs-content\"><\/div>\n","protected":false},"excerpt":{"rendered":"<p>\u00dcberall aufladen Keine Notwendigkeit, an einer Steckdose kleben zu bleiben. Mehr erfahren Hergestellt in Frankreich Handgefertigt von Menschen mit Behinderungen. Mehr erfahren Unverzichtbar Es ist lebenswichtig, eine Batterie im Handy zu haben, wenn man behindert ist. Kaufen Spezifikationen 2 USB-Anschl&uuml;sse (1 USB C und 1 USB A) Zwei USB-Anschl\u00fcsse erm\u00f6glichen das gleichzeitige Laden von zwei Ger\u00e4ten, darunter ein USB-C f\u00fcr &#8230;<\/p>\n","protected":false},"author":1,"featured_media":0,"parent":0,"menu_order":0,"comment_status":"closed","ping_status":"closed","template":"template-blank-4.php","meta":{"footnotes":""},"class_list":["post-782","page","type-page","status-publish","hentry","no-post-thumbnail"],"yoast_head":"<!-- This site is optimized with the Yoast SEO plugin v27.0 - https:\/\/yoast.com\/product\/yoast-seo-wordpress\/ -->\n<title>RAVENFOX - Zubeh\u00f6r f\u00fcr elektrischen Rollstuhl USB-Ladeger\u00e4t - RAVENFOX<\/title>\n<meta name=\"robots\" content=\"index, follow, max-snippet:-1, max-image-preview:large, max-video-preview:-1\" \/>\n<link rel=\"canonical\" href=\"https:\/\/ravenfox.xyz\/de\/\" \/>\n<meta property=\"og:locale\" content=\"de_DE\" \/>\n<meta property=\"og:type\" content=\"article\" \/>\n<meta property=\"og:title\" content=\"RAVENFOX - Zubeh\u00f6r f\u00fcr elektrischen Rollstuhl USB-Ladeger\u00e4t - RAVENFOX\" \/>\n<meta property=\"og:description\" content=\"\u00dcberall aufladen Keine Notwendigkeit, an einer Steckdose kleben zu bleiben. Mehr erfahren Hergestellt in Frankreich Handgefertigt von Menschen mit Behinderungen. Mehr erfahren Unverzichtbar Es ist lebenswichtig, eine Batterie im Handy zu haben, wenn man behindert ist. Kaufen Spezifikationen 2 USB-Anschl&uuml;sse (1 USB C und 1 USB A) Zwei USB-Anschl\u00fcsse erm\u00f6glichen das gleichzeitige Laden von zwei Ger\u00e4ten, darunter ein USB-C f\u00fcr ...\" \/>\n<meta property=\"og:url\" content=\"https:\/\/ravenfox.xyz\/de\/\" \/>\n<meta property=\"og:site_name\" content=\"RAVENFOX\" \/>\n<meta property=\"article:publisher\" content=\"https:\/\/www.facebook.com\/ravenfox.xyz\" \/>\n<meta property=\"article:modified_time\" content=\"2024-12-25T18:39:57+00:00\" \/>\n<meta name=\"twitter:card\" content=\"summary_large_image\" \/>\n<meta name=\"twitter:site\" content=\"@ravenfox_xyz\" \/>\n<meta name=\"twitter:label1\" content=\"Gesch\u00e4tzte Lesezeit\" \/>\n\t<meta name=\"twitter:data1\" content=\"3\u00a0Minuten\" \/>\n<script type=\"application\/ld+json\" class=\"yoast-schema-graph\">{\"@context\":\"https:\/\/schema.org\",\"@graph\":[{\"@type\":\"WebPage\",\"@id\":\"https:\/\/ravenfox.xyz\/de\/\",\"url\":\"https:\/\/ravenfox.xyz\/de\/\",\"name\":\"RAVENFOX - Zubeh\u00f6r f\u00fcr elektrischen Rollstuhl USB-Ladeger\u00e4t - RAVENFOX\",\"isPartOf\":{\"@id\":\"https:\/\/ravenfox.xyz\/de\/#website\"},\"datePublished\":\"2023-12-07T18:26:23+00:00\",\"dateModified\":\"2024-12-25T18:39:57+00:00\",\"breadcrumb\":{\"@id\":\"https:\/\/ravenfox.xyz\/de\/#breadcrumb\"},\"inLanguage\":\"de\",\"potentialAction\":[{\"@type\":\"ReadAction\",\"target\":[\"https:\/\/ravenfox.xyz\/de\/\"]}]},{\"@type\":\"BreadcrumbList\",\"@id\":\"https:\/\/ravenfox.xyz\/de\/#breadcrumb\",\"itemListElement\":[{\"@type\":\"ListItem\",\"position\":1,\"name\":\"Accueil\",\"item\":\"https:\/\/ravenfox.xyz\/de\/\"},{\"@type\":\"ListItem\",\"position\":2,\"name\":\"RAVENFOX &#8211; Zubeh\u00f6r f\u00fcr elektrischen Rollstuhl USB-Ladeger\u00e4t\"}]},{\"@type\":\"WebSite\",\"@id\":\"https:\/\/ravenfox.xyz\/de\/#website\",\"url\":\"https:\/\/ravenfox.xyz\/de\/\",\"name\":\"RAVENFOX\",\"description\":\"Accessoires pour fauteuils roulants \u00e9lectriques\",\"publisher\":{\"@id\":\"https:\/\/ravenfox.xyz\/de\/#organization\"},\"potentialAction\":[{\"@type\":\"SearchAction\",\"target\":{\"@type\":\"EntryPoint\",\"urlTemplate\":\"https:\/\/ravenfox.xyz\/de\/?s={search_term_string}\"},\"query-input\":{\"@type\":\"PropertyValueSpecification\",\"valueRequired\":true,\"valueName\":\"search_term_string\"}}],\"inLanguage\":\"de\"},{\"@type\":\"Organization\",\"@id\":\"https:\/\/ravenfox.xyz\/de\/#organization\",\"name\":\"RAVENFOX\",\"url\":\"https:\/\/ravenfox.xyz\/de\/\",\"logo\":{\"@type\":\"ImageObject\",\"inLanguage\":\"de\",\"@id\":\"https:\/\/ravenfox.xyz\/de\/#\/schema\/logo\/image\/\",\"url\":\"https:\/\/ravenfox.xyz\/wp-content\/uploads\/2023\/12\/Logo-Header-Black.png\",\"contentUrl\":\"https:\/\/ravenfox.xyz\/wp-content\/uploads\/2023\/12\/Logo-Header-Black.png\",\"width\":566,\"height\":115,\"caption\":\"RAVENFOX\"},\"image\":{\"@id\":\"https:\/\/ravenfox.xyz\/de\/#\/schema\/logo\/image\/\"},\"sameAs\":[\"https:\/\/www.facebook.com\/ravenfox.xyz\",\"https:\/\/x.com\/ravenfox_xyz\",\"https:\/\/www.instagram.com\/ravenfox.xyz\/\",\"https:\/\/www.youtube.com\/@ravenfox_xyz\"]}]}<\/script>\n<!-- \/ Yoast SEO plugin. -->","yoast_head_json":{"title":"RAVENFOX - Zubeh\u00f6r f\u00fcr elektrischen Rollstuhl USB-Ladeger\u00e4t - RAVENFOX","robots":{"index":"index","follow":"follow","max-snippet":"max-snippet:-1","max-image-preview":"max-image-preview:large","max-video-preview":"max-video-preview:-1"},"canonical":"https:\/\/ravenfox.xyz\/de\/","og_locale":"de_DE","og_type":"article","og_title":"RAVENFOX - Zubeh\u00f6r f\u00fcr elektrischen Rollstuhl USB-Ladeger\u00e4t - RAVENFOX","og_description":"\u00dcberall aufladen Keine Notwendigkeit, an einer Steckdose kleben zu bleiben. Mehr erfahren Hergestellt in Frankreich Handgefertigt von Menschen mit Behinderungen. Mehr erfahren Unverzichtbar Es ist lebenswichtig, eine Batterie im Handy zu haben, wenn man behindert ist. Kaufen Spezifikationen 2 USB-Anschl&uuml;sse (1 USB C und 1 USB A) Zwei USB-Anschl\u00fcsse erm\u00f6glichen das gleichzeitige Laden von zwei Ger\u00e4ten, darunter ein USB-C f\u00fcr ...","og_url":"https:\/\/ravenfox.xyz\/de\/","og_site_name":"RAVENFOX","article_publisher":"https:\/\/www.facebook.com\/ravenfox.xyz","article_modified_time":"2024-12-25T18:39:57+00:00","twitter_card":"summary_large_image","twitter_site":"@ravenfox_xyz","twitter_misc":{"Gesch\u00e4tzte Lesezeit":"3\u00a0Minuten"},"schema":{"@context":"https:\/\/schema.org","@graph":[{"@type":"WebPage","@id":"https:\/\/ravenfox.xyz\/de\/","url":"https:\/\/ravenfox.xyz\/de\/","name":"RAVENFOX - Zubeh\u00f6r f\u00fcr elektrischen Rollstuhl USB-Ladeger\u00e4t - RAVENFOX","isPartOf":{"@id":"https:\/\/ravenfox.xyz\/de\/#website"},"datePublished":"2023-12-07T18:26:23+00:00","dateModified":"2024-12-25T18:39:57+00:00","breadcrumb":{"@id":"https:\/\/ravenfox.xyz\/de\/#breadcrumb"},"inLanguage":"de","potentialAction":[{"@type":"ReadAction","target":["https:\/\/ravenfox.xyz\/de\/"]}]},{"@type":"BreadcrumbList","@id":"https:\/\/ravenfox.xyz\/de\/#breadcrumb","itemListElement":[{"@type":"ListItem","position":1,"name":"Accueil","item":"https:\/\/ravenfox.xyz\/de\/"},{"@type":"ListItem","position":2,"name":"RAVENFOX &#8211; Zubeh\u00f6r f\u00fcr elektrischen Rollstuhl USB-Ladeger\u00e4t"}]},{"@type":"WebSite","@id":"https:\/\/ravenfox.xyz\/de\/#website","url":"https:\/\/ravenfox.xyz\/de\/","name":"RAVENFOX","description":"Accessoires pour fauteuils roulants \u00e9lectriques","publisher":{"@id":"https:\/\/ravenfox.xyz\/de\/#organization"},"potentialAction":[{"@type":"SearchAction","target":{"@type":"EntryPoint","urlTemplate":"https:\/\/ravenfox.xyz\/de\/?s={search_term_string}"},"query-input":{"@type":"PropertyValueSpecification","valueRequired":true,"valueName":"search_term_string"}}],"inLanguage":"de"},{"@type":"Organization","@id":"https:\/\/ravenfox.xyz\/de\/#organization","name":"RAVENFOX","url":"https:\/\/ravenfox.xyz\/de\/","logo":{"@type":"ImageObject","inLanguage":"de","@id":"https:\/\/ravenfox.xyz\/de\/#\/schema\/logo\/image\/","url":"https:\/\/ravenfox.xyz\/wp-content\/uploads\/2023\/12\/Logo-Header-Black.png","contentUrl":"https:\/\/ravenfox.xyz\/wp-content\/uploads\/2023\/12\/Logo-Header-Black.png","width":566,"height":115,"caption":"RAVENFOX"},"image":{"@id":"https:\/\/ravenfox.xyz\/de\/#\/schema\/logo\/image\/"},"sameAs":["https:\/\/www.facebook.com\/ravenfox.xyz","https:\/\/x.com\/ravenfox_xyz","https:\/\/www.instagram.com\/ravenfox.xyz\/","https:\/\/www.youtube.com\/@ravenfox_xyz"]}]}},"jetpack_sharing_enabled":true,"_links":{"self":[{"href":"https:\/\/ravenfox.xyz\/de\/wp-json\/wp\/v2\/pages\/782","targetHints":{"allow":["GET"]}}],"collection":[{"href":"https:\/\/ravenfox.xyz\/de\/wp-json\/wp\/v2\/pages"}],"about":[{"href":"https:\/\/ravenfox.xyz\/de\/wp-json\/wp\/v2\/types\/page"}],"author":[{"embeddable":true,"href":"https:\/\/ravenfox.xyz\/de\/wp-json\/wp\/v2\/users\/1"}],"replies":[{"embeddable":true,"href":"https:\/\/ravenfox.xyz\/de\/wp-json\/wp\/v2\/comments?post=782"}],"version-history":[{"count":7,"href":"https:\/\/ravenfox.xyz\/de\/wp-json\/wp\/v2\/pages\/782\/revisions"}],"predecessor-version":[{"id":789,"href":"https:\/\/ravenfox.xyz\/de\/wp-json\/wp\/v2\/pages\/782\/revisions\/789"}],"wp:attachment":[{"href":"https:\/\/ravenfox.xyz\/de\/wp-json\/wp\/v2\/media?parent=782"}],"curies":[{"name":"wp","href":"https:\/\/api.w.org\/{rel}","templated":true}]}}