{"id":1110,"date":"2024-12-02T02:06:57","date_gmt":"2024-12-02T01:06:57","guid":{"rendered":"https:\/\/ravenfox.xyz\/?post_type=product&#038;p=1110"},"modified":"2025-09-05T18:20:13","modified_gmt":"2025-09-05T16:20:13","slug":"porte-gourde-pour-fauteuil-roulant-electrique","status":"publish","type":"product","link":"https:\/\/ravenfox.xyz\/de\/produit\/porte-gourde-pour-fauteuil-roulant-electrique\/","title":{"rendered":"Porte Gourde pour Fauteuil Roulant \u00c9lectrique"},"content":{"rendered":"<h4><strong>Porte Gourde pour Fauteuil Roulant \u00c9lectrique<\/strong><\/h4>\n<p>Le <strong>Porte Gourde pour Fauteuil Roulant \u00c9lectrique<\/strong> am\u00e9liore votre confort et votre autonomie. Fix\u00e9 sur l&#8217;accoudoir, il garde une gourde, une canette ou un verre \u00e0 port\u00e9e de main. Avec un diam\u00e8tre interne de 7,3 cm et une hauteur de 5,5 cm, il s\u2019adapte parfaitement \u00e0 divers contenants. Son design robuste maintient votre gourde en s\u00e9curit\u00e9 tout au long de vos d\u00e9placements.<\/p>\n<p>Cet accessoire ne s\u2019arr\u00eate pas l\u00e0. Deux crochets situ\u00e9s \u00e0 l\u2019arri\u00e8re permettent d\u2019accrocher des objets l\u00e9gers comme un petit sachet. Cela le rend polyvalent et encore plus utile dans votre quotidien.<\/p>\n<h5><strong>Compatibilit\u00e9 imm\u00e9diate et en d\u00e9veloppement<\/strong> :<\/h5>\n<ul>\n<li>Convient aux fauteuils roulants \u00e9lectriques des marques <strong><a href=\"https:\/\/www.permobil.com\/fr-fr\" target=\"_blank\" rel=\"noopener\">Permoibil<\/a>, <a href=\"https:\/\/www.invacare.fr\/fr\" target=\"_blank\" rel=\"noopener\">Invacare<\/a><\/strong> et <a href=\"https:\/\/www.sunrisemedical.fr\" target=\"_blank\" rel=\"noopener\"><strong>Quickie<\/strong><\/a> via un syst\u00e8me de fixation sous l&#8217;accoudoir.<\/li>\n<li>Nous d\u00e9velopperons l&#8217;accroche pour les fauteuils de la marque Ottobock prochainement.<\/li>\n<\/ul>\n<h5><strong>Livraison rapide et simple<\/strong> :<\/h5>\n<p>Produit \u00e0 la commande, cet accessoire affiche une qualit\u00e9 soign\u00e9e arbore devant l&#8217;illustration &#8222;Fresh sarcasm served dailly&#8220; et en dessous le logo de RavenFox.<\/p>\n<p><em><strong>(Pour le recevoir sans l&#8217;inscription frontale ou dans une autre couleur disponible via le bouton en bas \u00e0 gauche de l&#8217;\u00e9cran, merci de nous le mentionner en rajoutant une note lors de la validation de la commande)\u00a0<\/strong><\/em><\/p>\n<p>Ce porte-gourde se d\u00e9marque par son aspect pratique et esth\u00e9tique. Il convient parfaitement aux utilisateurs en situation de handicap, en leur offrant un acc\u00e8s facile \u00e0 leurs boissons et objets essentiels. Facile \u00e0 installer, il est con\u00e7u pour simplifier votre quotidien, que vous soyez \u00e0 la maison ou en d\u00e9placement.<\/p>\n","protected":false},"excerpt":{"rendered":"<p>Le Porte Gourde pour fauteuil roulant \u00e9lectrique se fixe sur l\u2019accoudoir pour accueillir gourdes, canettes ou verres. Dot\u00e9 de crochets lat\u00e9raux pour petits objets, il est compatible avec les fauteuil de marque Permobil, Invacare et Quickie. Disponible en plusieurs couleurs, il combine praticit\u00e9 et style pour faciliter votre quotidien.<\/p>\n","protected":false},"featured_media":2964,"comment_status":"open","ping_status":"closed","template":"","meta":{"jetpack_publicize_message":"","jetpack_publicize_feature_enabled":true,"jetpack_social_post_already_shared":true,"jetpack_social_options":{"image_generator_settings":{"template":"highway","default_image_id":0,"font":"","enabled":false},"version":2}},"product_brand":[],"product_cat":[18],"product_tag":[138],"class_list":{"0":"post-1110","1":"product","2":"type-product","3":"status-publish","4":"has-post-thumbnail","6":"product_cat-accessoires-pour-fauteuils-roulants-electriques","7":"product_tag-porte-gourde","8":"product_shipping_class-colissimo","11":"first","12":"instock","13":"sale","14":"taxable","15":"shipping-taxable","16":"purchasable","17":"product-type-variable","18":"has-default-attributes"},"yoast_head":"<!-- This site is optimized with the Yoast SEO plugin v27.0 - https:\/\/yoast.com\/product\/yoast-seo-wordpress\/ -->\n<title>Porte Gourde pour Fauteuil Roulant \u00c9lectrique - RAVENFOX<\/title>\n<meta name=\"description\" content=\"Porte Gourde pour fauteuil roulant : pratique, fixable sur accoudoir, compatible Permobil, Invacare &amp; Quickie.\" \/>\n<meta name=\"robots\" content=\"index, follow, max-snippet:-1, max-image-preview:large, max-video-preview:-1\" \/>\n<link rel=\"canonical\" href=\"https:\/\/ravenfox.xyz\/de\/produit\/porte-gourde-pour-fauteuil-roulant-electrique\/\" \/>\n<meta property=\"og:locale\" content=\"de_DE\" \/>\n<meta property=\"og:type\" content=\"article\" \/>\n<meta property=\"og:title\" content=\"Porte Gourde pour Fauteuil Roulant \u00c9lectrique - RAVENFOX\" \/>\n<meta property=\"og:description\" content=\"Porte Gourde pour fauteuil roulant : pratique, fixable sur accoudoir, compatible Permobil, Invacare &amp; Quickie.\" \/>\n<meta property=\"og:url\" content=\"https:\/\/ravenfox.xyz\/de\/produit\/porte-gourde-pour-fauteuil-roulant-electrique\/\" \/>\n<meta property=\"og:site_name\" content=\"RAVENFOX\" \/>\n<meta property=\"article:publisher\" content=\"https:\/\/www.facebook.com\/ravenfox.xyz\" \/>\n<meta property=\"article:modified_time\" content=\"2025-09-05T16:20:13+00:00\" \/>\n<meta property=\"og:image\" content=\"https:\/\/ravenfox.xyz\/wp-content\/uploads\/2025\/09\/Porte-gourde-RavenFox-Permobil.png\" \/>\n\t<meta property=\"og:image:width\" content=\"1020\" \/>\n\t<meta property=\"og:image:height\" content=\"1020\" \/>\n\t<meta property=\"og:image:type\" content=\"image\/png\" \/>\n<meta name=\"twitter:card\" content=\"summary_large_image\" \/>\n<meta name=\"twitter:site\" content=\"@ravenfox_xyz\" \/>\n<meta name=\"twitter:label1\" content=\"Gesch\u00e4tzte Lesezeit\" \/>\n\t<meta name=\"twitter:data1\" content=\"2\u00a0Minuten\" \/>\n<script type=\"application\/ld+json\" class=\"yoast-schema-graph\">{\"@context\":\"https:\/\/schema.org\",\"@graph\":[{\"@type\":\"WebPage\",\"@id\":\"https:\/\/ravenfox.xyz\/de\/produit\/porte-gourde-pour-fauteuil-roulant-electrique\/\",\"url\":\"https:\/\/ravenfox.xyz\/de\/produit\/porte-gourde-pour-fauteuil-roulant-electrique\/\",\"name\":\"Porte Gourde pour Fauteuil Roulant \u00c9lectrique - RAVENFOX\",\"isPartOf\":{\"@id\":\"https:\/\/ravenfox.xyz\/de\/#website\"},\"primaryImageOfPage\":{\"@id\":\"https:\/\/ravenfox.xyz\/de\/produit\/porte-gourde-pour-fauteuil-roulant-electrique\/#primaryimage\"},\"image\":{\"@id\":\"https:\/\/ravenfox.xyz\/de\/produit\/porte-gourde-pour-fauteuil-roulant-electrique\/#primaryimage\"},\"thumbnailUrl\":\"https:\/\/i0.wp.com\/ravenfox.xyz\/wp-content\/uploads\/2025\/09\/Porte-gourde-RavenFox-Permobil.png?fit=1020%2C1020&ssl=1\",\"datePublished\":\"2024-12-02T01:06:57+00:00\",\"dateModified\":\"2025-09-05T16:20:13+00:00\",\"description\":\"Porte Gourde pour fauteuil roulant : pratique, fixable sur accoudoir, compatible Permobil, Invacare & Quickie.\",\"breadcrumb\":{\"@id\":\"https:\/\/ravenfox.xyz\/de\/produit\/porte-gourde-pour-fauteuil-roulant-electrique\/#breadcrumb\"},\"inLanguage\":\"de\",\"potentialAction\":[{\"@type\":\"ReadAction\",\"target\":[\"https:\/\/ravenfox.xyz\/de\/produit\/porte-gourde-pour-fauteuil-roulant-electrique\/\"]}]},{\"@type\":\"ImageObject\",\"inLanguage\":\"de\",\"@id\":\"https:\/\/ravenfox.xyz\/de\/produit\/porte-gourde-pour-fauteuil-roulant-electrique\/#primaryimage\",\"url\":\"https:\/\/i0.wp.com\/ravenfox.xyz\/wp-content\/uploads\/2025\/09\/Porte-gourde-RavenFox-Permobil.png?fit=1020%2C1020&ssl=1\",\"contentUrl\":\"https:\/\/i0.wp.com\/ravenfox.xyz\/wp-content\/uploads\/2025\/09\/Porte-gourde-RavenFox-Permobil.png?fit=1020%2C1020&ssl=1\",\"width\":1020,\"height\":1020},{\"@type\":\"BreadcrumbList\",\"@id\":\"https:\/\/ravenfox.xyz\/de\/produit\/porte-gourde-pour-fauteuil-roulant-electrique\/#breadcrumb\",\"itemListElement\":[{\"@type\":\"ListItem\",\"position\":1,\"name\":\"Accueil\",\"item\":\"https:\/\/ravenfox.xyz\/de\/\"},{\"@type\":\"ListItem\",\"position\":2,\"name\":\"Online-Shop\",\"item\":\"https:\/\/ravenfox.xyz\/boutique\/\"},{\"@type\":\"ListItem\",\"position\":3,\"name\":\"Porte Gourde pour Fauteuil Roulant \u00c9lectrique\"}]},{\"@type\":\"WebSite\",\"@id\":\"https:\/\/ravenfox.xyz\/de\/#website\",\"url\":\"https:\/\/ravenfox.xyz\/de\/\",\"name\":\"RAVENFOX\",\"description\":\"Accessoires pour fauteuils roulants \u00e9lectriques\",\"publisher\":{\"@id\":\"https:\/\/ravenfox.xyz\/de\/#organization\"},\"potentialAction\":[{\"@type\":\"SearchAction\",\"target\":{\"@type\":\"EntryPoint\",\"urlTemplate\":\"https:\/\/ravenfox.xyz\/de\/?s={search_term_string}\"},\"query-input\":{\"@type\":\"PropertyValueSpecification\",\"valueRequired\":true,\"valueName\":\"search_term_string\"}}],\"inLanguage\":\"de\"},{\"@type\":\"Organization\",\"@id\":\"https:\/\/ravenfox.xyz\/de\/#organization\",\"name\":\"RAVENFOX\",\"url\":\"https:\/\/ravenfox.xyz\/de\/\",\"logo\":{\"@type\":\"ImageObject\",\"inLanguage\":\"de\",\"@id\":\"https:\/\/ravenfox.xyz\/de\/#\/schema\/logo\/image\/\",\"url\":\"https:\/\/ravenfox.xyz\/wp-content\/uploads\/2023\/12\/Logo-Header-Black.png\",\"contentUrl\":\"https:\/\/ravenfox.xyz\/wp-content\/uploads\/2023\/12\/Logo-Header-Black.png\",\"width\":566,\"height\":115,\"caption\":\"RAVENFOX\"},\"image\":{\"@id\":\"https:\/\/ravenfox.xyz\/de\/#\/schema\/logo\/image\/\"},\"sameAs\":[\"https:\/\/www.facebook.com\/ravenfox.xyz\",\"https:\/\/x.com\/ravenfox_xyz\",\"https:\/\/www.instagram.com\/ravenfox.xyz\/\",\"https:\/\/www.youtube.com\/@ravenfox_xyz\"]}]}<\/script>\n<!-- \/ Yoast SEO plugin. -->","yoast_head_json":{"title":"Porte Gourde pour Fauteuil Roulant \u00c9lectrique - RAVENFOX","description":"Porte Gourde pour fauteuil roulant : pratique, fixable sur accoudoir, compatible Permobil, Invacare & Quickie.","robots":{"index":"index","follow":"follow","max-snippet":"max-snippet:-1","max-image-preview":"max-image-preview:large","max-video-preview":"max-video-preview:-1"},"canonical":"https:\/\/ravenfox.xyz\/de\/produit\/porte-gourde-pour-fauteuil-roulant-electrique\/","og_locale":"de_DE","og_type":"article","og_title":"Porte Gourde pour Fauteuil Roulant \u00c9lectrique - RAVENFOX","og_description":"Porte Gourde pour fauteuil roulant : pratique, fixable sur accoudoir, compatible Permobil, Invacare & Quickie.","og_url":"https:\/\/ravenfox.xyz\/de\/produit\/porte-gourde-pour-fauteuil-roulant-electrique\/","og_site_name":"RAVENFOX","article_publisher":"https:\/\/www.facebook.com\/ravenfox.xyz","article_modified_time":"2025-09-05T16:20:13+00:00","og_image":[{"width":1020,"height":1020,"url":"https:\/\/ravenfox.xyz\/wp-content\/uploads\/2025\/09\/Porte-gourde-RavenFox-Permobil.png","type":"image\/png"}],"twitter_card":"summary_large_image","twitter_site":"@ravenfox_xyz","twitter_misc":{"Gesch\u00e4tzte Lesezeit":"2\u00a0Minuten"},"schema":{"@context":"https:\/\/schema.org","@graph":[{"@type":"WebPage","@id":"https:\/\/ravenfox.xyz\/de\/produit\/porte-gourde-pour-fauteuil-roulant-electrique\/","url":"https:\/\/ravenfox.xyz\/de\/produit\/porte-gourde-pour-fauteuil-roulant-electrique\/","name":"Porte Gourde pour Fauteuil Roulant \u00c9lectrique - RAVENFOX","isPartOf":{"@id":"https:\/\/ravenfox.xyz\/de\/#website"},"primaryImageOfPage":{"@id":"https:\/\/ravenfox.xyz\/de\/produit\/porte-gourde-pour-fauteuil-roulant-electrique\/#primaryimage"},"image":{"@id":"https:\/\/ravenfox.xyz\/de\/produit\/porte-gourde-pour-fauteuil-roulant-electrique\/#primaryimage"},"thumbnailUrl":"https:\/\/i0.wp.com\/ravenfox.xyz\/wp-content\/uploads\/2025\/09\/Porte-gourde-RavenFox-Permobil.png?fit=1020%2C1020&ssl=1","datePublished":"2024-12-02T01:06:57+00:00","dateModified":"2025-09-05T16:20:13+00:00","description":"Porte Gourde pour fauteuil roulant : pratique, fixable sur accoudoir, compatible Permobil, Invacare & Quickie.","breadcrumb":{"@id":"https:\/\/ravenfox.xyz\/de\/produit\/porte-gourde-pour-fauteuil-roulant-electrique\/#breadcrumb"},"inLanguage":"de","potentialAction":[{"@type":"ReadAction","target":["https:\/\/ravenfox.xyz\/de\/produit\/porte-gourde-pour-fauteuil-roulant-electrique\/"]}]},{"@type":"ImageObject","inLanguage":"de","@id":"https:\/\/ravenfox.xyz\/de\/produit\/porte-gourde-pour-fauteuil-roulant-electrique\/#primaryimage","url":"https:\/\/i0.wp.com\/ravenfox.xyz\/wp-content\/uploads\/2025\/09\/Porte-gourde-RavenFox-Permobil.png?fit=1020%2C1020&ssl=1","contentUrl":"https:\/\/i0.wp.com\/ravenfox.xyz\/wp-content\/uploads\/2025\/09\/Porte-gourde-RavenFox-Permobil.png?fit=1020%2C1020&ssl=1","width":1020,"height":1020},{"@type":"BreadcrumbList","@id":"https:\/\/ravenfox.xyz\/de\/produit\/porte-gourde-pour-fauteuil-roulant-electrique\/#breadcrumb","itemListElement":[{"@type":"ListItem","position":1,"name":"Accueil","item":"https:\/\/ravenfox.xyz\/de\/"},{"@type":"ListItem","position":2,"name":"Online-Shop","item":"https:\/\/ravenfox.xyz\/boutique\/"},{"@type":"ListItem","position":3,"name":"Porte Gourde pour Fauteuil Roulant \u00c9lectrique"}]},{"@type":"WebSite","@id":"https:\/\/ravenfox.xyz\/de\/#website","url":"https:\/\/ravenfox.xyz\/de\/","name":"RAVENFOX","description":"Accessoires pour fauteuils roulants \u00e9lectriques","publisher":{"@id":"https:\/\/ravenfox.xyz\/de\/#organization"},"potentialAction":[{"@type":"SearchAction","target":{"@type":"EntryPoint","urlTemplate":"https:\/\/ravenfox.xyz\/de\/?s={search_term_string}"},"query-input":{"@type":"PropertyValueSpecification","valueRequired":true,"valueName":"search_term_string"}}],"inLanguage":"de"},{"@type":"Organization","@id":"https:\/\/ravenfox.xyz\/de\/#organization","name":"RAVENFOX","url":"https:\/\/ravenfox.xyz\/de\/","logo":{"@type":"ImageObject","inLanguage":"de","@id":"https:\/\/ravenfox.xyz\/de\/#\/schema\/logo\/image\/","url":"https:\/\/ravenfox.xyz\/wp-content\/uploads\/2023\/12\/Logo-Header-Black.png","contentUrl":"https:\/\/ravenfox.xyz\/wp-content\/uploads\/2023\/12\/Logo-Header-Black.png","width":566,"height":115,"caption":"RAVENFOX"},"image":{"@id":"https:\/\/ravenfox.xyz\/de\/#\/schema\/logo\/image\/"},"sameAs":["https:\/\/www.facebook.com\/ravenfox.xyz","https:\/\/x.com\/ravenfox_xyz","https:\/\/www.instagram.com\/ravenfox.xyz\/","https:\/\/www.youtube.com\/@ravenfox_xyz"]}]}},"jetpack_publicize_connections":[],"jetpack_sharing_enabled":true,"_links":{"self":[{"href":"https:\/\/ravenfox.xyz\/de\/wp-json\/wp\/v2\/product\/1110","targetHints":{"allow":["GET"]}}],"collection":[{"href":"https:\/\/ravenfox.xyz\/de\/wp-json\/wp\/v2\/product"}],"about":[{"href":"https:\/\/ravenfox.xyz\/de\/wp-json\/wp\/v2\/types\/product"}],"replies":[{"embeddable":true,"href":"https:\/\/ravenfox.xyz\/de\/wp-json\/wp\/v2\/comments?post=1110"}],"wp:featuredmedia":[{"embeddable":true,"href":"https:\/\/ravenfox.xyz\/de\/wp-json\/wp\/v2\/media\/2964"}],"wp:attachment":[{"href":"https:\/\/ravenfox.xyz\/de\/wp-json\/wp\/v2\/media?parent=1110"}],"wp:term":[{"taxonomy":"product_brand","embeddable":true,"href":"https:\/\/ravenfox.xyz\/de\/wp-json\/wp\/v2\/product_brand?post=1110"},{"taxonomy":"product_cat","embeddable":true,"href":"https:\/\/ravenfox.xyz\/de\/wp-json\/wp\/v2\/product_cat?post=1110"},{"taxonomy":"product_tag","embeddable":true,"href":"https:\/\/ravenfox.xyz\/de\/wp-json\/wp\/v2\/product_tag?post=1110"}],"curies":[{"name":"wp","href":"https:\/\/api.w.org\/{rel}","templated":true}]}}