{"id":2066,"date":"2024-12-25T02:54:10","date_gmt":"2024-12-25T01:54:10","guid":{"rendered":"https:\/\/ravenfox.xyz\/produit\/casquette-de-baseball-ravenfox\/"},"modified":"2025-02-26T14:14:41","modified_gmt":"2025-02-26T13:14:41","slug":"casquette-de-baseball-ravenfox","status":"publish","type":"product","link":"https:\/\/ravenfox.xyz\/de\/produit\/casquette-de-baseball-ravenfox\/","title":{"rendered":"Casquette de baseball RavenFox"},"content":{"rendered":"<p>Cette casquette de baseball RavenFox poss\u00e8de notre belle chim\u00e8re brod\u00e9e \u00e0 l&#8217;avant. Celle-ci a un profil bas avec une languette d\u2019ajustement et une visi\u00e8re courb\u00e9e.<\/p>\n<p>\u2022 100 % chino en serg\u00e9 de coton<br \/>\n\u2022 Non structur\u00e9e, 6 pans, profil bas<br \/>\n\u2022 6 oeillets brod\u00e9s<br \/>\n\u2022 Couronne de 7,6 cm<br \/>\n\u2022 Languette d\u2019ajustement avec boucle antique<\/p>\n<p>Age restrictions: Pour les adultes<br \/>\nEU Warranty: 2\u00a0ans<br \/>\nOther compliance information: R\u00e9pond aux exigences en mati\u00e8re de teneur en plomb, bisph\u00e9nols et phtalates.<\/p>\n<p>In compliance with the General Product Safety Regulation (GPSR), <b>RavenFox<\/b> ensures that all consumer products offered are safe and meet EU standards. For any product safety related inquiries or concerns, please contact us at <b>bro@ravenfox.xyz<\/b> or write to us <b>126 rue d&#8217;Al\u00e9sia, 75014 Paris, France.<b \/><\/p>\n","protected":false},"excerpt":{"rendered":"<p>Cette casquette de baseball RavenFox poss\u00e8de notre belle chim\u00e8re brod\u00e9e \u00e0 l&#8217;avant. Celle-ci a un profil bas avec une languette d\u2019ajustement et une visi\u00e8re courb\u00e9e. \u2022 100 % chino en serg\u00e9 de coton \u2022 Non structur\u00e9e, 6 pans, profil bas \u2022 6 oeillets brod\u00e9s \u2022 Couronne de 7,6 cm \u2022 Languette d\u2019ajustement avec boucle antique Age restrictions: Pour les adultes &#8230;<\/p>\n","protected":false},"featured_media":2074,"comment_status":"open","ping_status":"closed","template":"","meta":{"jetpack_publicize_message":"","jetpack_publicize_feature_enabled":true,"jetpack_social_post_already_shared":true,"jetpack_social_options":{"image_generator_settings":{"template":"highway","default_image_id":0,"font":"","enabled":false},"version":2}},"product_brand":[],"product_cat":[107,81],"product_tag":[],"class_list":{"0":"post-2066","1":"product","2":"type-product","3":"status-publish","4":"has-post-thumbnail","6":"product_cat-casquettes","7":"product_cat-merchandising","10":"first","11":"instock","12":"taxable","13":"shipping-taxable","14":"purchasable","15":"product-type-variable"},"yoast_head":"<!-- This site is optimized with the Yoast SEO plugin v27.0 - https:\/\/yoast.com\/product\/yoast-seo-wordpress\/ -->\n<title>Casquette de baseball RavenFox - RAVENFOX<\/title>\n<meta name=\"robots\" content=\"index, follow, max-snippet:-1, max-image-preview:large, max-video-preview:-1\" \/>\n<link rel=\"canonical\" href=\"https:\/\/ravenfox.xyz\/de\/produit\/casquette-de-baseball-ravenfox\/\" \/>\n<meta property=\"og:locale\" content=\"de_DE\" \/>\n<meta property=\"og:type\" content=\"article\" \/>\n<meta property=\"og:title\" content=\"Casquette de baseball RavenFox - RAVENFOX\" \/>\n<meta property=\"og:description\" content=\"Cette casquette de baseball RavenFox poss\u00e8de notre belle chim\u00e8re brod\u00e9e \u00e0 l&#8217;avant. Celle-ci a un profil bas avec une languette d\u2019ajustement et une visi\u00e8re courb\u00e9e. \u2022 100 % chino en serg\u00e9 de coton \u2022 Non structur\u00e9e, 6 pans, profil bas \u2022 6 oeillets brod\u00e9s \u2022 Couronne de 7,6 cm \u2022 Languette d\u2019ajustement avec boucle antique Age restrictions: Pour les adultes ...\" \/>\n<meta property=\"og:url\" content=\"https:\/\/ravenfox.xyz\/de\/produit\/casquette-de-baseball-ravenfox\/\" \/>\n<meta property=\"og:site_name\" content=\"RAVENFOX\" \/>\n<meta property=\"article:publisher\" content=\"https:\/\/www.facebook.com\/ravenfox.xyz\" \/>\n<meta property=\"article:modified_time\" content=\"2025-02-26T13:14:41+00:00\" \/>\n<meta property=\"og:image\" content=\"https:\/\/i0.wp.com\/ravenfox.xyz\/wp-content\/uploads\/2024\/12\/classic-dad-hat-black-left-front-676b65b4c6930.jpg?fit=2000%2C2000&ssl=1\" \/>\n\t<meta property=\"og:image:width\" content=\"2000\" \/>\n\t<meta property=\"og:image:height\" content=\"2000\" \/>\n\t<meta property=\"og:image:type\" content=\"image\/jpeg\" \/>\n<meta name=\"twitter:card\" content=\"summary_large_image\" \/>\n<meta name=\"twitter:site\" content=\"@ravenfox_xyz\" \/>\n<meta name=\"twitter:label1\" content=\"Gesch\u00e4tzte Lesezeit\" \/>\n\t<meta name=\"twitter:data1\" content=\"1\u00a0Minute\" \/>\n<script type=\"application\/ld+json\" class=\"yoast-schema-graph\">{\"@context\":\"https:\/\/schema.org\",\"@graph\":[{\"@type\":\"WebPage\",\"@id\":\"https:\/\/ravenfox.xyz\/de\/produit\/casquette-de-baseball-ravenfox\/\",\"url\":\"https:\/\/ravenfox.xyz\/de\/produit\/casquette-de-baseball-ravenfox\/\",\"name\":\"Casquette de baseball RavenFox - RAVENFOX\",\"isPartOf\":{\"@id\":\"https:\/\/ravenfox.xyz\/de\/#website\"},\"primaryImageOfPage\":{\"@id\":\"https:\/\/ravenfox.xyz\/de\/produit\/casquette-de-baseball-ravenfox\/#primaryimage\"},\"image\":{\"@id\":\"https:\/\/ravenfox.xyz\/de\/produit\/casquette-de-baseball-ravenfox\/#primaryimage\"},\"thumbnailUrl\":\"https:\/\/i0.wp.com\/ravenfox.xyz\/wp-content\/uploads\/2024\/12\/classic-dad-hat-black-left-front-676b65b4c6930.jpg?fit=2000%2C2000&ssl=1\",\"datePublished\":\"2024-12-25T01:54:10+00:00\",\"dateModified\":\"2025-02-26T13:14:41+00:00\",\"breadcrumb\":{\"@id\":\"https:\/\/ravenfox.xyz\/de\/produit\/casquette-de-baseball-ravenfox\/#breadcrumb\"},\"inLanguage\":\"de\",\"potentialAction\":[{\"@type\":\"ReadAction\",\"target\":[\"https:\/\/ravenfox.xyz\/de\/produit\/casquette-de-baseball-ravenfox\/\"]}]},{\"@type\":\"ImageObject\",\"inLanguage\":\"de\",\"@id\":\"https:\/\/ravenfox.xyz\/de\/produit\/casquette-de-baseball-ravenfox\/#primaryimage\",\"url\":\"https:\/\/i0.wp.com\/ravenfox.xyz\/wp-content\/uploads\/2024\/12\/classic-dad-hat-black-left-front-676b65b4c6930.jpg?fit=2000%2C2000&ssl=1\",\"contentUrl\":\"https:\/\/i0.wp.com\/ravenfox.xyz\/wp-content\/uploads\/2024\/12\/classic-dad-hat-black-left-front-676b65b4c6930.jpg?fit=2000%2C2000&ssl=1\",\"width\":2000,\"height\":2000},{\"@type\":\"BreadcrumbList\",\"@id\":\"https:\/\/ravenfox.xyz\/de\/produit\/casquette-de-baseball-ravenfox\/#breadcrumb\",\"itemListElement\":[{\"@type\":\"ListItem\",\"position\":1,\"name\":\"Accueil\",\"item\":\"https:\/\/ravenfox.xyz\/de\/\"},{\"@type\":\"ListItem\",\"position\":2,\"name\":\"Online-Shop\",\"item\":\"https:\/\/ravenfox.xyz\/boutique\/\"},{\"@type\":\"ListItem\",\"position\":3,\"name\":\"Casquette de baseball RavenFox\"}]},{\"@type\":\"WebSite\",\"@id\":\"https:\/\/ravenfox.xyz\/de\/#website\",\"url\":\"https:\/\/ravenfox.xyz\/de\/\",\"name\":\"RAVENFOX\",\"description\":\"Accessoires pour fauteuils roulants \u00e9lectriques\",\"publisher\":{\"@id\":\"https:\/\/ravenfox.xyz\/de\/#organization\"},\"potentialAction\":[{\"@type\":\"SearchAction\",\"target\":{\"@type\":\"EntryPoint\",\"urlTemplate\":\"https:\/\/ravenfox.xyz\/de\/?s={search_term_string}\"},\"query-input\":{\"@type\":\"PropertyValueSpecification\",\"valueRequired\":true,\"valueName\":\"search_term_string\"}}],\"inLanguage\":\"de\"},{\"@type\":\"Organization\",\"@id\":\"https:\/\/ravenfox.xyz\/de\/#organization\",\"name\":\"RAVENFOX\",\"url\":\"https:\/\/ravenfox.xyz\/de\/\",\"logo\":{\"@type\":\"ImageObject\",\"inLanguage\":\"de\",\"@id\":\"https:\/\/ravenfox.xyz\/de\/#\/schema\/logo\/image\/\",\"url\":\"https:\/\/ravenfox.xyz\/wp-content\/uploads\/2023\/12\/Logo-Header-Black.png\",\"contentUrl\":\"https:\/\/ravenfox.xyz\/wp-content\/uploads\/2023\/12\/Logo-Header-Black.png\",\"width\":566,\"height\":115,\"caption\":\"RAVENFOX\"},\"image\":{\"@id\":\"https:\/\/ravenfox.xyz\/de\/#\/schema\/logo\/image\/\"},\"sameAs\":[\"https:\/\/www.facebook.com\/ravenfox.xyz\",\"https:\/\/x.com\/ravenfox_xyz\",\"https:\/\/www.instagram.com\/ravenfox.xyz\/\",\"https:\/\/www.youtube.com\/@ravenfox_xyz\"]}]}<\/script>\n<!-- \/ Yoast SEO plugin. -->","yoast_head_json":{"title":"Casquette de baseball RavenFox - RAVENFOX","robots":{"index":"index","follow":"follow","max-snippet":"max-snippet:-1","max-image-preview":"max-image-preview:large","max-video-preview":"max-video-preview:-1"},"canonical":"https:\/\/ravenfox.xyz\/de\/produit\/casquette-de-baseball-ravenfox\/","og_locale":"de_DE","og_type":"article","og_title":"Casquette de baseball RavenFox - RAVENFOX","og_description":"Cette casquette de baseball RavenFox poss\u00e8de notre belle chim\u00e8re brod\u00e9e \u00e0 l&#8217;avant. Celle-ci a un profil bas avec une languette d\u2019ajustement et une visi\u00e8re courb\u00e9e. \u2022 100 % chino en serg\u00e9 de coton \u2022 Non structur\u00e9e, 6 pans, profil bas \u2022 6 oeillets brod\u00e9s \u2022 Couronne de 7,6 cm \u2022 Languette d\u2019ajustement avec boucle antique Age restrictions: Pour les adultes ...","og_url":"https:\/\/ravenfox.xyz\/de\/produit\/casquette-de-baseball-ravenfox\/","og_site_name":"RAVENFOX","article_publisher":"https:\/\/www.facebook.com\/ravenfox.xyz","article_modified_time":"2025-02-26T13:14:41+00:00","og_image":[{"width":2000,"height":2000,"url":"https:\/\/i0.wp.com\/ravenfox.xyz\/wp-content\/uploads\/2024\/12\/classic-dad-hat-black-left-front-676b65b4c6930.jpg?fit=2000%2C2000&ssl=1","type":"image\/jpeg"}],"twitter_card":"summary_large_image","twitter_site":"@ravenfox_xyz","twitter_misc":{"Gesch\u00e4tzte Lesezeit":"1\u00a0Minute"},"schema":{"@context":"https:\/\/schema.org","@graph":[{"@type":"WebPage","@id":"https:\/\/ravenfox.xyz\/de\/produit\/casquette-de-baseball-ravenfox\/","url":"https:\/\/ravenfox.xyz\/de\/produit\/casquette-de-baseball-ravenfox\/","name":"Casquette de baseball RavenFox - RAVENFOX","isPartOf":{"@id":"https:\/\/ravenfox.xyz\/de\/#website"},"primaryImageOfPage":{"@id":"https:\/\/ravenfox.xyz\/de\/produit\/casquette-de-baseball-ravenfox\/#primaryimage"},"image":{"@id":"https:\/\/ravenfox.xyz\/de\/produit\/casquette-de-baseball-ravenfox\/#primaryimage"},"thumbnailUrl":"https:\/\/i0.wp.com\/ravenfox.xyz\/wp-content\/uploads\/2024\/12\/classic-dad-hat-black-left-front-676b65b4c6930.jpg?fit=2000%2C2000&ssl=1","datePublished":"2024-12-25T01:54:10+00:00","dateModified":"2025-02-26T13:14:41+00:00","breadcrumb":{"@id":"https:\/\/ravenfox.xyz\/de\/produit\/casquette-de-baseball-ravenfox\/#breadcrumb"},"inLanguage":"de","potentialAction":[{"@type":"ReadAction","target":["https:\/\/ravenfox.xyz\/de\/produit\/casquette-de-baseball-ravenfox\/"]}]},{"@type":"ImageObject","inLanguage":"de","@id":"https:\/\/ravenfox.xyz\/de\/produit\/casquette-de-baseball-ravenfox\/#primaryimage","url":"https:\/\/i0.wp.com\/ravenfox.xyz\/wp-content\/uploads\/2024\/12\/classic-dad-hat-black-left-front-676b65b4c6930.jpg?fit=2000%2C2000&ssl=1","contentUrl":"https:\/\/i0.wp.com\/ravenfox.xyz\/wp-content\/uploads\/2024\/12\/classic-dad-hat-black-left-front-676b65b4c6930.jpg?fit=2000%2C2000&ssl=1","width":2000,"height":2000},{"@type":"BreadcrumbList","@id":"https:\/\/ravenfox.xyz\/de\/produit\/casquette-de-baseball-ravenfox\/#breadcrumb","itemListElement":[{"@type":"ListItem","position":1,"name":"Accueil","item":"https:\/\/ravenfox.xyz\/de\/"},{"@type":"ListItem","position":2,"name":"Online-Shop","item":"https:\/\/ravenfox.xyz\/boutique\/"},{"@type":"ListItem","position":3,"name":"Casquette de baseball RavenFox"}]},{"@type":"WebSite","@id":"https:\/\/ravenfox.xyz\/de\/#website","url":"https:\/\/ravenfox.xyz\/de\/","name":"RAVENFOX","description":"Accessoires pour fauteuils roulants \u00e9lectriques","publisher":{"@id":"https:\/\/ravenfox.xyz\/de\/#organization"},"potentialAction":[{"@type":"SearchAction","target":{"@type":"EntryPoint","urlTemplate":"https:\/\/ravenfox.xyz\/de\/?s={search_term_string}"},"query-input":{"@type":"PropertyValueSpecification","valueRequired":true,"valueName":"search_term_string"}}],"inLanguage":"de"},{"@type":"Organization","@id":"https:\/\/ravenfox.xyz\/de\/#organization","name":"RAVENFOX","url":"https:\/\/ravenfox.xyz\/de\/","logo":{"@type":"ImageObject","inLanguage":"de","@id":"https:\/\/ravenfox.xyz\/de\/#\/schema\/logo\/image\/","url":"https:\/\/ravenfox.xyz\/wp-content\/uploads\/2023\/12\/Logo-Header-Black.png","contentUrl":"https:\/\/ravenfox.xyz\/wp-content\/uploads\/2023\/12\/Logo-Header-Black.png","width":566,"height":115,"caption":"RAVENFOX"},"image":{"@id":"https:\/\/ravenfox.xyz\/de\/#\/schema\/logo\/image\/"},"sameAs":["https:\/\/www.facebook.com\/ravenfox.xyz","https:\/\/x.com\/ravenfox_xyz","https:\/\/www.instagram.com\/ravenfox.xyz\/","https:\/\/www.youtube.com\/@ravenfox_xyz"]}]}},"jetpack_publicize_connections":[],"jetpack_sharing_enabled":true,"_links":{"self":[{"href":"https:\/\/ravenfox.xyz\/de\/wp-json\/wp\/v2\/product\/2066","targetHints":{"allow":["GET"]}}],"collection":[{"href":"https:\/\/ravenfox.xyz\/de\/wp-json\/wp\/v2\/product"}],"about":[{"href":"https:\/\/ravenfox.xyz\/de\/wp-json\/wp\/v2\/types\/product"}],"replies":[{"embeddable":true,"href":"https:\/\/ravenfox.xyz\/de\/wp-json\/wp\/v2\/comments?post=2066"}],"wp:featuredmedia":[{"embeddable":true,"href":"https:\/\/ravenfox.xyz\/de\/wp-json\/wp\/v2\/media\/2074"}],"wp:attachment":[{"href":"https:\/\/ravenfox.xyz\/de\/wp-json\/wp\/v2\/media?parent=2066"}],"wp:term":[{"taxonomy":"product_brand","embeddable":true,"href":"https:\/\/ravenfox.xyz\/de\/wp-json\/wp\/v2\/product_brand?post=2066"},{"taxonomy":"product_cat","embeddable":true,"href":"https:\/\/ravenfox.xyz\/de\/wp-json\/wp\/v2\/product_cat?post=2066"},{"taxonomy":"product_tag","embeddable":true,"href":"https:\/\/ravenfox.xyz\/de\/wp-json\/wp\/v2\/product_tag?post=2066"}],"curies":[{"name":"wp","href":"https:\/\/api.w.org\/{rel}","templated":true}]}}