{"id":2114,"date":"2024-12-25T15:32:34","date_gmt":"2024-12-25T14:32:34","guid":{"rendered":"https:\/\/ravenfox.xyz\/produit\/casquette-make-wheelchair-great-again\/"},"modified":"2025-02-26T14:14:41","modified_gmt":"2025-02-26T13:14:41","slug":"casquette-make-wheelchair-great-again","status":"publish","type":"product","link":"https:\/\/ravenfox.xyz\/de\/produit\/casquette-make-wheelchair-great-again\/","title":{"rendered":"Casquette Make Wheelchair Great Again"},"content":{"rendered":"<p>Cette casquette MAKE WHEELCHAIR GREAT AGAIN\u00a0<em>(Rendre au fauteuil roulant sa grandeur)<\/em>\u00a0repr\u00e9sente la quintessence du projet de RavenFox.<\/p>\n<p>Inspir\u00e9 du slogan Make America Great Again du pr\u00e9sident Donald Trump, nous l&#8217;avons cr\u00e9\u00e9 car nous pensons que les fabricants peuvent faire plus et mieux sans pour autant augmenter drastiquement leurs prix.<\/p>\n<p>Elle ravira tous ceux qui pensent encore que le Storm X d&#8217;Invacare \u00e9tait le meilleur fauteuil roulant \u00e9lectrique du monde et que les joysticks \u00e9taient plus solides lorsque leurs bo\u00eetiers \u00e9taient en m\u00e9tal ! (RIP : REM 24 SD)<\/p>\n<p>Bien \u00e9videmment, elle conviendra aussi \u00e0 tous les utilisateurs de fauteuils roulants manuels qui sont du m\u00eame avis que nous vis-\u00e0-vis de leur monture.<\/p>\n<p>Disponible en deux tailles, avec une bande \u00e9lastique, cette casquette Make Wheelchair Great Again\u00a0est une valeur s\u00fbre en mati\u00e8re de confort ! Elle a une forme athl\u00e9tique, avec une visi\u00e8re incurv\u00e9e.<\/p>\n<p><b>S\/M : Tour de t\u00eate entre 54 et 57,8 cm<br \/>\n<\/b><b>L\/XL : Tour de t\u00eate entre 58,6 et 60,6 cm<\/b><\/p>\n<p>\u2022 Serg\u00e9 63\u00a0% polyester \/ 34\u00a0% coton \/3 % \u00e9lasthanne<br \/>\n\u2022 Structur\u00e9e, 6 panneaux, profil interm\u00e9diaire<br \/>\n\u2022 Bande \u00e9lastique<br \/>\n\u2022 Sous-visi\u00e8re argent<br \/>\n\u2022 Tour de t\u00eate\u00a0: 22 &#8220; &#8211; 23 \u215e &#8220; (55.9 cm\u201360.6 cm)<br \/>\n\u2022 Make Wheelchair Great Again brod\u00e9 en 3D<br \/>\n\u2022 Logo RavenFox sur le c\u00f4t\u00e9 droit<br \/>\n\u2022 Drapeau Am\u00e9ricano-Fran\u00e7ais sur le c\u00f4t\u00e9 gauche<\/p>\n<p>Age restrictions: Pour les adultes<br \/>\nEU Warranty: 2\u00a0ans<br \/>\nOther compliance information: R\u00e9pond aux exigences relatives aux teneurs en plomb et phtalates.<\/p>\n<p>In compliance with the General Product Safety Regulation (GPSR), <b>RavenFox<\/b> ensures that all consumer products offered are safe and meet EU standards. For any product safety related inquiries or concerns, please contact us at <b>bro@ravenfox.xyz<\/b> or write to us <b>126 rue d&#8217;Al\u00e9sia, 75014 Paris, France.<b><\/b><\/b><\/p>\n","protected":false},"excerpt":{"rendered":"<p>Si vous souhaitez que l&#8217;on rende au fauteuil roulant sa grandeur, alors cette casquette est faite pour vous \ud83e\udef5\ud83c\udffd<\/p>\n","protected":false},"featured_media":2122,"comment_status":"open","ping_status":"closed","template":"","meta":{"jetpack_publicize_message":"Cette casquette MAKE WHEELCHAIR GREAT AGAIN\u00a0(Rendre au fauteuil roulant sa grandeur)\u00a0repr\u00e9sente la quintessence du projet de RavenFox.\r\n\r\nInspir\u00e9 du slogan Make America Great Again du pr\u00e9sident Donald Trump, nous l'avons cr\u00e9\u00e9 car nous pensons que les fabricants peuvent faire plus et mieux sans pour autant augmenter drastiquement leurs prix.","jetpack_publicize_feature_enabled":true,"jetpack_social_post_already_shared":true,"jetpack_social_options":{"image_generator_settings":{"template":"highway","default_image_id":0,"font":"","enabled":false},"version":2}},"product_brand":[],"product_cat":[107,81],"product_tag":[],"class_list":{"0":"post-2114","1":"product","2":"type-product","3":"status-publish","4":"has-post-thumbnail","6":"product_cat-casquettes","7":"product_cat-merchandising","10":"first","11":"instock","12":"taxable","13":"shipping-taxable","14":"purchasable","15":"product-type-variable"},"yoast_head":"<!-- This site is optimized with the Yoast SEO plugin v27.0 - https:\/\/yoast.com\/product\/yoast-seo-wordpress\/ -->\n<title>Casquette Make Wheelchair Great Again - RAVENFOX<\/title>\n<meta name=\"description\" content=\"Cette casquette repr\u00e9sente la quintessence du projet de RavenFox : MAKE WHEELCHAIR GREAT AGAIN !!! (Rendre au fauteuil roulant sa grandeur).\" \/>\n<meta name=\"robots\" content=\"index, follow, max-snippet:-1, max-image-preview:large, max-video-preview:-1\" \/>\n<link rel=\"canonical\" href=\"https:\/\/ravenfox.xyz\/de\/produit\/casquette-make-wheelchair-great-again\/\" \/>\n<meta property=\"og:locale\" content=\"de_DE\" \/>\n<meta property=\"og:type\" content=\"article\" \/>\n<meta property=\"og:title\" content=\"Casquette Make Wheelchair Great Again - RAVENFOX\" \/>\n<meta property=\"og:description\" content=\"Cette casquette repr\u00e9sente la quintessence du projet de RavenFox : MAKE WHEELCHAIR GREAT AGAIN !!! (Rendre au fauteuil roulant sa grandeur).\" \/>\n<meta property=\"og:url\" content=\"https:\/\/ravenfox.xyz\/de\/produit\/casquette-make-wheelchair-great-again\/\" \/>\n<meta property=\"og:site_name\" content=\"RAVENFOX\" \/>\n<meta property=\"article:publisher\" content=\"https:\/\/www.facebook.com\/ravenfox.xyz\" \/>\n<meta property=\"article:modified_time\" content=\"2025-02-26T13:14:41+00:00\" \/>\n<meta property=\"og:image\" content=\"https:\/\/ravenfox.xyz\/wp-content\/uploads\/2024\/12\/closed-back-structured-cap-red-front-676c1766e96d3.jpg\" \/>\n\t<meta property=\"og:image:width\" content=\"2000\" \/>\n\t<meta property=\"og:image:height\" content=\"2000\" \/>\n\t<meta property=\"og:image:type\" content=\"image\/jpeg\" \/>\n<meta name=\"twitter:card\" content=\"summary_large_image\" \/>\n<meta name=\"twitter:site\" content=\"@ravenfox_xyz\" \/>\n<meta name=\"twitter:label1\" content=\"Gesch\u00e4tzte Lesezeit\" \/>\n\t<meta name=\"twitter:data1\" content=\"2\u00a0Minuten\" \/>\n<script type=\"application\/ld+json\" class=\"yoast-schema-graph\">{\"@context\":\"https:\/\/schema.org\",\"@graph\":[{\"@type\":\"WebPage\",\"@id\":\"https:\/\/ravenfox.xyz\/de\/produit\/casquette-make-wheelchair-great-again\/\",\"url\":\"https:\/\/ravenfox.xyz\/de\/produit\/casquette-make-wheelchair-great-again\/\",\"name\":\"Casquette Make Wheelchair Great Again - RAVENFOX\",\"isPartOf\":{\"@id\":\"https:\/\/ravenfox.xyz\/de\/#website\"},\"primaryImageOfPage\":{\"@id\":\"https:\/\/ravenfox.xyz\/de\/produit\/casquette-make-wheelchair-great-again\/#primaryimage\"},\"image\":{\"@id\":\"https:\/\/ravenfox.xyz\/de\/produit\/casquette-make-wheelchair-great-again\/#primaryimage\"},\"thumbnailUrl\":\"https:\/\/i0.wp.com\/ravenfox.xyz\/wp-content\/uploads\/2024\/12\/closed-back-structured-cap-red-front-676c1766e96d3.jpg?fit=2000%2C2000&ssl=1\",\"datePublished\":\"2024-12-25T14:32:34+00:00\",\"dateModified\":\"2025-02-26T13:14:41+00:00\",\"description\":\"Cette casquette repr\u00e9sente la quintessence du projet de RavenFox : MAKE WHEELCHAIR GREAT AGAIN !!! (Rendre au fauteuil roulant sa grandeur).\",\"breadcrumb\":{\"@id\":\"https:\/\/ravenfox.xyz\/de\/produit\/casquette-make-wheelchair-great-again\/#breadcrumb\"},\"inLanguage\":\"de\",\"potentialAction\":[{\"@type\":\"ReadAction\",\"target\":[\"https:\/\/ravenfox.xyz\/de\/produit\/casquette-make-wheelchair-great-again\/\"]}]},{\"@type\":\"ImageObject\",\"inLanguage\":\"de\",\"@id\":\"https:\/\/ravenfox.xyz\/de\/produit\/casquette-make-wheelchair-great-again\/#primaryimage\",\"url\":\"https:\/\/i0.wp.com\/ravenfox.xyz\/wp-content\/uploads\/2024\/12\/closed-back-structured-cap-red-front-676c1766e96d3.jpg?fit=2000%2C2000&ssl=1\",\"contentUrl\":\"https:\/\/i0.wp.com\/ravenfox.xyz\/wp-content\/uploads\/2024\/12\/closed-back-structured-cap-red-front-676c1766e96d3.jpg?fit=2000%2C2000&ssl=1\",\"width\":2000,\"height\":2000},{\"@type\":\"BreadcrumbList\",\"@id\":\"https:\/\/ravenfox.xyz\/de\/produit\/casquette-make-wheelchair-great-again\/#breadcrumb\",\"itemListElement\":[{\"@type\":\"ListItem\",\"position\":1,\"name\":\"Accueil\",\"item\":\"https:\/\/ravenfox.xyz\/de\/\"},{\"@type\":\"ListItem\",\"position\":2,\"name\":\"Online-Shop\",\"item\":\"https:\/\/ravenfox.xyz\/boutique\/\"},{\"@type\":\"ListItem\",\"position\":3,\"name\":\"Casquette Make Wheelchair Great Again\"}]},{\"@type\":\"WebSite\",\"@id\":\"https:\/\/ravenfox.xyz\/de\/#website\",\"url\":\"https:\/\/ravenfox.xyz\/de\/\",\"name\":\"RAVENFOX\",\"description\":\"Accessoires pour fauteuils roulants \u00e9lectriques\",\"publisher\":{\"@id\":\"https:\/\/ravenfox.xyz\/de\/#organization\"},\"potentialAction\":[{\"@type\":\"SearchAction\",\"target\":{\"@type\":\"EntryPoint\",\"urlTemplate\":\"https:\/\/ravenfox.xyz\/de\/?s={search_term_string}\"},\"query-input\":{\"@type\":\"PropertyValueSpecification\",\"valueRequired\":true,\"valueName\":\"search_term_string\"}}],\"inLanguage\":\"de\"},{\"@type\":\"Organization\",\"@id\":\"https:\/\/ravenfox.xyz\/de\/#organization\",\"name\":\"RAVENFOX\",\"url\":\"https:\/\/ravenfox.xyz\/de\/\",\"logo\":{\"@type\":\"ImageObject\",\"inLanguage\":\"de\",\"@id\":\"https:\/\/ravenfox.xyz\/de\/#\/schema\/logo\/image\/\",\"url\":\"https:\/\/ravenfox.xyz\/wp-content\/uploads\/2023\/12\/Logo-Header-Black.png\",\"contentUrl\":\"https:\/\/ravenfox.xyz\/wp-content\/uploads\/2023\/12\/Logo-Header-Black.png\",\"width\":566,\"height\":115,\"caption\":\"RAVENFOX\"},\"image\":{\"@id\":\"https:\/\/ravenfox.xyz\/de\/#\/schema\/logo\/image\/\"},\"sameAs\":[\"https:\/\/www.facebook.com\/ravenfox.xyz\",\"https:\/\/x.com\/ravenfox_xyz\",\"https:\/\/www.instagram.com\/ravenfox.xyz\/\",\"https:\/\/www.youtube.com\/@ravenfox_xyz\"]}]}<\/script>\n<!-- \/ Yoast SEO plugin. -->","yoast_head_json":{"title":"Casquette Make Wheelchair Great Again - RAVENFOX","description":"Cette casquette repr\u00e9sente la quintessence du projet de RavenFox : MAKE WHEELCHAIR GREAT AGAIN !!! (Rendre au fauteuil roulant sa grandeur).","robots":{"index":"index","follow":"follow","max-snippet":"max-snippet:-1","max-image-preview":"max-image-preview:large","max-video-preview":"max-video-preview:-1"},"canonical":"https:\/\/ravenfox.xyz\/de\/produit\/casquette-make-wheelchair-great-again\/","og_locale":"de_DE","og_type":"article","og_title":"Casquette Make Wheelchair Great Again - RAVENFOX","og_description":"Cette casquette repr\u00e9sente la quintessence du projet de RavenFox : MAKE WHEELCHAIR GREAT AGAIN !!! (Rendre au fauteuil roulant sa grandeur).","og_url":"https:\/\/ravenfox.xyz\/de\/produit\/casquette-make-wheelchair-great-again\/","og_site_name":"RAVENFOX","article_publisher":"https:\/\/www.facebook.com\/ravenfox.xyz","article_modified_time":"2025-02-26T13:14:41+00:00","og_image":[{"width":2000,"height":2000,"url":"https:\/\/ravenfox.xyz\/wp-content\/uploads\/2024\/12\/closed-back-structured-cap-red-front-676c1766e96d3.jpg","type":"image\/jpeg"}],"twitter_card":"summary_large_image","twitter_site":"@ravenfox_xyz","twitter_misc":{"Gesch\u00e4tzte Lesezeit":"2\u00a0Minuten"},"schema":{"@context":"https:\/\/schema.org","@graph":[{"@type":"WebPage","@id":"https:\/\/ravenfox.xyz\/de\/produit\/casquette-make-wheelchair-great-again\/","url":"https:\/\/ravenfox.xyz\/de\/produit\/casquette-make-wheelchair-great-again\/","name":"Casquette Make Wheelchair Great Again - RAVENFOX","isPartOf":{"@id":"https:\/\/ravenfox.xyz\/de\/#website"},"primaryImageOfPage":{"@id":"https:\/\/ravenfox.xyz\/de\/produit\/casquette-make-wheelchair-great-again\/#primaryimage"},"image":{"@id":"https:\/\/ravenfox.xyz\/de\/produit\/casquette-make-wheelchair-great-again\/#primaryimage"},"thumbnailUrl":"https:\/\/i0.wp.com\/ravenfox.xyz\/wp-content\/uploads\/2024\/12\/closed-back-structured-cap-red-front-676c1766e96d3.jpg?fit=2000%2C2000&ssl=1","datePublished":"2024-12-25T14:32:34+00:00","dateModified":"2025-02-26T13:14:41+00:00","description":"Cette casquette repr\u00e9sente la quintessence du projet de RavenFox : MAKE WHEELCHAIR GREAT AGAIN !!! (Rendre au fauteuil roulant sa grandeur).","breadcrumb":{"@id":"https:\/\/ravenfox.xyz\/de\/produit\/casquette-make-wheelchair-great-again\/#breadcrumb"},"inLanguage":"de","potentialAction":[{"@type":"ReadAction","target":["https:\/\/ravenfox.xyz\/de\/produit\/casquette-make-wheelchair-great-again\/"]}]},{"@type":"ImageObject","inLanguage":"de","@id":"https:\/\/ravenfox.xyz\/de\/produit\/casquette-make-wheelchair-great-again\/#primaryimage","url":"https:\/\/i0.wp.com\/ravenfox.xyz\/wp-content\/uploads\/2024\/12\/closed-back-structured-cap-red-front-676c1766e96d3.jpg?fit=2000%2C2000&ssl=1","contentUrl":"https:\/\/i0.wp.com\/ravenfox.xyz\/wp-content\/uploads\/2024\/12\/closed-back-structured-cap-red-front-676c1766e96d3.jpg?fit=2000%2C2000&ssl=1","width":2000,"height":2000},{"@type":"BreadcrumbList","@id":"https:\/\/ravenfox.xyz\/de\/produit\/casquette-make-wheelchair-great-again\/#breadcrumb","itemListElement":[{"@type":"ListItem","position":1,"name":"Accueil","item":"https:\/\/ravenfox.xyz\/de\/"},{"@type":"ListItem","position":2,"name":"Online-Shop","item":"https:\/\/ravenfox.xyz\/boutique\/"},{"@type":"ListItem","position":3,"name":"Casquette Make Wheelchair Great Again"}]},{"@type":"WebSite","@id":"https:\/\/ravenfox.xyz\/de\/#website","url":"https:\/\/ravenfox.xyz\/de\/","name":"RAVENFOX","description":"Accessoires pour fauteuils roulants \u00e9lectriques","publisher":{"@id":"https:\/\/ravenfox.xyz\/de\/#organization"},"potentialAction":[{"@type":"SearchAction","target":{"@type":"EntryPoint","urlTemplate":"https:\/\/ravenfox.xyz\/de\/?s={search_term_string}"},"query-input":{"@type":"PropertyValueSpecification","valueRequired":true,"valueName":"search_term_string"}}],"inLanguage":"de"},{"@type":"Organization","@id":"https:\/\/ravenfox.xyz\/de\/#organization","name":"RAVENFOX","url":"https:\/\/ravenfox.xyz\/de\/","logo":{"@type":"ImageObject","inLanguage":"de","@id":"https:\/\/ravenfox.xyz\/de\/#\/schema\/logo\/image\/","url":"https:\/\/ravenfox.xyz\/wp-content\/uploads\/2023\/12\/Logo-Header-Black.png","contentUrl":"https:\/\/ravenfox.xyz\/wp-content\/uploads\/2023\/12\/Logo-Header-Black.png","width":566,"height":115,"caption":"RAVENFOX"},"image":{"@id":"https:\/\/ravenfox.xyz\/de\/#\/schema\/logo\/image\/"},"sameAs":["https:\/\/www.facebook.com\/ravenfox.xyz","https:\/\/x.com\/ravenfox_xyz","https:\/\/www.instagram.com\/ravenfox.xyz\/","https:\/\/www.youtube.com\/@ravenfox_xyz"]}]}},"jetpack_publicize_connections":[],"jetpack_sharing_enabled":true,"_links":{"self":[{"href":"https:\/\/ravenfox.xyz\/de\/wp-json\/wp\/v2\/product\/2114","targetHints":{"allow":["GET"]}}],"collection":[{"href":"https:\/\/ravenfox.xyz\/de\/wp-json\/wp\/v2\/product"}],"about":[{"href":"https:\/\/ravenfox.xyz\/de\/wp-json\/wp\/v2\/types\/product"}],"replies":[{"embeddable":true,"href":"https:\/\/ravenfox.xyz\/de\/wp-json\/wp\/v2\/comments?post=2114"}],"wp:featuredmedia":[{"embeddable":true,"href":"https:\/\/ravenfox.xyz\/de\/wp-json\/wp\/v2\/media\/2122"}],"wp:attachment":[{"href":"https:\/\/ravenfox.xyz\/de\/wp-json\/wp\/v2\/media?parent=2114"}],"wp:term":[{"taxonomy":"product_brand","embeddable":true,"href":"https:\/\/ravenfox.xyz\/de\/wp-json\/wp\/v2\/product_brand?post=2114"},{"taxonomy":"product_cat","embeddable":true,"href":"https:\/\/ravenfox.xyz\/de\/wp-json\/wp\/v2\/product_cat?post=2114"},{"taxonomy":"product_tag","embeddable":true,"href":"https:\/\/ravenfox.xyz\/de\/wp-json\/wp\/v2\/product_tag?post=2114"}],"curies":[{"name":"wp","href":"https:\/\/api.w.org\/{rel}","templated":true}]}}