{"id":2464,"date":"2025-02-08T20:13:08","date_gmt":"2025-02-08T19:13:08","guid":{"rendered":"https:\/\/ravenfox.xyz\/produit\/casquette-make-accessibility-great-again\/"},"modified":"2025-04-13T10:13:07","modified_gmt":"2025-04-13T08:13:07","slug":"casquette-make-accessibility-great-again","status":"publish","type":"product","link":"https:\/\/ravenfox.xyz\/de\/produit\/casquette-make-accessibility-great-again\/","title":{"rendered":"Casquette Make Accessibility Great Again"},"content":{"rendered":"<p>Cette casquette MAKE ACCESSIBILITY GREAT AGAIN (Rendre \u00e0 l&#8217;accessibilit\u00e9 sa grandeur) repr\u00e9sente l&#8217;une des composantes du projet de RavenFox.<\/p>\n<p>Inspir\u00e9 du slogan Make America Great Again du pr\u00e9sident Donald Trump, nous l\u2019avons cr\u00e9\u00e9 car nous pensons que le monde peut \u00eatre nettement plus accessible avec un petit peu de bonne volont\u00e9.<\/p>\n<p>Elle ravira tous ceux qui participeront \u00e0 la s\u00e9rie de manifestations qui auront lieu en faveur de l&#8217;accessibilit\u00e9 !<\/p>\n<p>\nDisponible en deux tailles, avec une bande \u00e9lastique, cette casquette Make Accessibility Great Again est une valeur s\u00fbre en mati\u00e8re de confort ! Elle a une forme athl\u00e9tique, avec une visi\u00e8re incurv\u00e9e.<\/p>\n<p>S\/M : Tour de t\u00eate entre 54 et 57,8 cm<br \/>\nL\/XL : Tour de t\u00eate entre 58,6 et 60,6 cm<\/p>\n<p>\u2022 Serg\u00e9 63\u00a0% polyester \/ 34\u00a0% coton \/3 % \u00e9lasthanne <br \/>\n\u2022 Structur\u00e9e, 6 panneaux, profil interm\u00e9diaire<br \/>\n\u2022 Bande \u00e9lastique<br \/>\n\u2022 Sous-visi\u00e8re argent<br \/>\n\u2022 Tour de t\u00eate\u00a0: 22 &#8220; &#8211; 23 \u215e &#8222;<\/p>\n<p>Age restrictions: Pour les adultes<br \/>\nEU Warranty: 2\u00a0ans<br \/>\nOther compliance information: R\u00e9pond aux exigences relatives aux teneurs en plomb et phtalates.<\/p>\n<p>En conformit\u00e9 avec le R\u00e8glement pour la S\u00e9curit\u00e9 G\u00e9n\u00e9rale des Produits (RSGP), <b>RavenFox<\/b> garantit que tous les produits de consommation propos\u00e9s sont s\u00fbrs et conformes aux normes de l&#8217;UE. Pour toute question ou pr\u00e9occupation li\u00e9e \u00e0 la s\u00e9curit\u00e9 des produits, veuillez nous contacter \u00e0 <b>bro@ravenfox.xyz<\/b> ou nous \u00e9crire \u00e0 <b>126 rue d&#8217;Al\u00e9sia, 75014 Paris, France.<b \/><\/p>\n","protected":false},"excerpt":{"rendered":"<p>Cette casquette MAKE ACCESSIBILITY GREAT AGAIN (Rendre \u00e0 l&#8217;accessibilit\u00e9 sa grandeur) repr\u00e9sente l&#8217;une des composantes du projet de RavenFox. Inspir\u00e9 du slogan Make America Great Again du pr\u00e9sident Donald Trump, nous l\u2019avons cr\u00e9\u00e9 car nous pensons que le monde peut \u00eatre nettement plus accessible avec un petit peu de bonne volont\u00e9. Elle ravira tous ceux qui participeront \u00e0 la s\u00e9rie &#8230;<\/p>\n","protected":false},"featured_media":2472,"comment_status":"open","ping_status":"closed","template":"","meta":{"jetpack_publicize_message":"","jetpack_publicize_feature_enabled":true,"jetpack_social_post_already_shared":true,"jetpack_social_options":{"image_generator_settings":{"template":"highway","default_image_id":0,"font":"","enabled":false},"version":2}},"product_brand":[],"product_cat":[107,81],"product_tag":[],"class_list":{"0":"post-2464","1":"product","2":"type-product","3":"status-publish","4":"has-post-thumbnail","6":"product_cat-casquettes","7":"product_cat-merchandising","10":"first","11":"instock","12":"taxable","13":"shipping-taxable","14":"purchasable","15":"product-type-variable"},"yoast_head":"<!-- This site is optimized with the Yoast SEO plugin v27.0 - https:\/\/yoast.com\/product\/yoast-seo-wordpress\/ -->\n<title>Casquette Make Accessibility Great Again - RAVENFOX<\/title>\n<meta name=\"robots\" content=\"index, follow, max-snippet:-1, max-image-preview:large, max-video-preview:-1\" \/>\n<link rel=\"canonical\" href=\"https:\/\/ravenfox.xyz\/de\/produit\/casquette-make-accessibility-great-again\/\" \/>\n<meta property=\"og:locale\" content=\"de_DE\" \/>\n<meta property=\"og:type\" content=\"article\" \/>\n<meta property=\"og:title\" content=\"Casquette Make Accessibility Great Again - RAVENFOX\" \/>\n<meta property=\"og:description\" content=\"Cette casquette MAKE ACCESSIBILITY GREAT AGAIN (Rendre \u00e0 l&#8217;accessibilit\u00e9 sa grandeur) repr\u00e9sente l&#8217;une des composantes du projet de RavenFox. Inspir\u00e9 du slogan Make America Great Again du pr\u00e9sident Donald Trump, nous l\u2019avons cr\u00e9\u00e9 car nous pensons que le monde peut \u00eatre nettement plus accessible avec un petit peu de bonne volont\u00e9. Elle ravira tous ceux qui participeront \u00e0 la s\u00e9rie ...\" \/>\n<meta property=\"og:url\" content=\"https:\/\/ravenfox.xyz\/de\/produit\/casquette-make-accessibility-great-again\/\" \/>\n<meta property=\"og:site_name\" content=\"RAVENFOX\" \/>\n<meta property=\"article:publisher\" content=\"https:\/\/www.facebook.com\/ravenfox.xyz\" \/>\n<meta property=\"article:modified_time\" content=\"2025-04-13T08:13:07+00:00\" \/>\n<meta property=\"og:image\" content=\"https:\/\/i0.wp.com\/ravenfox.xyz\/wp-content\/uploads\/2025\/02\/closed-back-structured-cap-red-front-67a7acb91ea79.jpg?fit=2000%2C2000&ssl=1\" \/>\n\t<meta property=\"og:image:width\" content=\"2000\" \/>\n\t<meta property=\"og:image:height\" content=\"2000\" \/>\n\t<meta property=\"og:image:type\" content=\"image\/jpeg\" \/>\n<meta name=\"twitter:card\" content=\"summary_large_image\" \/>\n<meta name=\"twitter:site\" content=\"@ravenfox_xyz\" \/>\n<meta name=\"twitter:label1\" content=\"Gesch\u00e4tzte Lesezeit\" \/>\n\t<meta name=\"twitter:data1\" content=\"1\u00a0Minute\" \/>\n<script type=\"application\/ld+json\" class=\"yoast-schema-graph\">{\"@context\":\"https:\/\/schema.org\",\"@graph\":[{\"@type\":\"WebPage\",\"@id\":\"https:\/\/ravenfox.xyz\/de\/produit\/casquette-make-accessibility-great-again\/\",\"url\":\"https:\/\/ravenfox.xyz\/de\/produit\/casquette-make-accessibility-great-again\/\",\"name\":\"Casquette Make Accessibility Great Again - RAVENFOX\",\"isPartOf\":{\"@id\":\"https:\/\/ravenfox.xyz\/de\/#website\"},\"primaryImageOfPage\":{\"@id\":\"https:\/\/ravenfox.xyz\/de\/produit\/casquette-make-accessibility-great-again\/#primaryimage\"},\"image\":{\"@id\":\"https:\/\/ravenfox.xyz\/de\/produit\/casquette-make-accessibility-great-again\/#primaryimage\"},\"thumbnailUrl\":\"https:\/\/i0.wp.com\/ravenfox.xyz\/wp-content\/uploads\/2025\/02\/closed-back-structured-cap-red-front-67a7acb91ea79.jpg?fit=2000%2C2000&ssl=1\",\"datePublished\":\"2025-02-08T19:13:08+00:00\",\"dateModified\":\"2025-04-13T08:13:07+00:00\",\"breadcrumb\":{\"@id\":\"https:\/\/ravenfox.xyz\/de\/produit\/casquette-make-accessibility-great-again\/#breadcrumb\"},\"inLanguage\":\"de\",\"potentialAction\":[{\"@type\":\"ReadAction\",\"target\":[\"https:\/\/ravenfox.xyz\/de\/produit\/casquette-make-accessibility-great-again\/\"]}]},{\"@type\":\"ImageObject\",\"inLanguage\":\"de\",\"@id\":\"https:\/\/ravenfox.xyz\/de\/produit\/casquette-make-accessibility-great-again\/#primaryimage\",\"url\":\"https:\/\/i0.wp.com\/ravenfox.xyz\/wp-content\/uploads\/2025\/02\/closed-back-structured-cap-red-front-67a7acb91ea79.jpg?fit=2000%2C2000&ssl=1\",\"contentUrl\":\"https:\/\/i0.wp.com\/ravenfox.xyz\/wp-content\/uploads\/2025\/02\/closed-back-structured-cap-red-front-67a7acb91ea79.jpg?fit=2000%2C2000&ssl=1\",\"width\":2000,\"height\":2000},{\"@type\":\"BreadcrumbList\",\"@id\":\"https:\/\/ravenfox.xyz\/de\/produit\/casquette-make-accessibility-great-again\/#breadcrumb\",\"itemListElement\":[{\"@type\":\"ListItem\",\"position\":1,\"name\":\"Accueil\",\"item\":\"https:\/\/ravenfox.xyz\/de\/\"},{\"@type\":\"ListItem\",\"position\":2,\"name\":\"Online-Shop\",\"item\":\"https:\/\/ravenfox.xyz\/boutique\/\"},{\"@type\":\"ListItem\",\"position\":3,\"name\":\"Casquette Make Accessibility Great Again\"}]},{\"@type\":\"WebSite\",\"@id\":\"https:\/\/ravenfox.xyz\/de\/#website\",\"url\":\"https:\/\/ravenfox.xyz\/de\/\",\"name\":\"RAVENFOX\",\"description\":\"Accessoires pour fauteuils roulants \u00e9lectriques\",\"publisher\":{\"@id\":\"https:\/\/ravenfox.xyz\/de\/#organization\"},\"potentialAction\":[{\"@type\":\"SearchAction\",\"target\":{\"@type\":\"EntryPoint\",\"urlTemplate\":\"https:\/\/ravenfox.xyz\/de\/?s={search_term_string}\"},\"query-input\":{\"@type\":\"PropertyValueSpecification\",\"valueRequired\":true,\"valueName\":\"search_term_string\"}}],\"inLanguage\":\"de\"},{\"@type\":\"Organization\",\"@id\":\"https:\/\/ravenfox.xyz\/de\/#organization\",\"name\":\"RAVENFOX\",\"url\":\"https:\/\/ravenfox.xyz\/de\/\",\"logo\":{\"@type\":\"ImageObject\",\"inLanguage\":\"de\",\"@id\":\"https:\/\/ravenfox.xyz\/de\/#\/schema\/logo\/image\/\",\"url\":\"https:\/\/ravenfox.xyz\/wp-content\/uploads\/2023\/12\/Logo-Header-Black.png\",\"contentUrl\":\"https:\/\/ravenfox.xyz\/wp-content\/uploads\/2023\/12\/Logo-Header-Black.png\",\"width\":566,\"height\":115,\"caption\":\"RAVENFOX\"},\"image\":{\"@id\":\"https:\/\/ravenfox.xyz\/de\/#\/schema\/logo\/image\/\"},\"sameAs\":[\"https:\/\/www.facebook.com\/ravenfox.xyz\",\"https:\/\/x.com\/ravenfox_xyz\",\"https:\/\/www.instagram.com\/ravenfox.xyz\/\",\"https:\/\/www.youtube.com\/@ravenfox_xyz\"]}]}<\/script>\n<!-- \/ Yoast SEO plugin. -->","yoast_head_json":{"title":"Casquette Make Accessibility Great Again - RAVENFOX","robots":{"index":"index","follow":"follow","max-snippet":"max-snippet:-1","max-image-preview":"max-image-preview:large","max-video-preview":"max-video-preview:-1"},"canonical":"https:\/\/ravenfox.xyz\/de\/produit\/casquette-make-accessibility-great-again\/","og_locale":"de_DE","og_type":"article","og_title":"Casquette Make Accessibility Great Again - RAVENFOX","og_description":"Cette casquette MAKE ACCESSIBILITY GREAT AGAIN (Rendre \u00e0 l&#8217;accessibilit\u00e9 sa grandeur) repr\u00e9sente l&#8217;une des composantes du projet de RavenFox. Inspir\u00e9 du slogan Make America Great Again du pr\u00e9sident Donald Trump, nous l\u2019avons cr\u00e9\u00e9 car nous pensons que le monde peut \u00eatre nettement plus accessible avec un petit peu de bonne volont\u00e9. Elle ravira tous ceux qui participeront \u00e0 la s\u00e9rie ...","og_url":"https:\/\/ravenfox.xyz\/de\/produit\/casquette-make-accessibility-great-again\/","og_site_name":"RAVENFOX","article_publisher":"https:\/\/www.facebook.com\/ravenfox.xyz","article_modified_time":"2025-04-13T08:13:07+00:00","og_image":[{"width":2000,"height":2000,"url":"https:\/\/i0.wp.com\/ravenfox.xyz\/wp-content\/uploads\/2025\/02\/closed-back-structured-cap-red-front-67a7acb91ea79.jpg?fit=2000%2C2000&ssl=1","type":"image\/jpeg"}],"twitter_card":"summary_large_image","twitter_site":"@ravenfox_xyz","twitter_misc":{"Gesch\u00e4tzte Lesezeit":"1\u00a0Minute"},"schema":{"@context":"https:\/\/schema.org","@graph":[{"@type":"WebPage","@id":"https:\/\/ravenfox.xyz\/de\/produit\/casquette-make-accessibility-great-again\/","url":"https:\/\/ravenfox.xyz\/de\/produit\/casquette-make-accessibility-great-again\/","name":"Casquette Make Accessibility Great Again - RAVENFOX","isPartOf":{"@id":"https:\/\/ravenfox.xyz\/de\/#website"},"primaryImageOfPage":{"@id":"https:\/\/ravenfox.xyz\/de\/produit\/casquette-make-accessibility-great-again\/#primaryimage"},"image":{"@id":"https:\/\/ravenfox.xyz\/de\/produit\/casquette-make-accessibility-great-again\/#primaryimage"},"thumbnailUrl":"https:\/\/i0.wp.com\/ravenfox.xyz\/wp-content\/uploads\/2025\/02\/closed-back-structured-cap-red-front-67a7acb91ea79.jpg?fit=2000%2C2000&ssl=1","datePublished":"2025-02-08T19:13:08+00:00","dateModified":"2025-04-13T08:13:07+00:00","breadcrumb":{"@id":"https:\/\/ravenfox.xyz\/de\/produit\/casquette-make-accessibility-great-again\/#breadcrumb"},"inLanguage":"de","potentialAction":[{"@type":"ReadAction","target":["https:\/\/ravenfox.xyz\/de\/produit\/casquette-make-accessibility-great-again\/"]}]},{"@type":"ImageObject","inLanguage":"de","@id":"https:\/\/ravenfox.xyz\/de\/produit\/casquette-make-accessibility-great-again\/#primaryimage","url":"https:\/\/i0.wp.com\/ravenfox.xyz\/wp-content\/uploads\/2025\/02\/closed-back-structured-cap-red-front-67a7acb91ea79.jpg?fit=2000%2C2000&ssl=1","contentUrl":"https:\/\/i0.wp.com\/ravenfox.xyz\/wp-content\/uploads\/2025\/02\/closed-back-structured-cap-red-front-67a7acb91ea79.jpg?fit=2000%2C2000&ssl=1","width":2000,"height":2000},{"@type":"BreadcrumbList","@id":"https:\/\/ravenfox.xyz\/de\/produit\/casquette-make-accessibility-great-again\/#breadcrumb","itemListElement":[{"@type":"ListItem","position":1,"name":"Accueil","item":"https:\/\/ravenfox.xyz\/de\/"},{"@type":"ListItem","position":2,"name":"Online-Shop","item":"https:\/\/ravenfox.xyz\/boutique\/"},{"@type":"ListItem","position":3,"name":"Casquette Make Accessibility Great Again"}]},{"@type":"WebSite","@id":"https:\/\/ravenfox.xyz\/de\/#website","url":"https:\/\/ravenfox.xyz\/de\/","name":"RAVENFOX","description":"Accessoires pour fauteuils roulants \u00e9lectriques","publisher":{"@id":"https:\/\/ravenfox.xyz\/de\/#organization"},"potentialAction":[{"@type":"SearchAction","target":{"@type":"EntryPoint","urlTemplate":"https:\/\/ravenfox.xyz\/de\/?s={search_term_string}"},"query-input":{"@type":"PropertyValueSpecification","valueRequired":true,"valueName":"search_term_string"}}],"inLanguage":"de"},{"@type":"Organization","@id":"https:\/\/ravenfox.xyz\/de\/#organization","name":"RAVENFOX","url":"https:\/\/ravenfox.xyz\/de\/","logo":{"@type":"ImageObject","inLanguage":"de","@id":"https:\/\/ravenfox.xyz\/de\/#\/schema\/logo\/image\/","url":"https:\/\/ravenfox.xyz\/wp-content\/uploads\/2023\/12\/Logo-Header-Black.png","contentUrl":"https:\/\/ravenfox.xyz\/wp-content\/uploads\/2023\/12\/Logo-Header-Black.png","width":566,"height":115,"caption":"RAVENFOX"},"image":{"@id":"https:\/\/ravenfox.xyz\/de\/#\/schema\/logo\/image\/"},"sameAs":["https:\/\/www.facebook.com\/ravenfox.xyz","https:\/\/x.com\/ravenfox_xyz","https:\/\/www.instagram.com\/ravenfox.xyz\/","https:\/\/www.youtube.com\/@ravenfox_xyz"]}]}},"jetpack_publicize_connections":[],"jetpack_sharing_enabled":true,"_links":{"self":[{"href":"https:\/\/ravenfox.xyz\/de\/wp-json\/wp\/v2\/product\/2464","targetHints":{"allow":["GET"]}}],"collection":[{"href":"https:\/\/ravenfox.xyz\/de\/wp-json\/wp\/v2\/product"}],"about":[{"href":"https:\/\/ravenfox.xyz\/de\/wp-json\/wp\/v2\/types\/product"}],"replies":[{"embeddable":true,"href":"https:\/\/ravenfox.xyz\/de\/wp-json\/wp\/v2\/comments?post=2464"}],"wp:featuredmedia":[{"embeddable":true,"href":"https:\/\/ravenfox.xyz\/de\/wp-json\/wp\/v2\/media\/2472"}],"wp:attachment":[{"href":"https:\/\/ravenfox.xyz\/de\/wp-json\/wp\/v2\/media?parent=2464"}],"wp:term":[{"taxonomy":"product_brand","embeddable":true,"href":"https:\/\/ravenfox.xyz\/de\/wp-json\/wp\/v2\/product_brand?post=2464"},{"taxonomy":"product_cat","embeddable":true,"href":"https:\/\/ravenfox.xyz\/de\/wp-json\/wp\/v2\/product_cat?post=2464"},{"taxonomy":"product_tag","embeddable":true,"href":"https:\/\/ravenfox.xyz\/de\/wp-json\/wp\/v2\/product_tag?post=2464"}],"curies":[{"name":"wp","href":"https:\/\/api.w.org\/{rel}","templated":true}]}}