{"id":3295,"date":"2026-02-23T00:51:42","date_gmt":"2026-02-22T23:51:42","guid":{"rendered":"https:\/\/ravenfox.xyz\/?post_type=product&#038;p=3295"},"modified":"2026-02-23T00:51:43","modified_gmt":"2026-02-22T23:51:43","slug":"numero-de-joueur-pour-strike-force-et-accroche-pare-chocs-avant","status":"publish","type":"product","link":"https:\/\/ravenfox.xyz\/de\/produit\/numero-de-joueur-pour-strike-force-et-accroche-pare-chocs-avant\/","title":{"rendered":"Num\u00e9ro de joueur pour Strike Force et Accroche (pare-chocs avant)"},"content":{"rendered":"<p data-start=\"0\" data-end=\"38\"><strong data-start=\"0\" data-end=\"38\">Num\u00e9ro de joueur pour Strike Force<\/strong><\/p>\n<p data-start=\"40\" data-end=\"181\"><strong data-start=\"40\" data-end=\"69\">Num\u00e9ro de joueur amovible<\/strong> con\u00e7u sp\u00e9cifiquement pour les fauteuils roulants \u00e9lectriques Strike Force, \u00e0 fixer sur le <strong data-start=\"160\" data-end=\"180\">pare-chocs avant<\/strong>.<\/p>\n<p data-start=\"183\" data-end=\"352\">Cet accessoire permet d\u2019installer une <strong data-start=\"221\" data-end=\"256\">plaque avec le num\u00e9ro du joueur<\/strong> et, selon le mod\u00e8le choisi, <strong data-start=\"285\" data-end=\"305\">le nom du joueur<\/strong>, \u00e0 l\u2019avant du fauteuil de <strong data-start=\"332\" data-end=\"349\">Foot Fauteuil<\/strong> \u26bd.<\/p>\n<p data-start=\"354\" data-end=\"495\">Son design est <strong data-start=\"369\" data-end=\"426\">minimaliste, visible en match et parfaitement int\u00e9gr\u00e9<\/strong>, afin de s\u2019harmoniser avec le fauteuil sans l\u2019alourdir visuellement.<\/p>\n<h3 data-start=\"502\" data-end=\"533\">\ud83d\udee0\ufe0f Conception et mat\u00e9riaux<\/h3>\n<p data-start=\"535\" data-end=\"626\">La <strong data-start=\"538\" data-end=\"562\">structure principale<\/strong> est imprim\u00e9e en <strong data-start=\"579\" data-end=\"587\">PLA+<\/strong>, garantissant une excellente rigidit\u00e9.<\/p>\n<p data-start=\"628\" data-end=\"924\">La <strong data-start=\"631\" data-end=\"648\">zone flexible<\/strong> (actuellement en rouge, bient\u00f4t disponible \u00e9galement en noir) est r\u00e9alis\u00e9e en <strong data-start=\"727\" data-end=\"734\">TPU<\/strong>, un mat\u00e9riau souple permettant une l\u00e9g\u00e8re d\u00e9formation en cas d\u2019impact avec le ballon.<br data-start=\"820\" data-end=\"823\" \/>\ud83d\udc49 Cette flexibilit\u00e9 am\u00e9liore la <strong data-start=\"856\" data-end=\"870\">durabilit\u00e9<\/strong> et limite les contraintes sur le syst\u00e8me de fixation.<\/p>\n<h3 data-start=\"931\" data-end=\"966\">\ud83d\udd01 Syst\u00e8me amovible et \u00e9volutif<\/h3>\n<p data-start=\"968\" data-end=\"1001\">Le design a \u00e9t\u00e9 pens\u00e9 pour \u00eatre :<\/p>\n<ul data-start=\"1003\" data-end=\"1203\">\n<li data-start=\"1003\" data-end=\"1069\">\n<p data-start=\"1005\" data-end=\"1069\"><strong data-start=\"1005\" data-end=\"1017\">Amovible<\/strong> : retrait facile pour le transport ou le stockage<\/p>\n<\/li>\n<li data-start=\"1070\" data-end=\"1130\">\n<p data-start=\"1072\" data-end=\"1130\"><strong data-start=\"1072\" data-end=\"1088\">Transf\u00e9rable<\/strong> : repositionnable sur un autre fauteuil<\/p>\n<\/li>\n<li data-start=\"1131\" data-end=\"1203\">\n<p data-start=\"1133\" data-end=\"1203\"><strong data-start=\"1133\" data-end=\"1145\">\u00c9volutif<\/strong> : possibilit\u00e9 de changer uniquement la plaque du num\u00e9ro<\/p>\n<\/li>\n<\/ul>\n<p data-start=\"1205\" data-end=\"1218\">Cela permet :<\/p>\n<ul data-start=\"1220\" data-end=\"1381\">\n<li data-start=\"1220\" data-end=\"1276\">\n<p data-start=\"1222\" data-end=\"1276\">de modifier un num\u00e9ro en cas de changement de joueur<\/p>\n<\/li>\n<li data-start=\"1277\" data-end=\"1325\">\n<p data-start=\"1279\" data-end=\"1325\">d\u2019adapter l\u2019\u00e9quipement lors d\u2019un recrutement<\/p>\n<\/li>\n<li data-start=\"1326\" data-end=\"1381\">\n<p data-start=\"1328\" data-end=\"1381\">de r\u00e9utiliser la structure principale dans le temps<\/p>\n<\/li>\n<\/ul>\n<p>&nbsp;<\/p>\n<h3 data-start=\"1388\" data-end=\"1411\">\ud83c\udfa8 Personnalisation<\/h3>\n<p data-start=\"1413\" data-end=\"1445\">Deux versions sont disponibles :<\/p>\n<p data-start=\"1447\" data-end=\"1508\"><strong data-start=\"1447\" data-end=\"1506\">Version standard \u2013 \u00e0 partir de 19 \u20ac l\u2019unit\u00e9 (pack de 8)<\/strong><\/p>\n<ul data-start=\"1509\" data-end=\"1599\">\n<li data-start=\"1509\" data-end=\"1530\">\n<p data-start=\"1511\" data-end=\"1530\">Num\u00e9ro uniquement<\/p>\n<\/li>\n<li data-start=\"1531\" data-end=\"1569\">\n<p data-start=\"1533\" data-end=\"1569\">Noir et couleur du num\u00e9ro au choix<\/p>\n<\/li>\n<li data-start=\"1570\" data-end=\"1599\">\n<p data-start=\"1572\" data-end=\"1599\">Design simple et efficace<\/p>\n<\/li>\n<\/ul>\n<p data-start=\"1601\" data-end=\"1634\"><strong data-start=\"1601\" data-end=\"1632\">Option nom du joueur \u2013 +4 \u20ac<\/strong><\/p>\n<ul data-start=\"1635\" data-end=\"1744\">\n<li data-start=\"1635\" data-end=\"1679\">\n<p data-start=\"1637\" data-end=\"1679\">Ajout du <strong data-start=\"1646\" data-end=\"1663\">nom du joueur<\/strong> sur la plaque<\/p>\n<\/li>\n<\/ul>\n<h3 data-start=\"1751\" data-end=\"1776\"><\/h3>\n<h3 data-start=\"1751\" data-end=\"1776\">\ud83c\udfaf Choix des couleurs<\/h3>\n<ul data-start=\"1778\" data-end=\"2004\">\n<li data-start=\"1778\" data-end=\"1860\">\n<p data-start=\"1780\" data-end=\"1860\"><strong data-start=\"1780\" data-end=\"1804\">Structure principale<\/strong> : noir (recommand\u00e9 pour la sobri\u00e9t\u00e9 et la durabilit\u00e9)<\/p>\n<\/li>\n<li data-start=\"1861\" data-end=\"1921\">\n<p data-start=\"1863\" data-end=\"1921\"><strong data-start=\"1863\" data-end=\"1882\">Partie flexible<\/strong> : rouge (bient\u00f4t disponible en noir)<\/p>\n<\/li>\n<li data-start=\"1922\" data-end=\"2004\">\n<p data-start=\"1924\" data-end=\"2004\"><strong data-start=\"1924\" data-end=\"1934\">Num\u00e9ro<\/strong> : couleur au choix, pour correspondre \u00e0 l\u2019identit\u00e9 visuelle du club<\/p>\n<\/li>\n<\/ul>\n<p data-start=\"2006\" data-end=\"2190\">Si aucune indication n\u2019est donn\u00e9e, le mod\u00e8le sera produit dans la configuration recommand\u00e9e :<br data-start=\"2099\" data-end=\"2102\" \/><strong data-start=\"2102\" data-end=\"2190\">structure noire, zone flexible rouge, num\u00e9ro contrast\u00e9 pour une lisibilit\u00e9 optimale.<\/strong><\/p>\n<p data-start=\"2006\" data-end=\"2190\">\n<h3 data-start=\"2197\" data-end=\"2223\">\ud83d\udce6 Formats disponibles<\/h3>\n<p data-start=\"2225\" data-end=\"2237\">Disponible :<\/p>\n<ul data-start=\"2239\" data-end=\"2333\">\n<li data-start=\"2239\" data-end=\"2256\">\n<p data-start=\"2241\" data-end=\"2256\"><strong data-start=\"2241\" data-end=\"2254\">\u00c0 l\u2019unit\u00e9<\/strong><\/p>\n<\/li>\n<li data-start=\"2257\" data-end=\"2333\">\n<p data-start=\"2259\" data-end=\"2333\">En <strong data-start=\"2262\" data-end=\"2287\">packs de 2, 4, 6 ou 8<\/strong>, avec <strong data-start=\"2294\" data-end=\"2313\">tarif d\u00e9gressif<\/strong> selon la quantit\u00e9<\/p>\n<\/li>\n<\/ul>\n<p>&nbsp;<\/p>\n<p><a style=\"color: #000; font-weight: bold; text-decoration: underline;\" href=\"mailto:bro@ravenfox.xyz?subject=Demande%20de%20personnalisation%20Num%C3%A9ro%20de%20joueur%20pour%20Strike%20Force&amp;body=Bonjour,%0A%0AJe souhaite personnaliser un num%C3%A9ro%20de%20joueur%20pour%20Strike%20Force.%0A%0A- Quantit%C3%A9%20:%0A- Num%C3%A9ro(s)%20souhait%C3%A9(s)%20:%0A- Nom%20du%20joueur%20(option)%20:%0A- Couleur%20du%20num%C3%A9ro%20:%0A- Logo%20sponsor%20(option)%20:%0A%0AMerci%20de%20m%27indiquer%20la%20faisabilit%C3%A9%20et%20la%20proc%C3%A9dure.%0A%0ACordialement,\"><br \/>\n\ud83d\udc49 Cliquez ici pour et faire votre demande et transmettre les informations des joueurs, la police et la couleur souhait\u00e9e.<br \/>\n<\/a><\/p>\n","protected":false},"excerpt":{"rendered":"<p>Num\u00e9ro de joueur pour Strike Force Num\u00e9ro de joueur amovible con\u00e7u sp\u00e9cifiquement pour les fauteuils roulants \u00e9lectriques Strike Force, \u00e0 fixer sur le pare-chocs avant. Cet accessoire permet d\u2019installer une plaque avec le num\u00e9ro du joueur et, selon le mod\u00e8le choisi, le nom du joueur, \u00e0 l\u2019avant du fauteuil de Foot Fauteuil \u26bd. Son design est minimaliste, visible en match &#8230;<\/p>\n","protected":false},"featured_media":3250,"comment_status":"open","ping_status":"closed","template":"","meta":{"jetpack_publicize_message":"Num\u00e9ro de joueur pour Strike Force et Accroche (pare-chocs avant)","jetpack_publicize_feature_enabled":true,"jetpack_social_post_already_shared":true,"jetpack_social_options":{"image_generator_settings":{"template":"highway","default_image_id":0,"font":"","enabled":false},"version":2}},"product_brand":[],"product_cat":[141],"product_tag":[],"class_list":{"0":"post-3295","1":"product","2":"type-product","3":"status-publish","4":"has-post-thumbnail","6":"product_cat-accessoires-strike-force","7":"product_shipping_class-colissimo","10":"first","11":"instock","12":"taxable","13":"shipping-taxable","14":"purchasable","15":"product-type-variable"},"yoast_head":"<!-- This site is optimized with the Yoast SEO plugin v27.0 - https:\/\/yoast.com\/product\/yoast-seo-wordpress\/ -->\n<title>Num\u00e9ro de joueur pour Strike Force et Accroche (pare-chocs avant) - RAVENFOX<\/title>\n<meta name=\"description\" content=\"Num\u00e9ro de joueur pour Strike Force. Plaque avant personnalisable avec num\u00e9ro, nom et logo sponsor. Disponible \u00e0 l\u2019unit\u00e9 ou en pack.\" \/>\n<meta name=\"robots\" content=\"index, follow, max-snippet:-1, max-image-preview:large, max-video-preview:-1\" \/>\n<link rel=\"canonical\" href=\"https:\/\/ravenfox.xyz\/de\/produit\/numero-de-joueur-pour-strike-force-et-accroche-pare-chocs-avant\/\" \/>\n<meta property=\"og:locale\" content=\"de_DE\" \/>\n<meta property=\"og:type\" content=\"article\" \/>\n<meta property=\"og:title\" content=\"Num\u00e9ro de joueur pour Strike Force et Accroche (pare-chocs avant) - RAVENFOX\" \/>\n<meta property=\"og:description\" content=\"Num\u00e9ro de joueur pour Strike Force. Plaque avant personnalisable avec num\u00e9ro, nom et logo sponsor. Disponible \u00e0 l\u2019unit\u00e9 ou en pack.\" \/>\n<meta property=\"og:url\" content=\"https:\/\/ravenfox.xyz\/de\/produit\/numero-de-joueur-pour-strike-force-et-accroche-pare-chocs-avant\/\" \/>\n<meta property=\"og:site_name\" content=\"RAVENFOX\" \/>\n<meta property=\"article:publisher\" content=\"https:\/\/www.facebook.com\/ravenfox.xyz\" \/>\n<meta property=\"article:modified_time\" content=\"2026-02-22T23:51:43+00:00\" \/>\n<meta property=\"og:image\" content=\"https:\/\/ravenfox.xyz\/wp-content\/uploads\/2026\/02\/Plaque-numero-joueur-opengraph-categorie.jpg\" \/>\n\t<meta property=\"og:image:width\" content=\"1600\" \/>\n\t<meta property=\"og:image:height\" content=\"1175\" \/>\n\t<meta property=\"og:image:type\" content=\"image\/jpeg\" \/>\n<meta name=\"twitter:card\" content=\"summary_large_image\" \/>\n<meta name=\"twitter:site\" content=\"@ravenfox_xyz\" \/>\n<meta name=\"twitter:label1\" content=\"Gesch\u00e4tzte Lesezeit\" \/>\n\t<meta name=\"twitter:data1\" content=\"2\u00a0Minuten\" \/>\n<script type=\"application\/ld+json\" class=\"yoast-schema-graph\">{\"@context\":\"https:\/\/schema.org\",\"@graph\":[{\"@type\":\"WebPage\",\"@id\":\"https:\/\/ravenfox.xyz\/de\/produit\/numero-de-joueur-pour-strike-force-et-accroche-pare-chocs-avant\/\",\"url\":\"https:\/\/ravenfox.xyz\/de\/produit\/numero-de-joueur-pour-strike-force-et-accroche-pare-chocs-avant\/\",\"name\":\"Num\u00e9ro de joueur pour Strike Force et Accroche (pare-chocs avant) - RAVENFOX\",\"isPartOf\":{\"@id\":\"https:\/\/ravenfox.xyz\/de\/#website\"},\"primaryImageOfPage\":{\"@id\":\"https:\/\/ravenfox.xyz\/de\/produit\/numero-de-joueur-pour-strike-force-et-accroche-pare-chocs-avant\/#primaryimage\"},\"image\":{\"@id\":\"https:\/\/ravenfox.xyz\/de\/produit\/numero-de-joueur-pour-strike-force-et-accroche-pare-chocs-avant\/#primaryimage\"},\"thumbnailUrl\":\"https:\/\/i0.wp.com\/ravenfox.xyz\/wp-content\/uploads\/2026\/02\/Plaque-numero-joueur-opengraph-categorie.jpg?fit=1600%2C1175&ssl=1\",\"datePublished\":\"2026-02-22T23:51:42+00:00\",\"dateModified\":\"2026-02-22T23:51:43+00:00\",\"description\":\"Num\u00e9ro de joueur pour Strike Force. Plaque avant personnalisable avec num\u00e9ro, nom et logo sponsor. Disponible \u00e0 l\u2019unit\u00e9 ou en pack.\",\"breadcrumb\":{\"@id\":\"https:\/\/ravenfox.xyz\/de\/produit\/numero-de-joueur-pour-strike-force-et-accroche-pare-chocs-avant\/#breadcrumb\"},\"inLanguage\":\"de\",\"potentialAction\":[{\"@type\":\"ReadAction\",\"target\":[\"https:\/\/ravenfox.xyz\/de\/produit\/numero-de-joueur-pour-strike-force-et-accroche-pare-chocs-avant\/\"]}]},{\"@type\":\"ImageObject\",\"inLanguage\":\"de\",\"@id\":\"https:\/\/ravenfox.xyz\/de\/produit\/numero-de-joueur-pour-strike-force-et-accroche-pare-chocs-avant\/#primaryimage\",\"url\":\"https:\/\/i0.wp.com\/ravenfox.xyz\/wp-content\/uploads\/2026\/02\/Plaque-numero-joueur-opengraph-categorie.jpg?fit=1600%2C1175&ssl=1\",\"contentUrl\":\"https:\/\/i0.wp.com\/ravenfox.xyz\/wp-content\/uploads\/2026\/02\/Plaque-numero-joueur-opengraph-categorie.jpg?fit=1600%2C1175&ssl=1\",\"width\":1600,\"height\":1175},{\"@type\":\"BreadcrumbList\",\"@id\":\"https:\/\/ravenfox.xyz\/de\/produit\/numero-de-joueur-pour-strike-force-et-accroche-pare-chocs-avant\/#breadcrumb\",\"itemListElement\":[{\"@type\":\"ListItem\",\"position\":1,\"name\":\"Accueil\",\"item\":\"https:\/\/ravenfox.xyz\/de\/\"},{\"@type\":\"ListItem\",\"position\":2,\"name\":\"Online-Shop\",\"item\":\"https:\/\/ravenfox.xyz\/boutique\/\"},{\"@type\":\"ListItem\",\"position\":3,\"name\":\"Num\u00e9ro de joueur pour Strike Force et Accroche (pare-chocs avant)\"}]},{\"@type\":\"WebSite\",\"@id\":\"https:\/\/ravenfox.xyz\/de\/#website\",\"url\":\"https:\/\/ravenfox.xyz\/de\/\",\"name\":\"RAVENFOX\",\"description\":\"Accessoires pour fauteuils roulants \u00e9lectriques\",\"publisher\":{\"@id\":\"https:\/\/ravenfox.xyz\/de\/#organization\"},\"potentialAction\":[{\"@type\":\"SearchAction\",\"target\":{\"@type\":\"EntryPoint\",\"urlTemplate\":\"https:\/\/ravenfox.xyz\/de\/?s={search_term_string}\"},\"query-input\":{\"@type\":\"PropertyValueSpecification\",\"valueRequired\":true,\"valueName\":\"search_term_string\"}}],\"inLanguage\":\"de\"},{\"@type\":\"Organization\",\"@id\":\"https:\/\/ravenfox.xyz\/de\/#organization\",\"name\":\"RAVENFOX\",\"url\":\"https:\/\/ravenfox.xyz\/de\/\",\"logo\":{\"@type\":\"ImageObject\",\"inLanguage\":\"de\",\"@id\":\"https:\/\/ravenfox.xyz\/de\/#\/schema\/logo\/image\/\",\"url\":\"https:\/\/ravenfox.xyz\/wp-content\/uploads\/2023\/12\/Logo-Header-Black.png\",\"contentUrl\":\"https:\/\/ravenfox.xyz\/wp-content\/uploads\/2023\/12\/Logo-Header-Black.png\",\"width\":566,\"height\":115,\"caption\":\"RAVENFOX\"},\"image\":{\"@id\":\"https:\/\/ravenfox.xyz\/de\/#\/schema\/logo\/image\/\"},\"sameAs\":[\"https:\/\/www.facebook.com\/ravenfox.xyz\",\"https:\/\/x.com\/ravenfox_xyz\",\"https:\/\/www.instagram.com\/ravenfox.xyz\/\",\"https:\/\/www.youtube.com\/@ravenfox_xyz\"]}]}<\/script>\n<!-- \/ Yoast SEO plugin. -->","yoast_head_json":{"title":"Num\u00e9ro de joueur pour Strike Force et Accroche (pare-chocs avant) - RAVENFOX","description":"Num\u00e9ro de joueur pour Strike Force. Plaque avant personnalisable avec num\u00e9ro, nom et logo sponsor. Disponible \u00e0 l\u2019unit\u00e9 ou en pack.","robots":{"index":"index","follow":"follow","max-snippet":"max-snippet:-1","max-image-preview":"max-image-preview:large","max-video-preview":"max-video-preview:-1"},"canonical":"https:\/\/ravenfox.xyz\/de\/produit\/numero-de-joueur-pour-strike-force-et-accroche-pare-chocs-avant\/","og_locale":"de_DE","og_type":"article","og_title":"Num\u00e9ro de joueur pour Strike Force et Accroche (pare-chocs avant) - RAVENFOX","og_description":"Num\u00e9ro de joueur pour Strike Force. Plaque avant personnalisable avec num\u00e9ro, nom et logo sponsor. Disponible \u00e0 l\u2019unit\u00e9 ou en pack.","og_url":"https:\/\/ravenfox.xyz\/de\/produit\/numero-de-joueur-pour-strike-force-et-accroche-pare-chocs-avant\/","og_site_name":"RAVENFOX","article_publisher":"https:\/\/www.facebook.com\/ravenfox.xyz","article_modified_time":"2026-02-22T23:51:43+00:00","og_image":[{"width":1600,"height":1175,"url":"https:\/\/ravenfox.xyz\/wp-content\/uploads\/2026\/02\/Plaque-numero-joueur-opengraph-categorie.jpg","type":"image\/jpeg"}],"twitter_card":"summary_large_image","twitter_site":"@ravenfox_xyz","twitter_misc":{"Gesch\u00e4tzte Lesezeit":"2\u00a0Minuten"},"schema":{"@context":"https:\/\/schema.org","@graph":[{"@type":"WebPage","@id":"https:\/\/ravenfox.xyz\/de\/produit\/numero-de-joueur-pour-strike-force-et-accroche-pare-chocs-avant\/","url":"https:\/\/ravenfox.xyz\/de\/produit\/numero-de-joueur-pour-strike-force-et-accroche-pare-chocs-avant\/","name":"Num\u00e9ro de joueur pour Strike Force et Accroche (pare-chocs avant) - RAVENFOX","isPartOf":{"@id":"https:\/\/ravenfox.xyz\/de\/#website"},"primaryImageOfPage":{"@id":"https:\/\/ravenfox.xyz\/de\/produit\/numero-de-joueur-pour-strike-force-et-accroche-pare-chocs-avant\/#primaryimage"},"image":{"@id":"https:\/\/ravenfox.xyz\/de\/produit\/numero-de-joueur-pour-strike-force-et-accroche-pare-chocs-avant\/#primaryimage"},"thumbnailUrl":"https:\/\/i0.wp.com\/ravenfox.xyz\/wp-content\/uploads\/2026\/02\/Plaque-numero-joueur-opengraph-categorie.jpg?fit=1600%2C1175&ssl=1","datePublished":"2026-02-22T23:51:42+00:00","dateModified":"2026-02-22T23:51:43+00:00","description":"Num\u00e9ro de joueur pour Strike Force. Plaque avant personnalisable avec num\u00e9ro, nom et logo sponsor. Disponible \u00e0 l\u2019unit\u00e9 ou en pack.","breadcrumb":{"@id":"https:\/\/ravenfox.xyz\/de\/produit\/numero-de-joueur-pour-strike-force-et-accroche-pare-chocs-avant\/#breadcrumb"},"inLanguage":"de","potentialAction":[{"@type":"ReadAction","target":["https:\/\/ravenfox.xyz\/de\/produit\/numero-de-joueur-pour-strike-force-et-accroche-pare-chocs-avant\/"]}]},{"@type":"ImageObject","inLanguage":"de","@id":"https:\/\/ravenfox.xyz\/de\/produit\/numero-de-joueur-pour-strike-force-et-accroche-pare-chocs-avant\/#primaryimage","url":"https:\/\/i0.wp.com\/ravenfox.xyz\/wp-content\/uploads\/2026\/02\/Plaque-numero-joueur-opengraph-categorie.jpg?fit=1600%2C1175&ssl=1","contentUrl":"https:\/\/i0.wp.com\/ravenfox.xyz\/wp-content\/uploads\/2026\/02\/Plaque-numero-joueur-opengraph-categorie.jpg?fit=1600%2C1175&ssl=1","width":1600,"height":1175},{"@type":"BreadcrumbList","@id":"https:\/\/ravenfox.xyz\/de\/produit\/numero-de-joueur-pour-strike-force-et-accroche-pare-chocs-avant\/#breadcrumb","itemListElement":[{"@type":"ListItem","position":1,"name":"Accueil","item":"https:\/\/ravenfox.xyz\/de\/"},{"@type":"ListItem","position":2,"name":"Online-Shop","item":"https:\/\/ravenfox.xyz\/boutique\/"},{"@type":"ListItem","position":3,"name":"Num\u00e9ro de joueur pour Strike Force et Accroche (pare-chocs avant)"}]},{"@type":"WebSite","@id":"https:\/\/ravenfox.xyz\/de\/#website","url":"https:\/\/ravenfox.xyz\/de\/","name":"RAVENFOX","description":"Accessoires pour fauteuils roulants \u00e9lectriques","publisher":{"@id":"https:\/\/ravenfox.xyz\/de\/#organization"},"potentialAction":[{"@type":"SearchAction","target":{"@type":"EntryPoint","urlTemplate":"https:\/\/ravenfox.xyz\/de\/?s={search_term_string}"},"query-input":{"@type":"PropertyValueSpecification","valueRequired":true,"valueName":"search_term_string"}}],"inLanguage":"de"},{"@type":"Organization","@id":"https:\/\/ravenfox.xyz\/de\/#organization","name":"RAVENFOX","url":"https:\/\/ravenfox.xyz\/de\/","logo":{"@type":"ImageObject","inLanguage":"de","@id":"https:\/\/ravenfox.xyz\/de\/#\/schema\/logo\/image\/","url":"https:\/\/ravenfox.xyz\/wp-content\/uploads\/2023\/12\/Logo-Header-Black.png","contentUrl":"https:\/\/ravenfox.xyz\/wp-content\/uploads\/2023\/12\/Logo-Header-Black.png","width":566,"height":115,"caption":"RAVENFOX"},"image":{"@id":"https:\/\/ravenfox.xyz\/de\/#\/schema\/logo\/image\/"},"sameAs":["https:\/\/www.facebook.com\/ravenfox.xyz","https:\/\/x.com\/ravenfox_xyz","https:\/\/www.instagram.com\/ravenfox.xyz\/","https:\/\/www.youtube.com\/@ravenfox_xyz"]}]}},"jetpack_publicize_connections":[],"jetpack_sharing_enabled":true,"_links":{"self":[{"href":"https:\/\/ravenfox.xyz\/de\/wp-json\/wp\/v2\/product\/3295","targetHints":{"allow":["GET"]}}],"collection":[{"href":"https:\/\/ravenfox.xyz\/de\/wp-json\/wp\/v2\/product"}],"about":[{"href":"https:\/\/ravenfox.xyz\/de\/wp-json\/wp\/v2\/types\/product"}],"replies":[{"embeddable":true,"href":"https:\/\/ravenfox.xyz\/de\/wp-json\/wp\/v2\/comments?post=3295"}],"wp:featuredmedia":[{"embeddable":true,"href":"https:\/\/ravenfox.xyz\/de\/wp-json\/wp\/v2\/media\/3250"}],"wp:attachment":[{"href":"https:\/\/ravenfox.xyz\/de\/wp-json\/wp\/v2\/media?parent=3295"}],"wp:term":[{"taxonomy":"product_brand","embeddable":true,"href":"https:\/\/ravenfox.xyz\/de\/wp-json\/wp\/v2\/product_brand?post=3295"},{"taxonomy":"product_cat","embeddable":true,"href":"https:\/\/ravenfox.xyz\/de\/wp-json\/wp\/v2\/product_cat?post=3295"},{"taxonomy":"product_tag","embeddable":true,"href":"https:\/\/ravenfox.xyz\/de\/wp-json\/wp\/v2\/product_tag?post=3295"}],"curies":[{"name":"wp","href":"https:\/\/api.w.org\/{rel}","templated":true}]}}