{"id":755,"date":"2023-12-06T23:37:54","date_gmt":"2023-12-06T22:37:54","guid":{"rendered":"https:\/\/ravenfox.xyz\/produit\/schnellladegeraet-usb-c-xlr-30-watt-fuer-elektrischen-rollstuhl\/"},"modified":"2026-04-01T22:23:43","modified_gmt":"2026-04-01T20:23:43","slug":"schnellladegeraet-usb-c-xlr-30-watt-fuer-elektrischen-rollstuhl","status":"publish","type":"product","link":"https:\/\/ravenfox.xyz\/de\/produit\/schnellladegeraet-usb-c-xlr-30-watt-fuer-elektrischen-rollstuhl\/","title":{"rendered":"Schnellladeger\u00e4t USB C &#8211; XLR 30 Watt f\u00fcr elektrischen Rollstuhl"},"content":{"rendered":"<div id=\"cs-content\" class=\"cs-content\"><\/div>\n","protected":false},"excerpt":{"rendered":"<p>USB-Ladeger\u00e4t zum Laden von Smartphone oder anderen Ger\u00e4ten mit dem elektrischen Rollstuhl.<\/p>\n","protected":false},"featured_media":756,"comment_status":"open","ping_status":"closed","template":"","meta":{"jetpack_publicize_message":"","jetpack_publicize_feature_enabled":true,"jetpack_social_post_already_shared":true,"jetpack_social_options":{"image_generator_settings":{"template":"highway","default_image_id":0,"font":"","enabled":false},"version":2}},"product_brand":[],"product_cat":[73,72],"product_tag":[],"class_list":{"0":"post-755","1":"product","2":"type-product","3":"status-publish","4":"has-post-thumbnail","6":"product_cat-rollstuhl-scooter","7":"product_cat-zubehoer-fuer-elektrorollstuehle","10":"first","11":"instock","12":"featured","13":"taxable","14":"shipping-taxable","15":"purchasable","16":"product-type-variable","17":"has-default-attributes"},"yoast_head":"<!-- This site is optimized with the Yoast SEO plugin v27.0 - https:\/\/yoast.com\/product\/yoast-seo-wordpress\/ -->\n<title>Ladeger\u00e4t Schnellladung USB Elektrischer Rollstuhl 30W Ravenfox<\/title>\n<meta name=\"description\" content=\"USB-Ladeger\u00e4t f\u00fcr elektrischen Rollstuhl zum Laden von Handy oder anderen Ger\u00e4ten, sogar USB-C.\" \/>\n<meta name=\"robots\" content=\"index, follow, max-snippet:-1, max-image-preview:large, max-video-preview:-1\" \/>\n<link rel=\"canonical\" href=\"https:\/\/ravenfox.xyz\/de\/produit\/schnellladegeraet-usb-c-xlr-30-watt-fuer-elektrischen-rollstuhl\/\" \/>\n<meta property=\"og:locale\" content=\"de_DE\" \/>\n<meta property=\"og:type\" content=\"article\" \/>\n<meta property=\"og:title\" content=\"Ladeger\u00e4t Schnellladung USB Elektrischer Rollstuhl 30W Ravenfox\" \/>\n<meta property=\"og:description\" content=\"USB-Ladeger\u00e4t f\u00fcr elektrischen Rollstuhl zum Laden von Handy oder anderen Ger\u00e4ten, sogar USB-C.\" \/>\n<meta property=\"og:url\" content=\"https:\/\/ravenfox.xyz\/de\/produit\/schnellladegeraet-usb-c-xlr-30-watt-fuer-elektrischen-rollstuhl\/\" \/>\n<meta property=\"og:site_name\" content=\"RAVENFOX\" \/>\n<meta property=\"article:publisher\" content=\"https:\/\/www.facebook.com\/ravenfox.xyz\" \/>\n<meta property=\"article:modified_time\" content=\"2026-04-01T20:23:43+00:00\" \/>\n<meta property=\"og:image\" content=\"https:\/\/ravenfox.xyz\/wp-content\/uploads\/2023\/12\/Chargeur-USB-Ravenfox-Noir-avec-dragone.webp\" \/>\n\t<meta property=\"og:image:width\" content=\"1200\" \/>\n\t<meta property=\"og:image:height\" content=\"1200\" \/>\n\t<meta property=\"og:image:type\" content=\"image\/webp\" \/>\n<meta name=\"twitter:card\" content=\"summary_large_image\" \/>\n<meta name=\"twitter:site\" content=\"@ravenfox_xyz\" \/>\n<meta name=\"twitter:label1\" content=\"Gesch\u00e4tzte Lesezeit\" \/>\n\t<meta name=\"twitter:data1\" content=\"3\u00a0Minuten\" \/>\n<script type=\"application\/ld+json\" class=\"yoast-schema-graph\">{\"@context\":\"https:\/\/schema.org\",\"@graph\":[{\"@type\":\"WebPage\",\"@id\":\"https:\/\/ravenfox.xyz\/de\/produit\/schnellladegeraet-usb-c-xlr-30-watt-fuer-elektrischen-rollstuhl\/\",\"url\":\"https:\/\/ravenfox.xyz\/de\/produit\/schnellladegeraet-usb-c-xlr-30-watt-fuer-elektrischen-rollstuhl\/\",\"name\":\"Ladeger\u00e4t Schnellladung USB Elektrischer Rollstuhl 30W Ravenfox\",\"isPartOf\":{\"@id\":\"https:\/\/ravenfox.xyz\/de\/#website\"},\"primaryImageOfPage\":{\"@id\":\"https:\/\/ravenfox.xyz\/de\/produit\/schnellladegeraet-usb-c-xlr-30-watt-fuer-elektrischen-rollstuhl\/#primaryimage\"},\"image\":{\"@id\":\"https:\/\/ravenfox.xyz\/de\/produit\/schnellladegeraet-usb-c-xlr-30-watt-fuer-elektrischen-rollstuhl\/#primaryimage\"},\"thumbnailUrl\":\"https:\/\/i0.wp.com\/ravenfox.xyz\/wp-content\/uploads\/2023\/12\/Chargeur-USB-Ravenfox-Noir-avec-dragone.webp?fit=1200%2C1200&ssl=1\",\"datePublished\":\"2023-12-06T22:37:54+00:00\",\"dateModified\":\"2026-04-01T20:23:43+00:00\",\"description\":\"USB-Ladeger\u00e4t f\u00fcr elektrischen Rollstuhl zum Laden von Handy oder anderen Ger\u00e4ten, sogar USB-C.\",\"breadcrumb\":{\"@id\":\"https:\/\/ravenfox.xyz\/de\/produit\/schnellladegeraet-usb-c-xlr-30-watt-fuer-elektrischen-rollstuhl\/#breadcrumb\"},\"inLanguage\":\"de\",\"potentialAction\":[{\"@type\":\"ReadAction\",\"target\":[\"https:\/\/ravenfox.xyz\/de\/produit\/schnellladegeraet-usb-c-xlr-30-watt-fuer-elektrischen-rollstuhl\/\"]}]},{\"@type\":\"ImageObject\",\"inLanguage\":\"de\",\"@id\":\"https:\/\/ravenfox.xyz\/de\/produit\/schnellladegeraet-usb-c-xlr-30-watt-fuer-elektrischen-rollstuhl\/#primaryimage\",\"url\":\"https:\/\/i0.wp.com\/ravenfox.xyz\/wp-content\/uploads\/2023\/12\/Chargeur-USB-Ravenfox-Noir-avec-dragone.webp?fit=1200%2C1200&ssl=1\",\"contentUrl\":\"https:\/\/i0.wp.com\/ravenfox.xyz\/wp-content\/uploads\/2023\/12\/Chargeur-USB-Ravenfox-Noir-avec-dragone.webp?fit=1200%2C1200&ssl=1\",\"width\":1200,\"height\":1200,\"caption\":\"USB-Ladeger\u00e4t Ravenfox Schwarz mit einem USB-C-Anschluss, einem USB-A-Anschluss, einem XLR-Anschluss und einem sch\u00f6nen Logo, das einen Raben und einen Fuchs fusioniert. Man kann auch eine Trageschlaufe sehen, die es erm\u00f6glicht, das Ladeger\u00e4t am Joystick seines Rollstuhls zu befestigen.\"},{\"@type\":\"BreadcrumbList\",\"@id\":\"https:\/\/ravenfox.xyz\/de\/produit\/schnellladegeraet-usb-c-xlr-30-watt-fuer-elektrischen-rollstuhl\/#breadcrumb\",\"itemListElement\":[{\"@type\":\"ListItem\",\"position\":1,\"name\":\"Accueil\",\"item\":\"https:\/\/ravenfox.xyz\/de\/\"},{\"@type\":\"ListItem\",\"position\":2,\"name\":\"Online-Shop\",\"item\":\"https:\/\/ravenfox.xyz\/boutique\/\"},{\"@type\":\"ListItem\",\"position\":3,\"name\":\"Schnellladeger\u00e4t USB C &#8211; XLR 30 Watt f\u00fcr elektrischen Rollstuhl\"}]},{\"@type\":\"WebSite\",\"@id\":\"https:\/\/ravenfox.xyz\/de\/#website\",\"url\":\"https:\/\/ravenfox.xyz\/de\/\",\"name\":\"RAVENFOX\",\"description\":\"Accessoires pour fauteuils roulants \u00e9lectriques\",\"publisher\":{\"@id\":\"https:\/\/ravenfox.xyz\/de\/#organization\"},\"potentialAction\":[{\"@type\":\"SearchAction\",\"target\":{\"@type\":\"EntryPoint\",\"urlTemplate\":\"https:\/\/ravenfox.xyz\/de\/?s={search_term_string}\"},\"query-input\":{\"@type\":\"PropertyValueSpecification\",\"valueRequired\":true,\"valueName\":\"search_term_string\"}}],\"inLanguage\":\"de\"},{\"@type\":\"Organization\",\"@id\":\"https:\/\/ravenfox.xyz\/de\/#organization\",\"name\":\"RAVENFOX\",\"url\":\"https:\/\/ravenfox.xyz\/de\/\",\"logo\":{\"@type\":\"ImageObject\",\"inLanguage\":\"de\",\"@id\":\"https:\/\/ravenfox.xyz\/de\/#\/schema\/logo\/image\/\",\"url\":\"https:\/\/ravenfox.xyz\/wp-content\/uploads\/2023\/12\/Logo-Header-Black.png\",\"contentUrl\":\"https:\/\/ravenfox.xyz\/wp-content\/uploads\/2023\/12\/Logo-Header-Black.png\",\"width\":566,\"height\":115,\"caption\":\"RAVENFOX\"},\"image\":{\"@id\":\"https:\/\/ravenfox.xyz\/de\/#\/schema\/logo\/image\/\"},\"sameAs\":[\"https:\/\/www.facebook.com\/ravenfox.xyz\",\"https:\/\/x.com\/ravenfox_xyz\",\"https:\/\/www.instagram.com\/ravenfox.xyz\/\",\"https:\/\/www.youtube.com\/@ravenfox_xyz\"]}]}<\/script>\n<!-- \/ Yoast SEO plugin. -->","yoast_head_json":{"title":"Ladeger\u00e4t Schnellladung USB Elektrischer Rollstuhl 30W Ravenfox","description":"USB-Ladeger\u00e4t f\u00fcr elektrischen Rollstuhl zum Laden von Handy oder anderen Ger\u00e4ten, sogar USB-C.","robots":{"index":"index","follow":"follow","max-snippet":"max-snippet:-1","max-image-preview":"max-image-preview:large","max-video-preview":"max-video-preview:-1"},"canonical":"https:\/\/ravenfox.xyz\/de\/produit\/schnellladegeraet-usb-c-xlr-30-watt-fuer-elektrischen-rollstuhl\/","og_locale":"de_DE","og_type":"article","og_title":"Ladeger\u00e4t Schnellladung USB Elektrischer Rollstuhl 30W Ravenfox","og_description":"USB-Ladeger\u00e4t f\u00fcr elektrischen Rollstuhl zum Laden von Handy oder anderen Ger\u00e4ten, sogar USB-C.","og_url":"https:\/\/ravenfox.xyz\/de\/produit\/schnellladegeraet-usb-c-xlr-30-watt-fuer-elektrischen-rollstuhl\/","og_site_name":"RAVENFOX","article_publisher":"https:\/\/www.facebook.com\/ravenfox.xyz","article_modified_time":"2026-04-01T20:23:43+00:00","og_image":[{"width":1200,"height":1200,"url":"https:\/\/ravenfox.xyz\/wp-content\/uploads\/2023\/12\/Chargeur-USB-Ravenfox-Noir-avec-dragone.webp","type":"image\/webp"}],"twitter_card":"summary_large_image","twitter_site":"@ravenfox_xyz","twitter_misc":{"Gesch\u00e4tzte Lesezeit":"3\u00a0Minuten"},"schema":{"@context":"https:\/\/schema.org","@graph":[{"@type":"WebPage","@id":"https:\/\/ravenfox.xyz\/de\/produit\/schnellladegeraet-usb-c-xlr-30-watt-fuer-elektrischen-rollstuhl\/","url":"https:\/\/ravenfox.xyz\/de\/produit\/schnellladegeraet-usb-c-xlr-30-watt-fuer-elektrischen-rollstuhl\/","name":"Ladeger\u00e4t Schnellladung USB Elektrischer Rollstuhl 30W Ravenfox","isPartOf":{"@id":"https:\/\/ravenfox.xyz\/de\/#website"},"primaryImageOfPage":{"@id":"https:\/\/ravenfox.xyz\/de\/produit\/schnellladegeraet-usb-c-xlr-30-watt-fuer-elektrischen-rollstuhl\/#primaryimage"},"image":{"@id":"https:\/\/ravenfox.xyz\/de\/produit\/schnellladegeraet-usb-c-xlr-30-watt-fuer-elektrischen-rollstuhl\/#primaryimage"},"thumbnailUrl":"https:\/\/i0.wp.com\/ravenfox.xyz\/wp-content\/uploads\/2023\/12\/Chargeur-USB-Ravenfox-Noir-avec-dragone.webp?fit=1200%2C1200&ssl=1","datePublished":"2023-12-06T22:37:54+00:00","dateModified":"2026-04-01T20:23:43+00:00","description":"USB-Ladeger\u00e4t f\u00fcr elektrischen Rollstuhl zum Laden von Handy oder anderen Ger\u00e4ten, sogar USB-C.","breadcrumb":{"@id":"https:\/\/ravenfox.xyz\/de\/produit\/schnellladegeraet-usb-c-xlr-30-watt-fuer-elektrischen-rollstuhl\/#breadcrumb"},"inLanguage":"de","potentialAction":[{"@type":"ReadAction","target":["https:\/\/ravenfox.xyz\/de\/produit\/schnellladegeraet-usb-c-xlr-30-watt-fuer-elektrischen-rollstuhl\/"]}]},{"@type":"ImageObject","inLanguage":"de","@id":"https:\/\/ravenfox.xyz\/de\/produit\/schnellladegeraet-usb-c-xlr-30-watt-fuer-elektrischen-rollstuhl\/#primaryimage","url":"https:\/\/i0.wp.com\/ravenfox.xyz\/wp-content\/uploads\/2023\/12\/Chargeur-USB-Ravenfox-Noir-avec-dragone.webp?fit=1200%2C1200&ssl=1","contentUrl":"https:\/\/i0.wp.com\/ravenfox.xyz\/wp-content\/uploads\/2023\/12\/Chargeur-USB-Ravenfox-Noir-avec-dragone.webp?fit=1200%2C1200&ssl=1","width":1200,"height":1200,"caption":"USB-Ladeger\u00e4t Ravenfox Schwarz mit einem USB-C-Anschluss, einem USB-A-Anschluss, einem XLR-Anschluss und einem sch\u00f6nen Logo, das einen Raben und einen Fuchs fusioniert. Man kann auch eine Trageschlaufe sehen, die es erm\u00f6glicht, das Ladeger\u00e4t am Joystick seines Rollstuhls zu befestigen."},{"@type":"BreadcrumbList","@id":"https:\/\/ravenfox.xyz\/de\/produit\/schnellladegeraet-usb-c-xlr-30-watt-fuer-elektrischen-rollstuhl\/#breadcrumb","itemListElement":[{"@type":"ListItem","position":1,"name":"Accueil","item":"https:\/\/ravenfox.xyz\/de\/"},{"@type":"ListItem","position":2,"name":"Online-Shop","item":"https:\/\/ravenfox.xyz\/boutique\/"},{"@type":"ListItem","position":3,"name":"Schnellladeger\u00e4t USB C &#8211; XLR 30 Watt f\u00fcr elektrischen Rollstuhl"}]},{"@type":"WebSite","@id":"https:\/\/ravenfox.xyz\/de\/#website","url":"https:\/\/ravenfox.xyz\/de\/","name":"RAVENFOX","description":"Accessoires pour fauteuils roulants \u00e9lectriques","publisher":{"@id":"https:\/\/ravenfox.xyz\/de\/#organization"},"potentialAction":[{"@type":"SearchAction","target":{"@type":"EntryPoint","urlTemplate":"https:\/\/ravenfox.xyz\/de\/?s={search_term_string}"},"query-input":{"@type":"PropertyValueSpecification","valueRequired":true,"valueName":"search_term_string"}}],"inLanguage":"de"},{"@type":"Organization","@id":"https:\/\/ravenfox.xyz\/de\/#organization","name":"RAVENFOX","url":"https:\/\/ravenfox.xyz\/de\/","logo":{"@type":"ImageObject","inLanguage":"de","@id":"https:\/\/ravenfox.xyz\/de\/#\/schema\/logo\/image\/","url":"https:\/\/ravenfox.xyz\/wp-content\/uploads\/2023\/12\/Logo-Header-Black.png","contentUrl":"https:\/\/ravenfox.xyz\/wp-content\/uploads\/2023\/12\/Logo-Header-Black.png","width":566,"height":115,"caption":"RAVENFOX"},"image":{"@id":"https:\/\/ravenfox.xyz\/de\/#\/schema\/logo\/image\/"},"sameAs":["https:\/\/www.facebook.com\/ravenfox.xyz","https:\/\/x.com\/ravenfox_xyz","https:\/\/www.instagram.com\/ravenfox.xyz\/","https:\/\/www.youtube.com\/@ravenfox_xyz"]}]}},"jetpack_publicize_connections":[],"jetpack_sharing_enabled":true,"_links":{"self":[{"href":"https:\/\/ravenfox.xyz\/de\/wp-json\/wp\/v2\/product\/755","targetHints":{"allow":["GET"]}}],"collection":[{"href":"https:\/\/ravenfox.xyz\/de\/wp-json\/wp\/v2\/product"}],"about":[{"href":"https:\/\/ravenfox.xyz\/de\/wp-json\/wp\/v2\/types\/product"}],"replies":[{"embeddable":true,"href":"https:\/\/ravenfox.xyz\/de\/wp-json\/wp\/v2\/comments?post=755"}],"wp:featuredmedia":[{"embeddable":true,"href":"https:\/\/ravenfox.xyz\/de\/wp-json\/wp\/v2\/media\/756"}],"wp:attachment":[{"href":"https:\/\/ravenfox.xyz\/de\/wp-json\/wp\/v2\/media?parent=755"}],"wp:term":[{"taxonomy":"product_brand","embeddable":true,"href":"https:\/\/ravenfox.xyz\/de\/wp-json\/wp\/v2\/product_brand?post=755"},{"taxonomy":"product_cat","embeddable":true,"href":"https:\/\/ravenfox.xyz\/de\/wp-json\/wp\/v2\/product_cat?post=755"},{"taxonomy":"product_tag","embeddable":true,"href":"https:\/\/ravenfox.xyz\/de\/wp-json\/wp\/v2\/product_tag?post=755"}],"curies":[{"name":"wp","href":"https:\/\/api.w.org\/{rel}","templated":true}]}}