{"id":2370,"date":"2024-12-27T23:44:12","date_gmt":"2024-12-27T22:44:12","guid":{"rendered":"https:\/\/ravenfox.xyz\/produit\/t-shirt-wheelchair-basketball-mvp\/"},"modified":"2024-12-28T00:04:07","modified_gmt":"2024-12-27T23:04:07","slug":"t-shirt-wheelchair-basketball-mvp","status":"publish","type":"product","link":"https:\/\/ravenfox.xyz\/en\/produit\/t-shirt-wheelchair-basketball-mvp\/","title":{"rendered":"T-shirt Wheelchair Basketball MVP"},"content":{"rendered":"<p>Fabriqu\u00e9 \u00e0 100\u00a0% en coton biologique fil\u00e9 \u00e0 l&#8217;anneau, ce t-shirt unisexe est un incontournable pour tous les amoureux de basket fauteuil. Il est de haute qualit\u00e9, super confortable et cerise sur le g\u00e2teau\u00a0: \u00e9cologique (selon la d\u00e9finition des dieux du marketing).<\/p>\n<p>\u2022 100\u00a0%\u00a0coton biologique fil\u00e9 \u00e0 l&#8217;anneau<br \/>\n\u2022 Poids du tissu\u00a0: 180\u00a0g\/m\u00b2 (5,3\u00a0oz\/yd\u00b2)<br \/>\n\u2022 Jersey simple<br \/>\n\u2022 Coupe moyenne<br \/>\n\u2022 Manches mont\u00e9es<br \/>\n\u2022 C\u00f4te 1\u00a0\u00d7 1 au col<br \/>\n\u2022 Surpiq\u00fbre double large sur les ourlets des manches et du bas<br \/>\n\u2022 Bande d&#8217;encolure en tissu assorti (int\u00e9rieur, arri\u00e8re du cou)<\/p>\n<p>Les tailles correspondent \u00e0 une taille plus petite sur le march\u00e9 am\u00e9ricain, les clients.es am\u00e9ricains.es doivent donc commander une taille au-dessus aux \u00c9tats-Unis.<\/p>\n<p>Age restrictions: Pour les adultes<br \/>\nEU Warranty: 2\u00a0ans<br \/>\nOther compliance information: R\u00e9pond aux exigences REACH de l&#8217;UE.<\/p>\n<p>In compliance with the General Product Safety Regulation (GPSR), <b>RavenFox<\/b> ensures that all consumer products offered are safe and meet EU standards. For any product safety related inquiries or concerns, please contact us at <b>bro@ravenfox.xyz<\/b> or write to us <b>126 rue d&#8217;Al\u00e9sia, 75014 Paris, France.<b><\/b><\/b><\/p>\n","protected":false},"excerpt":{"rendered":"<p>Fabriqu\u00e9 \u00e0 100\u00a0% en coton biologique fil\u00e9 \u00e0 l&#8217;anneau, ce t-shirt unisexe est un incontournable pour tous les amoureux de basket fauteuil. Il est de haute qualit\u00e9, super confortable et cerise sur le g\u00e2teau\u00a0: \u00e9cologique (selon la d\u00e9finition des dieux du marketing). \u2022 100\u00a0%\u00a0coton biologique fil\u00e9 \u00e0 l&#8217;anneau \u2022 Poids du tissu\u00a0: 180\u00a0g\/m\u00b2 (5,3\u00a0oz\/yd\u00b2) \u2022 Jersey simple \u2022 Coupe moyenne &#8230;<\/p>\n","protected":false},"featured_media":2401,"comment_status":"open","ping_status":"closed","template":"","meta":{"jetpack_publicize_message":"","jetpack_publicize_feature_enabled":true,"jetpack_social_post_already_shared":true,"jetpack_social_options":{"image_generator_settings":{"template":"highway","default_image_id":0,"font":"","enabled":false},"version":2}},"product_brand":[],"product_cat":[81,108],"product_tag":[],"class_list":{"0":"post-2370","1":"product","2":"type-product","3":"status-publish","4":"has-post-thumbnail","6":"product_cat-merchandising","7":"product_cat-t-shirt","10":"first","11":"instock","12":"taxable","13":"shipping-taxable","14":"purchasable","15":"product-type-variable","16":"has-default-attributes"},"yoast_head":"<!-- This site is optimized with the Yoast SEO plugin v27.0 - https:\/\/yoast.com\/product\/yoast-seo-wordpress\/ -->\n<title>T-shirt Wheelchair Basketball MVP - RAVENFOX<\/title>\n<meta name=\"robots\" content=\"index, follow, max-snippet:-1, max-image-preview:large, max-video-preview:-1\" \/>\n<link rel=\"canonical\" href=\"https:\/\/ravenfox.xyz\/en\/produit\/t-shirt-wheelchair-basketball-mvp\/\" \/>\n<meta property=\"og:locale\" content=\"en_US\" \/>\n<meta property=\"og:type\" content=\"article\" \/>\n<meta property=\"og:title\" content=\"T-shirt Wheelchair Basketball MVP - RAVENFOX\" \/>\n<meta property=\"og:description\" content=\"Fabriqu\u00e9 \u00e0 100\u00a0% en coton biologique fil\u00e9 \u00e0 l&#8217;anneau, ce t-shirt unisexe est un incontournable pour tous les amoureux de basket fauteuil. Il est de haute qualit\u00e9, super confortable et cerise sur le g\u00e2teau\u00a0: \u00e9cologique (selon la d\u00e9finition des dieux du marketing). \u2022 100\u00a0%\u00a0coton biologique fil\u00e9 \u00e0 l&#8217;anneau \u2022 Poids du tissu\u00a0: 180\u00a0g\/m\u00b2 (5,3\u00a0oz\/yd\u00b2) \u2022 Jersey simple \u2022 Coupe moyenne ...\" \/>\n<meta property=\"og:url\" content=\"https:\/\/ravenfox.xyz\/en\/produit\/t-shirt-wheelchair-basketball-mvp\/\" \/>\n<meta property=\"og:site_name\" content=\"RAVENFOX\" \/>\n<meta property=\"article:publisher\" content=\"https:\/\/www.facebook.com\/ravenfox.xyz\" \/>\n<meta property=\"article:modified_time\" content=\"2024-12-27T23:04:07+00:00\" \/>\n<meta property=\"og:image\" content=\"https:\/\/ravenfox.xyz\/wp-content\/uploads\/2024\/12\/unisex-organic-cotton-t-shirt-black-front-676f2da664502.jpg\" \/>\n\t<meta property=\"og:image:width\" content=\"2000\" \/>\n\t<meta property=\"og:image:height\" content=\"2000\" \/>\n\t<meta property=\"og:image:type\" content=\"image\/jpeg\" \/>\n<meta name=\"twitter:card\" content=\"summary_large_image\" \/>\n<meta name=\"twitter:site\" content=\"@ravenfox_xyz\" \/>\n<meta name=\"twitter:label1\" content=\"Est. reading time\" \/>\n\t<meta name=\"twitter:data1\" content=\"2 minutes\" \/>\n<script type=\"application\/ld+json\" class=\"yoast-schema-graph\">{\"@context\":\"https:\/\/schema.org\",\"@graph\":[{\"@type\":\"WebPage\",\"@id\":\"https:\/\/ravenfox.xyz\/en\/produit\/t-shirt-wheelchair-basketball-mvp\/\",\"url\":\"https:\/\/ravenfox.xyz\/en\/produit\/t-shirt-wheelchair-basketball-mvp\/\",\"name\":\"T-shirt Wheelchair Basketball MVP - RAVENFOX\",\"isPartOf\":{\"@id\":\"https:\/\/ravenfox.xyz\/en\/#website\"},\"primaryImageOfPage\":{\"@id\":\"https:\/\/ravenfox.xyz\/en\/produit\/t-shirt-wheelchair-basketball-mvp\/#primaryimage\"},\"image\":{\"@id\":\"https:\/\/ravenfox.xyz\/en\/produit\/t-shirt-wheelchair-basketball-mvp\/#primaryimage\"},\"thumbnailUrl\":\"https:\/\/i0.wp.com\/ravenfox.xyz\/wp-content\/uploads\/2024\/12\/unisex-organic-cotton-t-shirt-black-front-676f2da664502.jpg?fit=2000%2C2000&ssl=1\",\"datePublished\":\"2024-12-27T22:44:12+00:00\",\"dateModified\":\"2024-12-27T23:04:07+00:00\",\"breadcrumb\":{\"@id\":\"https:\/\/ravenfox.xyz\/en\/produit\/t-shirt-wheelchair-basketball-mvp\/#breadcrumb\"},\"inLanguage\":\"en-US\",\"potentialAction\":[{\"@type\":\"ReadAction\",\"target\":[\"https:\/\/ravenfox.xyz\/en\/produit\/t-shirt-wheelchair-basketball-mvp\/\"]}]},{\"@type\":\"ImageObject\",\"inLanguage\":\"en-US\",\"@id\":\"https:\/\/ravenfox.xyz\/en\/produit\/t-shirt-wheelchair-basketball-mvp\/#primaryimage\",\"url\":\"https:\/\/i0.wp.com\/ravenfox.xyz\/wp-content\/uploads\/2024\/12\/unisex-organic-cotton-t-shirt-black-front-676f2da664502.jpg?fit=2000%2C2000&ssl=1\",\"contentUrl\":\"https:\/\/i0.wp.com\/ravenfox.xyz\/wp-content\/uploads\/2024\/12\/unisex-organic-cotton-t-shirt-black-front-676f2da664502.jpg?fit=2000%2C2000&ssl=1\",\"width\":2000,\"height\":2000},{\"@type\":\"BreadcrumbList\",\"@id\":\"https:\/\/ravenfox.xyz\/en\/produit\/t-shirt-wheelchair-basketball-mvp\/#breadcrumb\",\"itemListElement\":[{\"@type\":\"ListItem\",\"position\":1,\"name\":\"Accueil\",\"item\":\"https:\/\/ravenfox.xyz\/en\/ravenfox-accessories-for-power-wheelchair-usb-charger\/\"},{\"@type\":\"ListItem\",\"position\":2,\"name\":\"Shop\",\"item\":\"https:\/\/ravenfox.xyz\/boutique\/\"},{\"@type\":\"ListItem\",\"position\":3,\"name\":\"T-shirt Wheelchair Basketball MVP\"}]},{\"@type\":\"WebSite\",\"@id\":\"https:\/\/ravenfox.xyz\/en\/#website\",\"url\":\"https:\/\/ravenfox.xyz\/en\/\",\"name\":\"RAVENFOX\",\"description\":\"Accessoires pour fauteuils roulants \u00e9lectriques\",\"publisher\":{\"@id\":\"https:\/\/ravenfox.xyz\/en\/#organization\"},\"potentialAction\":[{\"@type\":\"SearchAction\",\"target\":{\"@type\":\"EntryPoint\",\"urlTemplate\":\"https:\/\/ravenfox.xyz\/en\/?s={search_term_string}\"},\"query-input\":{\"@type\":\"PropertyValueSpecification\",\"valueRequired\":true,\"valueName\":\"search_term_string\"}}],\"inLanguage\":\"en-US\"},{\"@type\":\"Organization\",\"@id\":\"https:\/\/ravenfox.xyz\/en\/#organization\",\"name\":\"RAVENFOX\",\"url\":\"https:\/\/ravenfox.xyz\/en\/\",\"logo\":{\"@type\":\"ImageObject\",\"inLanguage\":\"en-US\",\"@id\":\"https:\/\/ravenfox.xyz\/en\/#\/schema\/logo\/image\/\",\"url\":\"https:\/\/ravenfox.xyz\/wp-content\/uploads\/2023\/12\/Logo-Header-Black.png\",\"contentUrl\":\"https:\/\/ravenfox.xyz\/wp-content\/uploads\/2023\/12\/Logo-Header-Black.png\",\"width\":566,\"height\":115,\"caption\":\"RAVENFOX\"},\"image\":{\"@id\":\"https:\/\/ravenfox.xyz\/en\/#\/schema\/logo\/image\/\"},\"sameAs\":[\"https:\/\/www.facebook.com\/ravenfox.xyz\",\"https:\/\/x.com\/ravenfox_xyz\",\"https:\/\/www.instagram.com\/ravenfox.xyz\/\",\"https:\/\/www.youtube.com\/@ravenfox_xyz\"]}]}<\/script>\n<!-- \/ Yoast SEO plugin. -->","yoast_head_json":{"title":"T-shirt Wheelchair Basketball MVP - RAVENFOX","robots":{"index":"index","follow":"follow","max-snippet":"max-snippet:-1","max-image-preview":"max-image-preview:large","max-video-preview":"max-video-preview:-1"},"canonical":"https:\/\/ravenfox.xyz\/en\/produit\/t-shirt-wheelchair-basketball-mvp\/","og_locale":"en_US","og_type":"article","og_title":"T-shirt Wheelchair Basketball MVP - RAVENFOX","og_description":"Fabriqu\u00e9 \u00e0 100\u00a0% en coton biologique fil\u00e9 \u00e0 l&#8217;anneau, ce t-shirt unisexe est un incontournable pour tous les amoureux de basket fauteuil. Il est de haute qualit\u00e9, super confortable et cerise sur le g\u00e2teau\u00a0: \u00e9cologique (selon la d\u00e9finition des dieux du marketing). \u2022 100\u00a0%\u00a0coton biologique fil\u00e9 \u00e0 l&#8217;anneau \u2022 Poids du tissu\u00a0: 180\u00a0g\/m\u00b2 (5,3\u00a0oz\/yd\u00b2) \u2022 Jersey simple \u2022 Coupe moyenne ...","og_url":"https:\/\/ravenfox.xyz\/en\/produit\/t-shirt-wheelchair-basketball-mvp\/","og_site_name":"RAVENFOX","article_publisher":"https:\/\/www.facebook.com\/ravenfox.xyz","article_modified_time":"2024-12-27T23:04:07+00:00","og_image":[{"width":2000,"height":2000,"url":"https:\/\/ravenfox.xyz\/wp-content\/uploads\/2024\/12\/unisex-organic-cotton-t-shirt-black-front-676f2da664502.jpg","type":"image\/jpeg"}],"twitter_card":"summary_large_image","twitter_site":"@ravenfox_xyz","twitter_misc":{"Est. reading time":"2 minutes"},"schema":{"@context":"https:\/\/schema.org","@graph":[{"@type":"WebPage","@id":"https:\/\/ravenfox.xyz\/en\/produit\/t-shirt-wheelchair-basketball-mvp\/","url":"https:\/\/ravenfox.xyz\/en\/produit\/t-shirt-wheelchair-basketball-mvp\/","name":"T-shirt Wheelchair Basketball MVP - RAVENFOX","isPartOf":{"@id":"https:\/\/ravenfox.xyz\/en\/#website"},"primaryImageOfPage":{"@id":"https:\/\/ravenfox.xyz\/en\/produit\/t-shirt-wheelchair-basketball-mvp\/#primaryimage"},"image":{"@id":"https:\/\/ravenfox.xyz\/en\/produit\/t-shirt-wheelchair-basketball-mvp\/#primaryimage"},"thumbnailUrl":"https:\/\/i0.wp.com\/ravenfox.xyz\/wp-content\/uploads\/2024\/12\/unisex-organic-cotton-t-shirt-black-front-676f2da664502.jpg?fit=2000%2C2000&ssl=1","datePublished":"2024-12-27T22:44:12+00:00","dateModified":"2024-12-27T23:04:07+00:00","breadcrumb":{"@id":"https:\/\/ravenfox.xyz\/en\/produit\/t-shirt-wheelchair-basketball-mvp\/#breadcrumb"},"inLanguage":"en-US","potentialAction":[{"@type":"ReadAction","target":["https:\/\/ravenfox.xyz\/en\/produit\/t-shirt-wheelchair-basketball-mvp\/"]}]},{"@type":"ImageObject","inLanguage":"en-US","@id":"https:\/\/ravenfox.xyz\/en\/produit\/t-shirt-wheelchair-basketball-mvp\/#primaryimage","url":"https:\/\/i0.wp.com\/ravenfox.xyz\/wp-content\/uploads\/2024\/12\/unisex-organic-cotton-t-shirt-black-front-676f2da664502.jpg?fit=2000%2C2000&ssl=1","contentUrl":"https:\/\/i0.wp.com\/ravenfox.xyz\/wp-content\/uploads\/2024\/12\/unisex-organic-cotton-t-shirt-black-front-676f2da664502.jpg?fit=2000%2C2000&ssl=1","width":2000,"height":2000},{"@type":"BreadcrumbList","@id":"https:\/\/ravenfox.xyz\/en\/produit\/t-shirt-wheelchair-basketball-mvp\/#breadcrumb","itemListElement":[{"@type":"ListItem","position":1,"name":"Accueil","item":"https:\/\/ravenfox.xyz\/en\/ravenfox-accessories-for-power-wheelchair-usb-charger\/"},{"@type":"ListItem","position":2,"name":"Shop","item":"https:\/\/ravenfox.xyz\/boutique\/"},{"@type":"ListItem","position":3,"name":"T-shirt Wheelchair Basketball MVP"}]},{"@type":"WebSite","@id":"https:\/\/ravenfox.xyz\/en\/#website","url":"https:\/\/ravenfox.xyz\/en\/","name":"RAVENFOX","description":"Accessoires pour fauteuils roulants \u00e9lectriques","publisher":{"@id":"https:\/\/ravenfox.xyz\/en\/#organization"},"potentialAction":[{"@type":"SearchAction","target":{"@type":"EntryPoint","urlTemplate":"https:\/\/ravenfox.xyz\/en\/?s={search_term_string}"},"query-input":{"@type":"PropertyValueSpecification","valueRequired":true,"valueName":"search_term_string"}}],"inLanguage":"en-US"},{"@type":"Organization","@id":"https:\/\/ravenfox.xyz\/en\/#organization","name":"RAVENFOX","url":"https:\/\/ravenfox.xyz\/en\/","logo":{"@type":"ImageObject","inLanguage":"en-US","@id":"https:\/\/ravenfox.xyz\/en\/#\/schema\/logo\/image\/","url":"https:\/\/ravenfox.xyz\/wp-content\/uploads\/2023\/12\/Logo-Header-Black.png","contentUrl":"https:\/\/ravenfox.xyz\/wp-content\/uploads\/2023\/12\/Logo-Header-Black.png","width":566,"height":115,"caption":"RAVENFOX"},"image":{"@id":"https:\/\/ravenfox.xyz\/en\/#\/schema\/logo\/image\/"},"sameAs":["https:\/\/www.facebook.com\/ravenfox.xyz","https:\/\/x.com\/ravenfox_xyz","https:\/\/www.instagram.com\/ravenfox.xyz\/","https:\/\/www.youtube.com\/@ravenfox_xyz"]}]}},"jetpack_publicize_connections":[],"jetpack_sharing_enabled":true,"_links":{"self":[{"href":"https:\/\/ravenfox.xyz\/en\/wp-json\/wp\/v2\/product\/2370","targetHints":{"allow":["GET"]}}],"collection":[{"href":"https:\/\/ravenfox.xyz\/en\/wp-json\/wp\/v2\/product"}],"about":[{"href":"https:\/\/ravenfox.xyz\/en\/wp-json\/wp\/v2\/types\/product"}],"replies":[{"embeddable":true,"href":"https:\/\/ravenfox.xyz\/en\/wp-json\/wp\/v2\/comments?post=2370"}],"wp:featuredmedia":[{"embeddable":true,"href":"https:\/\/ravenfox.xyz\/en\/wp-json\/wp\/v2\/media\/2401"}],"wp:attachment":[{"href":"https:\/\/ravenfox.xyz\/en\/wp-json\/wp\/v2\/media?parent=2370"}],"wp:term":[{"taxonomy":"product_brand","embeddable":true,"href":"https:\/\/ravenfox.xyz\/en\/wp-json\/wp\/v2\/product_brand?post=2370"},{"taxonomy":"product_cat","embeddable":true,"href":"https:\/\/ravenfox.xyz\/en\/wp-json\/wp\/v2\/product_cat?post=2370"},{"taxonomy":"product_tag","embeddable":true,"href":"https:\/\/ravenfox.xyz\/en\/wp-json\/wp\/v2\/product_tag?post=2370"}],"curies":[{"name":"wp","href":"https:\/\/api.w.org\/{rel}","templated":true}]}}