{"id":526,"date":"2023-12-07T17:32:50","date_gmt":"2023-12-07T16:32:50","guid":{"rendered":"https:\/\/ravenfox.xyz\/qui-sommes-nous-espagnol\/"},"modified":"2023-12-24T01:03:21","modified_gmt":"2023-12-24T00:03:21","slug":"quienes-somos","status":"publish","type":"page","link":"https:\/\/ravenfox.xyz\/es\/quienes-somos\/","title":{"rendered":"Qui\u00e9nes somos"},"content":{"rendered":"<div id=\"cs-content\" class=\"cs-content\"><\/div>\n","protected":false},"excerpt":{"rendered":"<p>&iquest;Qui&eacute;nes somos? Siendo dos personas en situaci\u00f3n de discapacidad, Taylor y yo (Giovanni) creamos RavenFox para aportar novedades en un sector dominado por empresas que luchan por innovar. La Misi\u00f3n de RavenFox Nuestra misi\u00f3n principal es impulsar el sector de equipos m\u00e9dicos y, en particular, de ayudas a la movilidad, ofreciendo productos con ventajas competitivas en dise\u00f1o, caracter\u00edsticas, ergonom\u00eda y &#8230;<\/p>\n","protected":false},"author":1,"featured_media":0,"parent":0,"menu_order":0,"comment_status":"closed","ping_status":"closed","template":"template-blank-4.php","meta":{"footnotes":""},"class_list":["post-526","page","type-page","status-publish","hentry","no-post-thumbnail"],"yoast_head":"<!-- This site is optimized with the Yoast SEO plugin v27.0 - https:\/\/yoast.com\/product\/yoast-seo-wordpress\/ -->\n<title>Qui\u00e9nes somos - RAVENFOX<\/title>\n<meta name=\"robots\" content=\"index, follow, max-snippet:-1, max-image-preview:large, max-video-preview:-1\" \/>\n<link rel=\"canonical\" href=\"https:\/\/ravenfox.xyz\/es\/quienes-somos\/\" \/>\n<meta property=\"og:locale\" content=\"es_ES\" \/>\n<meta property=\"og:type\" content=\"article\" \/>\n<meta property=\"og:title\" content=\"Qui\u00e9nes somos - RAVENFOX\" \/>\n<meta property=\"og:description\" content=\"&iquest;Qui&eacute;nes somos? Siendo dos personas en situaci\u00f3n de discapacidad, Taylor y yo (Giovanni) creamos RavenFox para aportar novedades en un sector dominado por empresas que luchan por innovar. La Misi\u00f3n de RavenFox Nuestra misi\u00f3n principal es impulsar el sector de equipos m\u00e9dicos y, en particular, de ayudas a la movilidad, ofreciendo productos con ventajas competitivas en dise\u00f1o, caracter\u00edsticas, ergonom\u00eda y ...\" \/>\n<meta property=\"og:url\" content=\"https:\/\/ravenfox.xyz\/es\/quienes-somos\/\" \/>\n<meta property=\"og:site_name\" content=\"RAVENFOX\" \/>\n<meta property=\"article:publisher\" content=\"https:\/\/www.facebook.com\/ravenfox.xyz\" \/>\n<meta property=\"article:modified_time\" content=\"2023-12-24T00:03:21+00:00\" \/>\n<meta name=\"twitter:card\" content=\"summary_large_image\" \/>\n<meta name=\"twitter:site\" content=\"@ravenfox_xyz\" \/>\n<meta name=\"twitter:label1\" content=\"Tiempo de lectura\" \/>\n\t<meta name=\"twitter:data1\" content=\"2 minutos\" \/>\n<script type=\"application\/ld+json\" class=\"yoast-schema-graph\">{\"@context\":\"https:\/\/schema.org\",\"@graph\":[{\"@type\":\"WebPage\",\"@id\":\"https:\/\/ravenfox.xyz\/es\/quienes-somos\/\",\"url\":\"https:\/\/ravenfox.xyz\/es\/quienes-somos\/\",\"name\":\"Qui\u00e9nes somos - RAVENFOX\",\"isPartOf\":{\"@id\":\"https:\/\/ravenfox.xyz\/es\/#website\"},\"datePublished\":\"2023-12-07T16:32:50+00:00\",\"dateModified\":\"2023-12-24T00:03:21+00:00\",\"breadcrumb\":{\"@id\":\"https:\/\/ravenfox.xyz\/es\/quienes-somos\/#breadcrumb\"},\"inLanguage\":\"es\",\"potentialAction\":[{\"@type\":\"ReadAction\",\"target\":[\"https:\/\/ravenfox.xyz\/es\/quienes-somos\/\"]}]},{\"@type\":\"BreadcrumbList\",\"@id\":\"https:\/\/ravenfox.xyz\/es\/quienes-somos\/#breadcrumb\",\"itemListElement\":[{\"@type\":\"ListItem\",\"position\":1,\"name\":\"Accueil\",\"item\":\"https:\/\/ravenfox.xyz\/es\/ravenfox-accesorios-para-silla-de-ruedas-electrica-cargador-usb\/\"},{\"@type\":\"ListItem\",\"position\":2,\"name\":\"Qui\u00e9nes somos\"}]},{\"@type\":\"WebSite\",\"@id\":\"https:\/\/ravenfox.xyz\/es\/#website\",\"url\":\"https:\/\/ravenfox.xyz\/es\/\",\"name\":\"RAVENFOX\",\"description\":\"Accessoires pour fauteuils roulants \u00e9lectriques\",\"publisher\":{\"@id\":\"https:\/\/ravenfox.xyz\/es\/#organization\"},\"potentialAction\":[{\"@type\":\"SearchAction\",\"target\":{\"@type\":\"EntryPoint\",\"urlTemplate\":\"https:\/\/ravenfox.xyz\/es\/?s={search_term_string}\"},\"query-input\":{\"@type\":\"PropertyValueSpecification\",\"valueRequired\":true,\"valueName\":\"search_term_string\"}}],\"inLanguage\":\"es\"},{\"@type\":\"Organization\",\"@id\":\"https:\/\/ravenfox.xyz\/es\/#organization\",\"name\":\"RAVENFOX\",\"url\":\"https:\/\/ravenfox.xyz\/es\/\",\"logo\":{\"@type\":\"ImageObject\",\"inLanguage\":\"es\",\"@id\":\"https:\/\/ravenfox.xyz\/es\/#\/schema\/logo\/image\/\",\"url\":\"https:\/\/ravenfox.xyz\/wp-content\/uploads\/2023\/12\/Logo-Header-Black.png\",\"contentUrl\":\"https:\/\/ravenfox.xyz\/wp-content\/uploads\/2023\/12\/Logo-Header-Black.png\",\"width\":566,\"height\":115,\"caption\":\"RAVENFOX\"},\"image\":{\"@id\":\"https:\/\/ravenfox.xyz\/es\/#\/schema\/logo\/image\/\"},\"sameAs\":[\"https:\/\/www.facebook.com\/ravenfox.xyz\",\"https:\/\/x.com\/ravenfox_xyz\",\"https:\/\/www.instagram.com\/ravenfox.xyz\/\",\"https:\/\/www.youtube.com\/@ravenfox_xyz\"]}]}<\/script>\n<!-- \/ Yoast SEO plugin. -->","yoast_head_json":{"title":"Qui\u00e9nes somos - RAVENFOX","robots":{"index":"index","follow":"follow","max-snippet":"max-snippet:-1","max-image-preview":"max-image-preview:large","max-video-preview":"max-video-preview:-1"},"canonical":"https:\/\/ravenfox.xyz\/es\/quienes-somos\/","og_locale":"es_ES","og_type":"article","og_title":"Qui\u00e9nes somos - RAVENFOX","og_description":"&iquest;Qui&eacute;nes somos? Siendo dos personas en situaci\u00f3n de discapacidad, Taylor y yo (Giovanni) creamos RavenFox para aportar novedades en un sector dominado por empresas que luchan por innovar. La Misi\u00f3n de RavenFox Nuestra misi\u00f3n principal es impulsar el sector de equipos m\u00e9dicos y, en particular, de ayudas a la movilidad, ofreciendo productos con ventajas competitivas en dise\u00f1o, caracter\u00edsticas, ergonom\u00eda y ...","og_url":"https:\/\/ravenfox.xyz\/es\/quienes-somos\/","og_site_name":"RAVENFOX","article_publisher":"https:\/\/www.facebook.com\/ravenfox.xyz","article_modified_time":"2023-12-24T00:03:21+00:00","twitter_card":"summary_large_image","twitter_site":"@ravenfox_xyz","twitter_misc":{"Tiempo de lectura":"2 minutos"},"schema":{"@context":"https:\/\/schema.org","@graph":[{"@type":"WebPage","@id":"https:\/\/ravenfox.xyz\/es\/quienes-somos\/","url":"https:\/\/ravenfox.xyz\/es\/quienes-somos\/","name":"Qui\u00e9nes somos - RAVENFOX","isPartOf":{"@id":"https:\/\/ravenfox.xyz\/es\/#website"},"datePublished":"2023-12-07T16:32:50+00:00","dateModified":"2023-12-24T00:03:21+00:00","breadcrumb":{"@id":"https:\/\/ravenfox.xyz\/es\/quienes-somos\/#breadcrumb"},"inLanguage":"es","potentialAction":[{"@type":"ReadAction","target":["https:\/\/ravenfox.xyz\/es\/quienes-somos\/"]}]},{"@type":"BreadcrumbList","@id":"https:\/\/ravenfox.xyz\/es\/quienes-somos\/#breadcrumb","itemListElement":[{"@type":"ListItem","position":1,"name":"Accueil","item":"https:\/\/ravenfox.xyz\/es\/ravenfox-accesorios-para-silla-de-ruedas-electrica-cargador-usb\/"},{"@type":"ListItem","position":2,"name":"Qui\u00e9nes somos"}]},{"@type":"WebSite","@id":"https:\/\/ravenfox.xyz\/es\/#website","url":"https:\/\/ravenfox.xyz\/es\/","name":"RAVENFOX","description":"Accessoires pour fauteuils roulants \u00e9lectriques","publisher":{"@id":"https:\/\/ravenfox.xyz\/es\/#organization"},"potentialAction":[{"@type":"SearchAction","target":{"@type":"EntryPoint","urlTemplate":"https:\/\/ravenfox.xyz\/es\/?s={search_term_string}"},"query-input":{"@type":"PropertyValueSpecification","valueRequired":true,"valueName":"search_term_string"}}],"inLanguage":"es"},{"@type":"Organization","@id":"https:\/\/ravenfox.xyz\/es\/#organization","name":"RAVENFOX","url":"https:\/\/ravenfox.xyz\/es\/","logo":{"@type":"ImageObject","inLanguage":"es","@id":"https:\/\/ravenfox.xyz\/es\/#\/schema\/logo\/image\/","url":"https:\/\/ravenfox.xyz\/wp-content\/uploads\/2023\/12\/Logo-Header-Black.png","contentUrl":"https:\/\/ravenfox.xyz\/wp-content\/uploads\/2023\/12\/Logo-Header-Black.png","width":566,"height":115,"caption":"RAVENFOX"},"image":{"@id":"https:\/\/ravenfox.xyz\/es\/#\/schema\/logo\/image\/"},"sameAs":["https:\/\/www.facebook.com\/ravenfox.xyz","https:\/\/x.com\/ravenfox_xyz","https:\/\/www.instagram.com\/ravenfox.xyz\/","https:\/\/www.youtube.com\/@ravenfox_xyz"]}]}},"jetpack_sharing_enabled":true,"_links":{"self":[{"href":"https:\/\/ravenfox.xyz\/es\/wp-json\/wp\/v2\/pages\/526","targetHints":{"allow":["GET"]}}],"collection":[{"href":"https:\/\/ravenfox.xyz\/es\/wp-json\/wp\/v2\/pages"}],"about":[{"href":"https:\/\/ravenfox.xyz\/es\/wp-json\/wp\/v2\/types\/page"}],"author":[{"embeddable":true,"href":"https:\/\/ravenfox.xyz\/es\/wp-json\/wp\/v2\/users\/1"}],"replies":[{"embeddable":true,"href":"https:\/\/ravenfox.xyz\/es\/wp-json\/wp\/v2\/comments?post=526"}],"version-history":[{"count":4,"href":"https:\/\/ravenfox.xyz\/es\/wp-json\/wp\/v2\/pages\/526\/revisions"}],"predecessor-version":[{"id":530,"href":"https:\/\/ravenfox.xyz\/es\/wp-json\/wp\/v2\/pages\/526\/revisions\/530"}],"wp:attachment":[{"href":"https:\/\/ravenfox.xyz\/es\/wp-json\/wp\/v2\/media?parent=526"}],"curies":[{"name":"wp","href":"https:\/\/api.w.org\/{rel}","templated":true}]}}