{"id":570,"date":"2023-12-07T19:26:23","date_gmt":"2023-12-07T18:26:23","guid":{"rendered":"https:\/\/ravenfox.xyz\/ravenfox-accessori-per-carrozzina-elettrica-caricatore-usb-espagnol\/"},"modified":"2024-12-20T23:21:19","modified_gmt":"2024-12-20T22:21:19","slug":"ravenfox-accesorios-para-silla-de-ruedas-electrica-cargador-usb","status":"publish","type":"page","link":"https:\/\/ravenfox.xyz\/es\/","title":{"rendered":"RAVENFOX &#8211; Accesorios para silla de ruedas el\u00e9ctrica cargador USB"},"content":{"rendered":"<div id=\"cs-content\" class=\"cs-content\"><\/div>\n","protected":false},"excerpt":{"rendered":"<p>Carga en cualquier lugar Ya no es necesario quedarse pegado a un enchufe. M\u00e1s informaci\u00f3n Hecho en Francia Elaborado artesanalmente por personas en situaci\u00f3n de discapacidad. M\u00e1s informaci\u00f3n Indispensable Tener bater\u00eda en el tel\u00e9fono es vital cuando se est\u00e1 en situaci\u00f3n de discapacidad. Comprar Especificaci&oacute;n 2 puertos USB (1 USB C y 1 USB A) Dos puertos USB que permiten &#8230;<\/p>\n","protected":false},"author":1,"featured_media":0,"parent":0,"menu_order":0,"comment_status":"closed","ping_status":"closed","template":"template-blank-4.php","meta":{"footnotes":""},"class_list":["post-570","page","type-page","status-publish","hentry","no-post-thumbnail"],"yoast_head":"<!-- This site is optimized with the Yoast SEO plugin v27.0 - https:\/\/yoast.com\/product\/yoast-seo-wordpress\/ -->\n<title>RAVENFOX - Accesorios para silla de ruedas el\u00e9ctrica cargador USB<\/title>\n<meta name=\"description\" content=\"\u00a1Bienvenido a RavenFox! Nuestro cargador USB para sillas de ruedas el\u00e9ctricas ya est\u00e1 disponible. \u00a1Pronto habr\u00e1 novedades emocionantes :)\" \/>\n<meta name=\"robots\" content=\"index, follow, max-snippet:-1, max-image-preview:large, max-video-preview:-1\" \/>\n<link rel=\"canonical\" href=\"https:\/\/ravenfox.xyz\/es\/\" \/>\n<meta property=\"og:locale\" content=\"es_ES\" \/>\n<meta property=\"og:type\" content=\"article\" \/>\n<meta property=\"og:title\" content=\"RAVENFOX - Accesorios para silla de ruedas el\u00e9ctrica cargador USB\" \/>\n<meta property=\"og:description\" content=\"\u00a1Bienvenido a RavenFox! Nuestro cargador USB para sillas de ruedas el\u00e9ctricas ya est\u00e1 disponible. \u00a1Pronto habr\u00e1 novedades emocionantes :)\" \/>\n<meta property=\"og:url\" content=\"https:\/\/ravenfox.xyz\/es\/\" \/>\n<meta property=\"og:site_name\" content=\"RAVENFOX\" \/>\n<meta property=\"article:publisher\" content=\"https:\/\/www.facebook.com\/ravenfox.xyz\" \/>\n<meta property=\"article:modified_time\" content=\"2024-12-20T22:21:19+00:00\" \/>\n<meta name=\"twitter:card\" content=\"summary_large_image\" \/>\n<meta name=\"twitter:site\" content=\"@ravenfox_xyz\" \/>\n<meta name=\"twitter:label1\" content=\"Tiempo de lectura\" \/>\n\t<meta name=\"twitter:data1\" content=\"2 minutos\" \/>\n<script type=\"application\/ld+json\" class=\"yoast-schema-graph\">{\"@context\":\"https:\/\/schema.org\",\"@graph\":[{\"@type\":\"WebPage\",\"@id\":\"https:\/\/ravenfox.xyz\/es\/\",\"url\":\"https:\/\/ravenfox.xyz\/es\/\",\"name\":\"RAVENFOX - Accesorios para silla de ruedas el\u00e9ctrica cargador USB\",\"isPartOf\":{\"@id\":\"https:\/\/ravenfox.xyz\/es\/#website\"},\"datePublished\":\"2023-12-07T18:26:23+00:00\",\"dateModified\":\"2024-12-20T22:21:19+00:00\",\"description\":\"\u00a1Bienvenido a RavenFox! Nuestro cargador USB para sillas de ruedas el\u00e9ctricas ya est\u00e1 disponible. \u00a1Pronto habr\u00e1 novedades emocionantes :)\",\"breadcrumb\":{\"@id\":\"https:\/\/ravenfox.xyz\/es\/#breadcrumb\"},\"inLanguage\":\"es\",\"potentialAction\":[{\"@type\":\"ReadAction\",\"target\":[\"https:\/\/ravenfox.xyz\/es\/\"]}]},{\"@type\":\"BreadcrumbList\",\"@id\":\"https:\/\/ravenfox.xyz\/es\/#breadcrumb\",\"itemListElement\":[{\"@type\":\"ListItem\",\"position\":1,\"name\":\"Accueil\",\"item\":\"https:\/\/ravenfox.xyz\/es\/ravenfox-accesorios-para-silla-de-ruedas-electrica-cargador-usb\/\"},{\"@type\":\"ListItem\",\"position\":2,\"name\":\"RAVENFOX &#8211; Accesorios para silla de ruedas el\u00e9ctrica cargador USB\"}]},{\"@type\":\"WebSite\",\"@id\":\"https:\/\/ravenfox.xyz\/es\/#website\",\"url\":\"https:\/\/ravenfox.xyz\/es\/\",\"name\":\"RAVENFOX\",\"description\":\"Accessoires pour fauteuils roulants \u00e9lectriques\",\"publisher\":{\"@id\":\"https:\/\/ravenfox.xyz\/es\/#organization\"},\"potentialAction\":[{\"@type\":\"SearchAction\",\"target\":{\"@type\":\"EntryPoint\",\"urlTemplate\":\"https:\/\/ravenfox.xyz\/es\/?s={search_term_string}\"},\"query-input\":{\"@type\":\"PropertyValueSpecification\",\"valueRequired\":true,\"valueName\":\"search_term_string\"}}],\"inLanguage\":\"es\"},{\"@type\":\"Organization\",\"@id\":\"https:\/\/ravenfox.xyz\/es\/#organization\",\"name\":\"RAVENFOX\",\"url\":\"https:\/\/ravenfox.xyz\/es\/\",\"logo\":{\"@type\":\"ImageObject\",\"inLanguage\":\"es\",\"@id\":\"https:\/\/ravenfox.xyz\/es\/#\/schema\/logo\/image\/\",\"url\":\"https:\/\/ravenfox.xyz\/wp-content\/uploads\/2023\/12\/Logo-Header-Black.png\",\"contentUrl\":\"https:\/\/ravenfox.xyz\/wp-content\/uploads\/2023\/12\/Logo-Header-Black.png\",\"width\":566,\"height\":115,\"caption\":\"RAVENFOX\"},\"image\":{\"@id\":\"https:\/\/ravenfox.xyz\/es\/#\/schema\/logo\/image\/\"},\"sameAs\":[\"https:\/\/www.facebook.com\/ravenfox.xyz\",\"https:\/\/x.com\/ravenfox_xyz\",\"https:\/\/www.instagram.com\/ravenfox.xyz\/\",\"https:\/\/www.youtube.com\/@ravenfox_xyz\"]}]}<\/script>\n<!-- \/ Yoast SEO plugin. -->","yoast_head_json":{"title":"RAVENFOX - Accesorios para silla de ruedas el\u00e9ctrica cargador USB","description":"\u00a1Bienvenido a RavenFox! Nuestro cargador USB para sillas de ruedas el\u00e9ctricas ya est\u00e1 disponible. \u00a1Pronto habr\u00e1 novedades emocionantes :)","robots":{"index":"index","follow":"follow","max-snippet":"max-snippet:-1","max-image-preview":"max-image-preview:large","max-video-preview":"max-video-preview:-1"},"canonical":"https:\/\/ravenfox.xyz\/es\/","og_locale":"es_ES","og_type":"article","og_title":"RAVENFOX - Accesorios para silla de ruedas el\u00e9ctrica cargador USB","og_description":"\u00a1Bienvenido a RavenFox! Nuestro cargador USB para sillas de ruedas el\u00e9ctricas ya est\u00e1 disponible. \u00a1Pronto habr\u00e1 novedades emocionantes :)","og_url":"https:\/\/ravenfox.xyz\/es\/","og_site_name":"RAVENFOX","article_publisher":"https:\/\/www.facebook.com\/ravenfox.xyz","article_modified_time":"2024-12-20T22:21:19+00:00","twitter_card":"summary_large_image","twitter_site":"@ravenfox_xyz","twitter_misc":{"Tiempo de lectura":"2 minutos"},"schema":{"@context":"https:\/\/schema.org","@graph":[{"@type":"WebPage","@id":"https:\/\/ravenfox.xyz\/es\/","url":"https:\/\/ravenfox.xyz\/es\/","name":"RAVENFOX - Accesorios para silla de ruedas el\u00e9ctrica cargador USB","isPartOf":{"@id":"https:\/\/ravenfox.xyz\/es\/#website"},"datePublished":"2023-12-07T18:26:23+00:00","dateModified":"2024-12-20T22:21:19+00:00","description":"\u00a1Bienvenido a RavenFox! Nuestro cargador USB para sillas de ruedas el\u00e9ctricas ya est\u00e1 disponible. \u00a1Pronto habr\u00e1 novedades emocionantes :)","breadcrumb":{"@id":"https:\/\/ravenfox.xyz\/es\/#breadcrumb"},"inLanguage":"es","potentialAction":[{"@type":"ReadAction","target":["https:\/\/ravenfox.xyz\/es\/"]}]},{"@type":"BreadcrumbList","@id":"https:\/\/ravenfox.xyz\/es\/#breadcrumb","itemListElement":[{"@type":"ListItem","position":1,"name":"Accueil","item":"https:\/\/ravenfox.xyz\/es\/ravenfox-accesorios-para-silla-de-ruedas-electrica-cargador-usb\/"},{"@type":"ListItem","position":2,"name":"RAVENFOX &#8211; Accesorios para silla de ruedas el\u00e9ctrica cargador USB"}]},{"@type":"WebSite","@id":"https:\/\/ravenfox.xyz\/es\/#website","url":"https:\/\/ravenfox.xyz\/es\/","name":"RAVENFOX","description":"Accessoires pour fauteuils roulants \u00e9lectriques","publisher":{"@id":"https:\/\/ravenfox.xyz\/es\/#organization"},"potentialAction":[{"@type":"SearchAction","target":{"@type":"EntryPoint","urlTemplate":"https:\/\/ravenfox.xyz\/es\/?s={search_term_string}"},"query-input":{"@type":"PropertyValueSpecification","valueRequired":true,"valueName":"search_term_string"}}],"inLanguage":"es"},{"@type":"Organization","@id":"https:\/\/ravenfox.xyz\/es\/#organization","name":"RAVENFOX","url":"https:\/\/ravenfox.xyz\/es\/","logo":{"@type":"ImageObject","inLanguage":"es","@id":"https:\/\/ravenfox.xyz\/es\/#\/schema\/logo\/image\/","url":"https:\/\/ravenfox.xyz\/wp-content\/uploads\/2023\/12\/Logo-Header-Black.png","contentUrl":"https:\/\/ravenfox.xyz\/wp-content\/uploads\/2023\/12\/Logo-Header-Black.png","width":566,"height":115,"caption":"RAVENFOX"},"image":{"@id":"https:\/\/ravenfox.xyz\/es\/#\/schema\/logo\/image\/"},"sameAs":["https:\/\/www.facebook.com\/ravenfox.xyz","https:\/\/x.com\/ravenfox_xyz","https:\/\/www.instagram.com\/ravenfox.xyz\/","https:\/\/www.youtube.com\/@ravenfox_xyz"]}]}},"jetpack_sharing_enabled":true,"_links":{"self":[{"href":"https:\/\/ravenfox.xyz\/es\/wp-json\/wp\/v2\/pages\/570","targetHints":{"allow":["GET"]}}],"collection":[{"href":"https:\/\/ravenfox.xyz\/es\/wp-json\/wp\/v2\/pages"}],"about":[{"href":"https:\/\/ravenfox.xyz\/es\/wp-json\/wp\/v2\/types\/page"}],"author":[{"embeddable":true,"href":"https:\/\/ravenfox.xyz\/es\/wp-json\/wp\/v2\/users\/1"}],"replies":[{"embeddable":true,"href":"https:\/\/ravenfox.xyz\/es\/wp-json\/wp\/v2\/comments?post=570"}],"version-history":[{"count":8,"href":"https:\/\/ravenfox.xyz\/es\/wp-json\/wp\/v2\/pages\/570\/revisions"}],"predecessor-version":[{"id":718,"href":"https:\/\/ravenfox.xyz\/es\/wp-json\/wp\/v2\/pages\/570\/revisions\/718"}],"wp:attachment":[{"href":"https:\/\/ravenfox.xyz\/es\/wp-json\/wp\/v2\/media?parent=570"}],"curies":[{"name":"wp","href":"https:\/\/api.w.org\/{rel}","templated":true}]}}