{"id":586,"date":"2023-12-07T16:24:27","date_gmt":"2023-12-07T15:24:27","guid":{"rendered":"https:\/\/ravenfox.xyz\/politica-di-reso-espagnol\/"},"modified":"2023-12-25T23:57:17","modified_gmt":"2023-12-25T22:57:17","slug":"politica-de-devoluciones","status":"publish","type":"page","link":"https:\/\/ravenfox.xyz\/es\/politica-de-devoluciones\/","title":{"rendered":"Pol\u00edtica de Devoluciones"},"content":{"rendered":"<div id=\"cs-content\" class=\"cs-content\"><\/div>\n","protected":false},"excerpt":{"rendered":"<p>Pol&iacute;tica de devoluciones 1. Generalidades De acuerdo con la legislaci\u00f3n vigente, tienes un per\u00edodo de retractaci\u00f3n de 14 d\u00edas a partir de la fecha de recepci\u00f3n del producto para cambiar de opini\u00f3n sobre tu compra a distancia. Para proceder con la devoluci\u00f3n de los productos, te invitamos a enviarnos un correo electr\u00f3nico a bro@ravenfox.xyz con un comprobante de compra adjunto &#8230;<\/p>\n","protected":false},"author":1,"featured_media":0,"parent":0,"menu_order":0,"comment_status":"closed","ping_status":"closed","template":"template-blank-4.php","meta":{"footnotes":""},"class_list":["post-586","page","type-page","status-publish","hentry","no-post-thumbnail"],"yoast_head":"<!-- This site is optimized with the Yoast SEO plugin v27.0 - https:\/\/yoast.com\/product\/yoast-seo-wordpress\/ -->\n<title>Pol\u00edtica de Devoluciones - RAVENFOX<\/title>\n<meta name=\"robots\" content=\"index, follow, max-snippet:-1, max-image-preview:large, max-video-preview:-1\" \/>\n<link rel=\"canonical\" href=\"https:\/\/ravenfox.xyz\/es\/politica-de-devoluciones\/\" \/>\n<meta property=\"og:locale\" content=\"es_ES\" \/>\n<meta property=\"og:type\" content=\"article\" \/>\n<meta property=\"og:title\" content=\"Pol\u00edtica de Devoluciones - RAVENFOX\" \/>\n<meta property=\"og:description\" content=\"Pol&iacute;tica de devoluciones 1. Generalidades De acuerdo con la legislaci\u00f3n vigente, tienes un per\u00edodo de retractaci\u00f3n de 14 d\u00edas a partir de la fecha de recepci\u00f3n del producto para cambiar de opini\u00f3n sobre tu compra a distancia. Para proceder con la devoluci\u00f3n de los productos, te invitamos a enviarnos un correo electr\u00f3nico a bro@ravenfox.xyz con un comprobante de compra adjunto ...\" \/>\n<meta property=\"og:url\" content=\"https:\/\/ravenfox.xyz\/es\/politica-de-devoluciones\/\" \/>\n<meta property=\"og:site_name\" content=\"RAVENFOX\" \/>\n<meta property=\"article:publisher\" content=\"https:\/\/www.facebook.com\/ravenfox.xyz\" \/>\n<meta property=\"article:modified_time\" content=\"2023-12-25T22:57:17+00:00\" \/>\n<meta name=\"twitter:card\" content=\"summary_large_image\" \/>\n<meta name=\"twitter:site\" content=\"@ravenfox_xyz\" \/>\n<meta name=\"twitter:label1\" content=\"Tiempo de lectura\" \/>\n\t<meta name=\"twitter:data1\" content=\"3 minutos\" \/>\n<script type=\"application\/ld+json\" class=\"yoast-schema-graph\">{\"@context\":\"https:\/\/schema.org\",\"@graph\":[{\"@type\":\"WebPage\",\"@id\":\"https:\/\/ravenfox.xyz\/es\/politica-de-devoluciones\/\",\"url\":\"https:\/\/ravenfox.xyz\/es\/politica-de-devoluciones\/\",\"name\":\"Pol\u00edtica de Devoluciones - RAVENFOX\",\"isPartOf\":{\"@id\":\"https:\/\/ravenfox.xyz\/es\/#website\"},\"datePublished\":\"2023-12-07T15:24:27+00:00\",\"dateModified\":\"2023-12-25T22:57:17+00:00\",\"breadcrumb\":{\"@id\":\"https:\/\/ravenfox.xyz\/es\/politica-de-devoluciones\/#breadcrumb\"},\"inLanguage\":\"es\",\"potentialAction\":[{\"@type\":\"ReadAction\",\"target\":[\"https:\/\/ravenfox.xyz\/es\/politica-de-devoluciones\/\"]}]},{\"@type\":\"BreadcrumbList\",\"@id\":\"https:\/\/ravenfox.xyz\/es\/politica-de-devoluciones\/#breadcrumb\",\"itemListElement\":[{\"@type\":\"ListItem\",\"position\":1,\"name\":\"Accueil\",\"item\":\"https:\/\/ravenfox.xyz\/es\/ravenfox-accesorios-para-silla-de-ruedas-electrica-cargador-usb\/\"},{\"@type\":\"ListItem\",\"position\":2,\"name\":\"Pol\u00edtica de Devoluciones\"}]},{\"@type\":\"WebSite\",\"@id\":\"https:\/\/ravenfox.xyz\/es\/#website\",\"url\":\"https:\/\/ravenfox.xyz\/es\/\",\"name\":\"RAVENFOX\",\"description\":\"Accessoires pour fauteuils roulants \u00e9lectriques\",\"publisher\":{\"@id\":\"https:\/\/ravenfox.xyz\/es\/#organization\"},\"potentialAction\":[{\"@type\":\"SearchAction\",\"target\":{\"@type\":\"EntryPoint\",\"urlTemplate\":\"https:\/\/ravenfox.xyz\/es\/?s={search_term_string}\"},\"query-input\":{\"@type\":\"PropertyValueSpecification\",\"valueRequired\":true,\"valueName\":\"search_term_string\"}}],\"inLanguage\":\"es\"},{\"@type\":\"Organization\",\"@id\":\"https:\/\/ravenfox.xyz\/es\/#organization\",\"name\":\"RAVENFOX\",\"url\":\"https:\/\/ravenfox.xyz\/es\/\",\"logo\":{\"@type\":\"ImageObject\",\"inLanguage\":\"es\",\"@id\":\"https:\/\/ravenfox.xyz\/es\/#\/schema\/logo\/image\/\",\"url\":\"https:\/\/ravenfox.xyz\/wp-content\/uploads\/2023\/12\/Logo-Header-Black.png\",\"contentUrl\":\"https:\/\/ravenfox.xyz\/wp-content\/uploads\/2023\/12\/Logo-Header-Black.png\",\"width\":566,\"height\":115,\"caption\":\"RAVENFOX\"},\"image\":{\"@id\":\"https:\/\/ravenfox.xyz\/es\/#\/schema\/logo\/image\/\"},\"sameAs\":[\"https:\/\/www.facebook.com\/ravenfox.xyz\",\"https:\/\/x.com\/ravenfox_xyz\",\"https:\/\/www.instagram.com\/ravenfox.xyz\/\",\"https:\/\/www.youtube.com\/@ravenfox_xyz\"]}]}<\/script>\n<!-- \/ Yoast SEO plugin. -->","yoast_head_json":{"title":"Pol\u00edtica de Devoluciones - RAVENFOX","robots":{"index":"index","follow":"follow","max-snippet":"max-snippet:-1","max-image-preview":"max-image-preview:large","max-video-preview":"max-video-preview:-1"},"canonical":"https:\/\/ravenfox.xyz\/es\/politica-de-devoluciones\/","og_locale":"es_ES","og_type":"article","og_title":"Pol\u00edtica de Devoluciones - RAVENFOX","og_description":"Pol&iacute;tica de devoluciones 1. Generalidades De acuerdo con la legislaci\u00f3n vigente, tienes un per\u00edodo de retractaci\u00f3n de 14 d\u00edas a partir de la fecha de recepci\u00f3n del producto para cambiar de opini\u00f3n sobre tu compra a distancia. Para proceder con la devoluci\u00f3n de los productos, te invitamos a enviarnos un correo electr\u00f3nico a bro@ravenfox.xyz con un comprobante de compra adjunto ...","og_url":"https:\/\/ravenfox.xyz\/es\/politica-de-devoluciones\/","og_site_name":"RAVENFOX","article_publisher":"https:\/\/www.facebook.com\/ravenfox.xyz","article_modified_time":"2023-12-25T22:57:17+00:00","twitter_card":"summary_large_image","twitter_site":"@ravenfox_xyz","twitter_misc":{"Tiempo de lectura":"3 minutos"},"schema":{"@context":"https:\/\/schema.org","@graph":[{"@type":"WebPage","@id":"https:\/\/ravenfox.xyz\/es\/politica-de-devoluciones\/","url":"https:\/\/ravenfox.xyz\/es\/politica-de-devoluciones\/","name":"Pol\u00edtica de Devoluciones - RAVENFOX","isPartOf":{"@id":"https:\/\/ravenfox.xyz\/es\/#website"},"datePublished":"2023-12-07T15:24:27+00:00","dateModified":"2023-12-25T22:57:17+00:00","breadcrumb":{"@id":"https:\/\/ravenfox.xyz\/es\/politica-de-devoluciones\/#breadcrumb"},"inLanguage":"es","potentialAction":[{"@type":"ReadAction","target":["https:\/\/ravenfox.xyz\/es\/politica-de-devoluciones\/"]}]},{"@type":"BreadcrumbList","@id":"https:\/\/ravenfox.xyz\/es\/politica-de-devoluciones\/#breadcrumb","itemListElement":[{"@type":"ListItem","position":1,"name":"Accueil","item":"https:\/\/ravenfox.xyz\/es\/ravenfox-accesorios-para-silla-de-ruedas-electrica-cargador-usb\/"},{"@type":"ListItem","position":2,"name":"Pol\u00edtica de Devoluciones"}]},{"@type":"WebSite","@id":"https:\/\/ravenfox.xyz\/es\/#website","url":"https:\/\/ravenfox.xyz\/es\/","name":"RAVENFOX","description":"Accessoires pour fauteuils roulants \u00e9lectriques","publisher":{"@id":"https:\/\/ravenfox.xyz\/es\/#organization"},"potentialAction":[{"@type":"SearchAction","target":{"@type":"EntryPoint","urlTemplate":"https:\/\/ravenfox.xyz\/es\/?s={search_term_string}"},"query-input":{"@type":"PropertyValueSpecification","valueRequired":true,"valueName":"search_term_string"}}],"inLanguage":"es"},{"@type":"Organization","@id":"https:\/\/ravenfox.xyz\/es\/#organization","name":"RAVENFOX","url":"https:\/\/ravenfox.xyz\/es\/","logo":{"@type":"ImageObject","inLanguage":"es","@id":"https:\/\/ravenfox.xyz\/es\/#\/schema\/logo\/image\/","url":"https:\/\/ravenfox.xyz\/wp-content\/uploads\/2023\/12\/Logo-Header-Black.png","contentUrl":"https:\/\/ravenfox.xyz\/wp-content\/uploads\/2023\/12\/Logo-Header-Black.png","width":566,"height":115,"caption":"RAVENFOX"},"image":{"@id":"https:\/\/ravenfox.xyz\/es\/#\/schema\/logo\/image\/"},"sameAs":["https:\/\/www.facebook.com\/ravenfox.xyz","https:\/\/x.com\/ravenfox_xyz","https:\/\/www.instagram.com\/ravenfox.xyz\/","https:\/\/www.youtube.com\/@ravenfox_xyz"]}]}},"jetpack_sharing_enabled":true,"_links":{"self":[{"href":"https:\/\/ravenfox.xyz\/es\/wp-json\/wp\/v2\/pages\/586","targetHints":{"allow":["GET"]}}],"collection":[{"href":"https:\/\/ravenfox.xyz\/es\/wp-json\/wp\/v2\/pages"}],"about":[{"href":"https:\/\/ravenfox.xyz\/es\/wp-json\/wp\/v2\/types\/page"}],"author":[{"embeddable":true,"href":"https:\/\/ravenfox.xyz\/es\/wp-json\/wp\/v2\/users\/1"}],"replies":[{"embeddable":true,"href":"https:\/\/ravenfox.xyz\/es\/wp-json\/wp\/v2\/comments?post=586"}],"version-history":[{"count":4,"href":"https:\/\/ravenfox.xyz\/es\/wp-json\/wp\/v2\/pages\/586\/revisions"}],"predecessor-version":[{"id":590,"href":"https:\/\/ravenfox.xyz\/es\/wp-json\/wp\/v2\/pages\/586\/revisions\/590"}],"wp:attachment":[{"href":"https:\/\/ravenfox.xyz\/es\/wp-json\/wp\/v2\/media?parent=586"}],"curies":[{"name":"wp","href":"https:\/\/api.w.org\/{rel}","templated":true}]}}