{"id":1306,"date":"2024-12-20T02:17:47","date_gmt":"2024-12-20T01:17:47","guid":{"rendered":"https:\/\/ravenfox.xyz\/produit\/mug-no-gravity-more-accessibility\/"},"modified":"2024-12-27T15:31:22","modified_gmt":"2024-12-27T14:31:22","slug":"mug-no-gravity-more-accessibility","status":"publish","type":"product","link":"https:\/\/ravenfox.xyz\/es\/produit\/mug-no-gravity-more-accessibility\/","title":{"rendered":"Mug No Gravity More Accessibility"},"content":{"rendered":"<p>Un petit dej est toujours mieux avec un beau mug No Gravity More Accessibility !<\/p>\n<p>Une belle image cr\u00e9\u00e9e en collaboration avec une IA d&#8217;un fauteuil roulant dans l&#8217;espace pour vous faire r\u00eaver, et un beau petit slogan sorti tout droit de la mati\u00e8re grise du fondateur pour vous faire kiffer.<\/p>\n<p>Nous r\u00e9injectons 100% des b\u00e9n\u00e9fices du mug No Gravity More Accessibility\u00a0dans la recherche et le d\u00e9veloppement de notre premier fauteuil roulant. Donc si vous souhaitez nous aider, faites-vous plaisir !<\/p>\n<p>Imprim\u00e9 \u00e0 la demande, nous invitons celles et ceux qui souhaiteraient en acheter en grosse quantit\u00e9 \u00e0 nous contacter pour lancer une production et diminuer fortement le prix de vente.<\/p>\n<p>\u2022 En c\u00e9ramique<br \/>\n\u2022 Dimensions de la tasse de 11 oz (325 ml) : 9,6 cm (3,8 \u00bb) de hauteur, 8,2 cm (3,2 \u00bb) de diam\u00e8tre<br \/>\n\u2022 Dimensions de la tasse de 15 oz (443 ml) : 11,9 cm (4,7 \u00bb) de hauteur, 8,5 cm (3,3 \u00bb) de diam\u00e8tre<br \/>\n\u2022 Mat\u00e9riau sans plomb et sans BPA<br \/>\n\u2022 Lave-vaisselle et micro-ondes<\/p>\n<p>&nbsp;<\/p>\n<p><em>Autres informations de conformit\u00e9 : Conforme aux exigences en mati\u00e8re de niveaux de plomb et de cadmium.<\/em><\/p>\n<p><em>Conform\u00e9ment au R\u00e8glement G\u00e9n\u00e9ral sur la S\u00e9curit\u00e9 des Produits (GPSR), RavenFox garantit que tous les produits de consommation propos\u00e9s sont s\u00fbrs et respectent les normes de l&#8217;UE. Pour toute question ou pr\u00e9occupation relative \u00e0 la s\u00e9curit\u00e9 des produits, veuillez contacter notre repr\u00e9sentant europ\u00e9en \u00e0 l&#8217;adresse <a rel=\"noopener\">bro@ravenfox.xyz<\/a>. Vous pouvez \u00e9galement nous \u00e9crire au : 126 rue d&#8217;Al\u00e9sia, 75014 Paris, France.<\/em><\/p>\n","protected":false},"excerpt":{"rendered":"<p>Un petit dej est toujours mieux avec un beau mug en c\u00e9ramique RavenFox No Gravity More Accessibility !<\/p>\n","protected":false},"featured_media":1319,"comment_status":"open","ping_status":"closed","template":"","meta":{"jetpack_publicize_message":"Mug No Gravity More Accessibility","jetpack_publicize_feature_enabled":true,"jetpack_social_post_already_shared":true,"jetpack_social_options":{"image_generator_settings":{"template":"highway","default_image_id":0,"font":"","enabled":false},"version":2}},"product_brand":[],"product_cat":[81,103],"product_tag":[],"class_list":{"0":"post-1306","1":"product","2":"type-product","3":"status-publish","4":"has-post-thumbnail","6":"product_cat-merchandising","7":"product_cat-mugs","10":"first","11":"instock","12":"featured","13":"taxable","14":"shipping-taxable","15":"purchasable","16":"product-type-variable","17":"has-default-attributes"},"yoast_head":"<!-- This site is optimized with the Yoast SEO plugin v27.0 - https:\/\/yoast.com\/product\/yoast-seo-wordpress\/ -->\n<title>Mug No Gravity More Accessibility - RAVENFOX<\/title>\n<meta name=\"description\" content=\"Un petit dej est toujours mieux avec un beau mug No Gravity More Accessibility ! 100% des b\u00e9n\u00e9fices sont r\u00e9inject\u00e9s dans la R&amp;D de fauteuils roulants.\" \/>\n<meta name=\"robots\" content=\"index, follow, max-snippet:-1, max-image-preview:large, max-video-preview:-1\" \/>\n<link rel=\"canonical\" href=\"https:\/\/ravenfox.xyz\/es\/produit\/mug-no-gravity-more-accessibility\/\" \/>\n<meta property=\"og:locale\" content=\"es_ES\" \/>\n<meta property=\"og:type\" content=\"article\" \/>\n<meta property=\"og:title\" content=\"Mug No Gravity More Accessibility - RAVENFOX\" \/>\n<meta property=\"og:description\" content=\"Un petit dej est toujours mieux avec un beau mug No Gravity More Accessibility ! 100% des b\u00e9n\u00e9fices sont r\u00e9inject\u00e9s dans la R&amp;D de fauteuils roulants.\" \/>\n<meta property=\"og:url\" content=\"https:\/\/ravenfox.xyz\/es\/produit\/mug-no-gravity-more-accessibility\/\" \/>\n<meta property=\"og:site_name\" content=\"RAVENFOX\" \/>\n<meta property=\"article:publisher\" content=\"https:\/\/www.facebook.com\/ravenfox.xyz\" \/>\n<meta property=\"article:modified_time\" content=\"2024-12-27T14:31:22+00:00\" \/>\n<meta property=\"og:image\" content=\"https:\/\/ravenfox.xyz\/wp-content\/uploads\/2024\/12\/Mug-No-Gravity-More-Accessibility-11-oz-office-environment.jpg\" \/>\n\t<meta property=\"og:image:width\" content=\"2000\" \/>\n\t<meta property=\"og:image:height\" content=\"2000\" \/>\n\t<meta property=\"og:image:type\" content=\"image\/jpeg\" \/>\n<meta name=\"twitter:card\" content=\"summary_large_image\" \/>\n<meta name=\"twitter:site\" content=\"@ravenfox_xyz\" \/>\n<meta name=\"twitter:label1\" content=\"Tiempo de lectura\" \/>\n\t<meta name=\"twitter:data1\" content=\"2 minutos\" \/>\n<script type=\"application\/ld+json\" class=\"yoast-schema-graph\">{\"@context\":\"https:\/\/schema.org\",\"@graph\":[{\"@type\":\"WebPage\",\"@id\":\"https:\/\/ravenfox.xyz\/es\/produit\/mug-no-gravity-more-accessibility\/\",\"url\":\"https:\/\/ravenfox.xyz\/es\/produit\/mug-no-gravity-more-accessibility\/\",\"name\":\"Mug No Gravity More Accessibility - RAVENFOX\",\"isPartOf\":{\"@id\":\"https:\/\/ravenfox.xyz\/es\/#website\"},\"primaryImageOfPage\":{\"@id\":\"https:\/\/ravenfox.xyz\/es\/produit\/mug-no-gravity-more-accessibility\/#primaryimage\"},\"image\":{\"@id\":\"https:\/\/ravenfox.xyz\/es\/produit\/mug-no-gravity-more-accessibility\/#primaryimage\"},\"thumbnailUrl\":\"https:\/\/i0.wp.com\/ravenfox.xyz\/wp-content\/uploads\/2024\/12\/Mug-No-Gravity-More-Accessibility-11-oz-office-environment.jpg?fit=2000%2C2000&ssl=1\",\"datePublished\":\"2024-12-20T01:17:47+00:00\",\"dateModified\":\"2024-12-27T14:31:22+00:00\",\"description\":\"Un petit dej est toujours mieux avec un beau mug No Gravity More Accessibility ! 100% des b\u00e9n\u00e9fices sont r\u00e9inject\u00e9s dans la R&D de fauteuils roulants.\",\"breadcrumb\":{\"@id\":\"https:\/\/ravenfox.xyz\/es\/produit\/mug-no-gravity-more-accessibility\/#breadcrumb\"},\"inLanguage\":\"es\",\"potentialAction\":[{\"@type\":\"ReadAction\",\"target\":[\"https:\/\/ravenfox.xyz\/es\/produit\/mug-no-gravity-more-accessibility\/\"]}]},{\"@type\":\"ImageObject\",\"inLanguage\":\"es\",\"@id\":\"https:\/\/ravenfox.xyz\/es\/produit\/mug-no-gravity-more-accessibility\/#primaryimage\",\"url\":\"https:\/\/i0.wp.com\/ravenfox.xyz\/wp-content\/uploads\/2024\/12\/Mug-No-Gravity-More-Accessibility-11-oz-office-environment.jpg?fit=2000%2C2000&ssl=1\",\"contentUrl\":\"https:\/\/i0.wp.com\/ravenfox.xyz\/wp-content\/uploads\/2024\/12\/Mug-No-Gravity-More-Accessibility-11-oz-office-environment.jpg?fit=2000%2C2000&ssl=1\",\"width\":2000,\"height\":2000},{\"@type\":\"BreadcrumbList\",\"@id\":\"https:\/\/ravenfox.xyz\/es\/produit\/mug-no-gravity-more-accessibility\/#breadcrumb\",\"itemListElement\":[{\"@type\":\"ListItem\",\"position\":1,\"name\":\"Accueil\",\"item\":\"https:\/\/ravenfox.xyz\/es\/ravenfox-accesorios-para-silla-de-ruedas-electrica-cargador-usb\/\"},{\"@type\":\"ListItem\",\"position\":2,\"name\":\"Tienda\",\"item\":\"https:\/\/ravenfox.xyz\/es\/tienda\/\"},{\"@type\":\"ListItem\",\"position\":3,\"name\":\"Mug No Gravity More Accessibility\"}]},{\"@type\":\"WebSite\",\"@id\":\"https:\/\/ravenfox.xyz\/es\/#website\",\"url\":\"https:\/\/ravenfox.xyz\/es\/\",\"name\":\"RAVENFOX\",\"description\":\"Accessoires pour fauteuils roulants \u00e9lectriques\",\"publisher\":{\"@id\":\"https:\/\/ravenfox.xyz\/es\/#organization\"},\"potentialAction\":[{\"@type\":\"SearchAction\",\"target\":{\"@type\":\"EntryPoint\",\"urlTemplate\":\"https:\/\/ravenfox.xyz\/es\/?s={search_term_string}\"},\"query-input\":{\"@type\":\"PropertyValueSpecification\",\"valueRequired\":true,\"valueName\":\"search_term_string\"}}],\"inLanguage\":\"es\"},{\"@type\":\"Organization\",\"@id\":\"https:\/\/ravenfox.xyz\/es\/#organization\",\"name\":\"RAVENFOX\",\"url\":\"https:\/\/ravenfox.xyz\/es\/\",\"logo\":{\"@type\":\"ImageObject\",\"inLanguage\":\"es\",\"@id\":\"https:\/\/ravenfox.xyz\/es\/#\/schema\/logo\/image\/\",\"url\":\"https:\/\/ravenfox.xyz\/wp-content\/uploads\/2023\/12\/Logo-Header-Black.png\",\"contentUrl\":\"https:\/\/ravenfox.xyz\/wp-content\/uploads\/2023\/12\/Logo-Header-Black.png\",\"width\":566,\"height\":115,\"caption\":\"RAVENFOX\"},\"image\":{\"@id\":\"https:\/\/ravenfox.xyz\/es\/#\/schema\/logo\/image\/\"},\"sameAs\":[\"https:\/\/www.facebook.com\/ravenfox.xyz\",\"https:\/\/x.com\/ravenfox_xyz\",\"https:\/\/www.instagram.com\/ravenfox.xyz\/\",\"https:\/\/www.youtube.com\/@ravenfox_xyz\"]}]}<\/script>\n<!-- \/ Yoast SEO plugin. -->","yoast_head_json":{"title":"Mug No Gravity More Accessibility - RAVENFOX","description":"Un petit dej est toujours mieux avec un beau mug No Gravity More Accessibility ! 100% des b\u00e9n\u00e9fices sont r\u00e9inject\u00e9s dans la R&D de fauteuils roulants.","robots":{"index":"index","follow":"follow","max-snippet":"max-snippet:-1","max-image-preview":"max-image-preview:large","max-video-preview":"max-video-preview:-1"},"canonical":"https:\/\/ravenfox.xyz\/es\/produit\/mug-no-gravity-more-accessibility\/","og_locale":"es_ES","og_type":"article","og_title":"Mug No Gravity More Accessibility - RAVENFOX","og_description":"Un petit dej est toujours mieux avec un beau mug No Gravity More Accessibility ! 100% des b\u00e9n\u00e9fices sont r\u00e9inject\u00e9s dans la R&D de fauteuils roulants.","og_url":"https:\/\/ravenfox.xyz\/es\/produit\/mug-no-gravity-more-accessibility\/","og_site_name":"RAVENFOX","article_publisher":"https:\/\/www.facebook.com\/ravenfox.xyz","article_modified_time":"2024-12-27T14:31:22+00:00","og_image":[{"width":2000,"height":2000,"url":"https:\/\/ravenfox.xyz\/wp-content\/uploads\/2024\/12\/Mug-No-Gravity-More-Accessibility-11-oz-office-environment.jpg","type":"image\/jpeg"}],"twitter_card":"summary_large_image","twitter_site":"@ravenfox_xyz","twitter_misc":{"Tiempo de lectura":"2 minutos"},"schema":{"@context":"https:\/\/schema.org","@graph":[{"@type":"WebPage","@id":"https:\/\/ravenfox.xyz\/es\/produit\/mug-no-gravity-more-accessibility\/","url":"https:\/\/ravenfox.xyz\/es\/produit\/mug-no-gravity-more-accessibility\/","name":"Mug No Gravity More Accessibility - RAVENFOX","isPartOf":{"@id":"https:\/\/ravenfox.xyz\/es\/#website"},"primaryImageOfPage":{"@id":"https:\/\/ravenfox.xyz\/es\/produit\/mug-no-gravity-more-accessibility\/#primaryimage"},"image":{"@id":"https:\/\/ravenfox.xyz\/es\/produit\/mug-no-gravity-more-accessibility\/#primaryimage"},"thumbnailUrl":"https:\/\/i0.wp.com\/ravenfox.xyz\/wp-content\/uploads\/2024\/12\/Mug-No-Gravity-More-Accessibility-11-oz-office-environment.jpg?fit=2000%2C2000&ssl=1","datePublished":"2024-12-20T01:17:47+00:00","dateModified":"2024-12-27T14:31:22+00:00","description":"Un petit dej est toujours mieux avec un beau mug No Gravity More Accessibility ! 100% des b\u00e9n\u00e9fices sont r\u00e9inject\u00e9s dans la R&D de fauteuils roulants.","breadcrumb":{"@id":"https:\/\/ravenfox.xyz\/es\/produit\/mug-no-gravity-more-accessibility\/#breadcrumb"},"inLanguage":"es","potentialAction":[{"@type":"ReadAction","target":["https:\/\/ravenfox.xyz\/es\/produit\/mug-no-gravity-more-accessibility\/"]}]},{"@type":"ImageObject","inLanguage":"es","@id":"https:\/\/ravenfox.xyz\/es\/produit\/mug-no-gravity-more-accessibility\/#primaryimage","url":"https:\/\/i0.wp.com\/ravenfox.xyz\/wp-content\/uploads\/2024\/12\/Mug-No-Gravity-More-Accessibility-11-oz-office-environment.jpg?fit=2000%2C2000&ssl=1","contentUrl":"https:\/\/i0.wp.com\/ravenfox.xyz\/wp-content\/uploads\/2024\/12\/Mug-No-Gravity-More-Accessibility-11-oz-office-environment.jpg?fit=2000%2C2000&ssl=1","width":2000,"height":2000},{"@type":"BreadcrumbList","@id":"https:\/\/ravenfox.xyz\/es\/produit\/mug-no-gravity-more-accessibility\/#breadcrumb","itemListElement":[{"@type":"ListItem","position":1,"name":"Accueil","item":"https:\/\/ravenfox.xyz\/es\/ravenfox-accesorios-para-silla-de-ruedas-electrica-cargador-usb\/"},{"@type":"ListItem","position":2,"name":"Tienda","item":"https:\/\/ravenfox.xyz\/es\/tienda\/"},{"@type":"ListItem","position":3,"name":"Mug No Gravity More Accessibility"}]},{"@type":"WebSite","@id":"https:\/\/ravenfox.xyz\/es\/#website","url":"https:\/\/ravenfox.xyz\/es\/","name":"RAVENFOX","description":"Accessoires pour fauteuils roulants \u00e9lectriques","publisher":{"@id":"https:\/\/ravenfox.xyz\/es\/#organization"},"potentialAction":[{"@type":"SearchAction","target":{"@type":"EntryPoint","urlTemplate":"https:\/\/ravenfox.xyz\/es\/?s={search_term_string}"},"query-input":{"@type":"PropertyValueSpecification","valueRequired":true,"valueName":"search_term_string"}}],"inLanguage":"es"},{"@type":"Organization","@id":"https:\/\/ravenfox.xyz\/es\/#organization","name":"RAVENFOX","url":"https:\/\/ravenfox.xyz\/es\/","logo":{"@type":"ImageObject","inLanguage":"es","@id":"https:\/\/ravenfox.xyz\/es\/#\/schema\/logo\/image\/","url":"https:\/\/ravenfox.xyz\/wp-content\/uploads\/2023\/12\/Logo-Header-Black.png","contentUrl":"https:\/\/ravenfox.xyz\/wp-content\/uploads\/2023\/12\/Logo-Header-Black.png","width":566,"height":115,"caption":"RAVENFOX"},"image":{"@id":"https:\/\/ravenfox.xyz\/es\/#\/schema\/logo\/image\/"},"sameAs":["https:\/\/www.facebook.com\/ravenfox.xyz","https:\/\/x.com\/ravenfox_xyz","https:\/\/www.instagram.com\/ravenfox.xyz\/","https:\/\/www.youtube.com\/@ravenfox_xyz"]}]}},"jetpack_publicize_connections":[],"jetpack_sharing_enabled":true,"_links":{"self":[{"href":"https:\/\/ravenfox.xyz\/es\/wp-json\/wp\/v2\/product\/1306","targetHints":{"allow":["GET"]}}],"collection":[{"href":"https:\/\/ravenfox.xyz\/es\/wp-json\/wp\/v2\/product"}],"about":[{"href":"https:\/\/ravenfox.xyz\/es\/wp-json\/wp\/v2\/types\/product"}],"replies":[{"embeddable":true,"href":"https:\/\/ravenfox.xyz\/es\/wp-json\/wp\/v2\/comments?post=1306"}],"wp:featuredmedia":[{"embeddable":true,"href":"https:\/\/ravenfox.xyz\/es\/wp-json\/wp\/v2\/media\/1319"}],"wp:attachment":[{"href":"https:\/\/ravenfox.xyz\/es\/wp-json\/wp\/v2\/media?parent=1306"}],"wp:term":[{"taxonomy":"product_brand","embeddable":true,"href":"https:\/\/ravenfox.xyz\/es\/wp-json\/wp\/v2\/product_brand?post=1306"},{"taxonomy":"product_cat","embeddable":true,"href":"https:\/\/ravenfox.xyz\/es\/wp-json\/wp\/v2\/product_cat?post=1306"},{"taxonomy":"product_tag","embeddable":true,"href":"https:\/\/ravenfox.xyz\/es\/wp-json\/wp\/v2\/product_tag?post=1306"}],"curies":[{"name":"wp","href":"https:\/\/api.w.org\/{rel}","templated":true}]}}