{"id":1952,"date":"2024-12-25T02:09:45","date_gmt":"2024-12-25T01:09:45","guid":{"rendered":"https:\/\/ravenfox.xyz\/produit\/casquette-ravenone-edition-ultra-style\/"},"modified":"2025-03-21T18:19:19","modified_gmt":"2025-03-21T17:19:19","slug":"casquette-ravenone-edition-ultra-style","status":"publish","type":"product","link":"https:\/\/ravenfox.xyz\/es\/produit\/casquette-ravenone-edition-ultra-style\/","title":{"rendered":"Casquette RavenOne (\u00e9dition ultra style)"},"content":{"rendered":"<p>Cette casquette est plus qu&#8217;une simple casquette de baseball, c&#8217;est The Casquette inspir\u00e9e de notre futur fauteuil roulant manuel hybride, le RavenOne. Elle comporte des \u00e9l\u00e9ments de broderie complexes \u00e0 la hauteur du fauteuil que nous sommes actuellement en train de d\u00e9velopper.<\/p>\n<p>\u2022 100 % serg\u00e9 de coton<br \/>\n\u2022 Casquette non structur\u00e9e \u00e0 6 pans et \u00e0 profil bas<br \/>\n\u2022 6 \u0153illets cousus<br \/>\n\u2022 Bandeau de transpiration noir<br \/>\n\u2022 Boucle \u00e0 pression en m\u00e9tal<\/p>\n<p>Age restrictions: Pour les adultes<br \/>\nEU Warranty: 2\u00a0ans<br \/>\nOther compliance information: R\u00e9pond aux exigences relatives aux teneurs en plomb et phtalates.<\/p>\n<p>In compliance with the General Product Safety Regulation (GPSR), <b>RavenFox<\/b> ensures that all consumer products offered are safe and meet EU standards. For any product safety related inquiries or concerns, please contact us at <b>bro@ravenfox.xyz<\/b> or write to us <b>126 rue d&#8217;Al\u00e9sia, 75014 Paris, France.<b><\/b><\/b><\/p>\n","protected":false},"excerpt":{"rendered":"<p>Cette casquette est plus qu&#8217;une simple casquette de baseball, c&#8217;est The Casquette inspir\u00e9e de notre futur fauteuil roulant manuel hybride, le RavenOne. Elle comporte des \u00e9l\u00e9ments de broderie complexes \u00e0 la hauteur du fauteuil que nous sommes actuellement en train de d\u00e9velopper. \u2022 100 % serg\u00e9 de coton \u2022 Casquette non structur\u00e9e \u00e0 6 pans et \u00e0 profil bas \u2022 &#8230;<\/p>\n","protected":false},"featured_media":1971,"comment_status":"open","ping_status":"closed","template":"","meta":{"jetpack_publicize_message":"","jetpack_publicize_feature_enabled":true,"jetpack_social_post_already_shared":true,"jetpack_social_options":{"image_generator_settings":{"template":"highway","default_image_id":0,"font":"","enabled":false},"version":2}},"product_brand":[],"product_cat":[107,81],"product_tag":[],"class_list":{"0":"post-1952","1":"product","2":"type-product","3":"status-publish","4":"has-post-thumbnail","6":"product_cat-casquettes","7":"product_cat-merchandising","10":"first","11":"instock","12":"taxable","13":"shipping-taxable","14":"purchasable","15":"product-type-variable","16":"has-default-attributes"},"yoast_head":"<!-- This site is optimized with the Yoast SEO plugin v27.0 - https:\/\/yoast.com\/product\/yoast-seo-wordpress\/ -->\n<title>Casquette RavenOne (\u00e9dition ultra style) - RAVENFOX<\/title>\n<meta name=\"robots\" content=\"index, follow, max-snippet:-1, max-image-preview:large, max-video-preview:-1\" \/>\n<link rel=\"canonical\" href=\"https:\/\/ravenfox.xyz\/es\/produit\/casquette-ravenone-edition-ultra-style\/\" \/>\n<meta property=\"og:locale\" content=\"es_ES\" \/>\n<meta property=\"og:type\" content=\"article\" \/>\n<meta property=\"og:title\" content=\"Casquette RavenOne (\u00e9dition ultra style) - RAVENFOX\" \/>\n<meta property=\"og:description\" content=\"Cette casquette est plus qu&#8217;une simple casquette de baseball, c&#8217;est The Casquette inspir\u00e9e de notre futur fauteuil roulant manuel hybride, le RavenOne. Elle comporte des \u00e9l\u00e9ments de broderie complexes \u00e0 la hauteur du fauteuil que nous sommes actuellement en train de d\u00e9velopper. \u2022 100 % serg\u00e9 de coton \u2022 Casquette non structur\u00e9e \u00e0 6 pans et \u00e0 profil bas \u2022 ...\" \/>\n<meta property=\"og:url\" content=\"https:\/\/ravenfox.xyz\/es\/produit\/casquette-ravenone-edition-ultra-style\/\" \/>\n<meta property=\"og:site_name\" content=\"RAVENFOX\" \/>\n<meta property=\"article:publisher\" content=\"https:\/\/www.facebook.com\/ravenfox.xyz\" \/>\n<meta property=\"article:modified_time\" content=\"2025-03-21T17:19:19+00:00\" \/>\n<meta property=\"og:image\" content=\"https:\/\/ravenfox.xyz\/wp-content\/uploads\/2024\/12\/vintage-cap-black-left-front-676b5b4c1b150.jpg\" \/>\n\t<meta property=\"og:image:width\" content=\"2000\" \/>\n\t<meta property=\"og:image:height\" content=\"2000\" \/>\n\t<meta property=\"og:image:type\" content=\"image\/jpeg\" \/>\n<meta name=\"twitter:card\" content=\"summary_large_image\" \/>\n<meta name=\"twitter:site\" content=\"@ravenfox_xyz\" \/>\n<meta name=\"twitter:label1\" content=\"Tiempo de lectura\" \/>\n\t<meta name=\"twitter:data1\" content=\"1 minuto\" \/>\n<script type=\"application\/ld+json\" class=\"yoast-schema-graph\">{\"@context\":\"https:\/\/schema.org\",\"@graph\":[{\"@type\":\"WebPage\",\"@id\":\"https:\/\/ravenfox.xyz\/es\/produit\/casquette-ravenone-edition-ultra-style\/\",\"url\":\"https:\/\/ravenfox.xyz\/es\/produit\/casquette-ravenone-edition-ultra-style\/\",\"name\":\"Casquette RavenOne (\u00e9dition ultra style) - RAVENFOX\",\"isPartOf\":{\"@id\":\"https:\/\/ravenfox.xyz\/es\/#website\"},\"primaryImageOfPage\":{\"@id\":\"https:\/\/ravenfox.xyz\/es\/produit\/casquette-ravenone-edition-ultra-style\/#primaryimage\"},\"image\":{\"@id\":\"https:\/\/ravenfox.xyz\/es\/produit\/casquette-ravenone-edition-ultra-style\/#primaryimage\"},\"thumbnailUrl\":\"https:\/\/i0.wp.com\/ravenfox.xyz\/wp-content\/uploads\/2024\/12\/vintage-cap-black-left-front-676b5b4c1b150.jpg?fit=2000%2C2000&ssl=1\",\"datePublished\":\"2024-12-25T01:09:45+00:00\",\"dateModified\":\"2025-03-21T17:19:19+00:00\",\"breadcrumb\":{\"@id\":\"https:\/\/ravenfox.xyz\/es\/produit\/casquette-ravenone-edition-ultra-style\/#breadcrumb\"},\"inLanguage\":\"es\",\"potentialAction\":[{\"@type\":\"ReadAction\",\"target\":[\"https:\/\/ravenfox.xyz\/es\/produit\/casquette-ravenone-edition-ultra-style\/\"]}]},{\"@type\":\"ImageObject\",\"inLanguage\":\"es\",\"@id\":\"https:\/\/ravenfox.xyz\/es\/produit\/casquette-ravenone-edition-ultra-style\/#primaryimage\",\"url\":\"https:\/\/i0.wp.com\/ravenfox.xyz\/wp-content\/uploads\/2024\/12\/vintage-cap-black-left-front-676b5b4c1b150.jpg?fit=2000%2C2000&ssl=1\",\"contentUrl\":\"https:\/\/i0.wp.com\/ravenfox.xyz\/wp-content\/uploads\/2024\/12\/vintage-cap-black-left-front-676b5b4c1b150.jpg?fit=2000%2C2000&ssl=1\",\"width\":2000,\"height\":2000},{\"@type\":\"BreadcrumbList\",\"@id\":\"https:\/\/ravenfox.xyz\/es\/produit\/casquette-ravenone-edition-ultra-style\/#breadcrumb\",\"itemListElement\":[{\"@type\":\"ListItem\",\"position\":1,\"name\":\"Accueil\",\"item\":\"https:\/\/ravenfox.xyz\/es\/ravenfox-accesorios-para-silla-de-ruedas-electrica-cargador-usb\/\"},{\"@type\":\"ListItem\",\"position\":2,\"name\":\"Tienda\",\"item\":\"https:\/\/ravenfox.xyz\/es\/tienda\/\"},{\"@type\":\"ListItem\",\"position\":3,\"name\":\"Casquette RavenOne (\u00e9dition ultra style)\"}]},{\"@type\":\"WebSite\",\"@id\":\"https:\/\/ravenfox.xyz\/es\/#website\",\"url\":\"https:\/\/ravenfox.xyz\/es\/\",\"name\":\"RAVENFOX\",\"description\":\"Accessoires pour fauteuils roulants \u00e9lectriques\",\"publisher\":{\"@id\":\"https:\/\/ravenfox.xyz\/es\/#organization\"},\"potentialAction\":[{\"@type\":\"SearchAction\",\"target\":{\"@type\":\"EntryPoint\",\"urlTemplate\":\"https:\/\/ravenfox.xyz\/es\/?s={search_term_string}\"},\"query-input\":{\"@type\":\"PropertyValueSpecification\",\"valueRequired\":true,\"valueName\":\"search_term_string\"}}],\"inLanguage\":\"es\"},{\"@type\":\"Organization\",\"@id\":\"https:\/\/ravenfox.xyz\/es\/#organization\",\"name\":\"RAVENFOX\",\"url\":\"https:\/\/ravenfox.xyz\/es\/\",\"logo\":{\"@type\":\"ImageObject\",\"inLanguage\":\"es\",\"@id\":\"https:\/\/ravenfox.xyz\/es\/#\/schema\/logo\/image\/\",\"url\":\"https:\/\/ravenfox.xyz\/wp-content\/uploads\/2023\/12\/Logo-Header-Black.png\",\"contentUrl\":\"https:\/\/ravenfox.xyz\/wp-content\/uploads\/2023\/12\/Logo-Header-Black.png\",\"width\":566,\"height\":115,\"caption\":\"RAVENFOX\"},\"image\":{\"@id\":\"https:\/\/ravenfox.xyz\/es\/#\/schema\/logo\/image\/\"},\"sameAs\":[\"https:\/\/www.facebook.com\/ravenfox.xyz\",\"https:\/\/x.com\/ravenfox_xyz\",\"https:\/\/www.instagram.com\/ravenfox.xyz\/\",\"https:\/\/www.youtube.com\/@ravenfox_xyz\"]}]}<\/script>\n<!-- \/ Yoast SEO plugin. -->","yoast_head_json":{"title":"Casquette RavenOne (\u00e9dition ultra style) - RAVENFOX","robots":{"index":"index","follow":"follow","max-snippet":"max-snippet:-1","max-image-preview":"max-image-preview:large","max-video-preview":"max-video-preview:-1"},"canonical":"https:\/\/ravenfox.xyz\/es\/produit\/casquette-ravenone-edition-ultra-style\/","og_locale":"es_ES","og_type":"article","og_title":"Casquette RavenOne (\u00e9dition ultra style) - RAVENFOX","og_description":"Cette casquette est plus qu&#8217;une simple casquette de baseball, c&#8217;est The Casquette inspir\u00e9e de notre futur fauteuil roulant manuel hybride, le RavenOne. Elle comporte des \u00e9l\u00e9ments de broderie complexes \u00e0 la hauteur du fauteuil que nous sommes actuellement en train de d\u00e9velopper. \u2022 100 % serg\u00e9 de coton \u2022 Casquette non structur\u00e9e \u00e0 6 pans et \u00e0 profil bas \u2022 ...","og_url":"https:\/\/ravenfox.xyz\/es\/produit\/casquette-ravenone-edition-ultra-style\/","og_site_name":"RAVENFOX","article_publisher":"https:\/\/www.facebook.com\/ravenfox.xyz","article_modified_time":"2025-03-21T17:19:19+00:00","og_image":[{"width":2000,"height":2000,"url":"https:\/\/ravenfox.xyz\/wp-content\/uploads\/2024\/12\/vintage-cap-black-left-front-676b5b4c1b150.jpg","type":"image\/jpeg"}],"twitter_card":"summary_large_image","twitter_site":"@ravenfox_xyz","twitter_misc":{"Tiempo de lectura":"1 minuto"},"schema":{"@context":"https:\/\/schema.org","@graph":[{"@type":"WebPage","@id":"https:\/\/ravenfox.xyz\/es\/produit\/casquette-ravenone-edition-ultra-style\/","url":"https:\/\/ravenfox.xyz\/es\/produit\/casquette-ravenone-edition-ultra-style\/","name":"Casquette RavenOne (\u00e9dition ultra style) - RAVENFOX","isPartOf":{"@id":"https:\/\/ravenfox.xyz\/es\/#website"},"primaryImageOfPage":{"@id":"https:\/\/ravenfox.xyz\/es\/produit\/casquette-ravenone-edition-ultra-style\/#primaryimage"},"image":{"@id":"https:\/\/ravenfox.xyz\/es\/produit\/casquette-ravenone-edition-ultra-style\/#primaryimage"},"thumbnailUrl":"https:\/\/i0.wp.com\/ravenfox.xyz\/wp-content\/uploads\/2024\/12\/vintage-cap-black-left-front-676b5b4c1b150.jpg?fit=2000%2C2000&ssl=1","datePublished":"2024-12-25T01:09:45+00:00","dateModified":"2025-03-21T17:19:19+00:00","breadcrumb":{"@id":"https:\/\/ravenfox.xyz\/es\/produit\/casquette-ravenone-edition-ultra-style\/#breadcrumb"},"inLanguage":"es","potentialAction":[{"@type":"ReadAction","target":["https:\/\/ravenfox.xyz\/es\/produit\/casquette-ravenone-edition-ultra-style\/"]}]},{"@type":"ImageObject","inLanguage":"es","@id":"https:\/\/ravenfox.xyz\/es\/produit\/casquette-ravenone-edition-ultra-style\/#primaryimage","url":"https:\/\/i0.wp.com\/ravenfox.xyz\/wp-content\/uploads\/2024\/12\/vintage-cap-black-left-front-676b5b4c1b150.jpg?fit=2000%2C2000&ssl=1","contentUrl":"https:\/\/i0.wp.com\/ravenfox.xyz\/wp-content\/uploads\/2024\/12\/vintage-cap-black-left-front-676b5b4c1b150.jpg?fit=2000%2C2000&ssl=1","width":2000,"height":2000},{"@type":"BreadcrumbList","@id":"https:\/\/ravenfox.xyz\/es\/produit\/casquette-ravenone-edition-ultra-style\/#breadcrumb","itemListElement":[{"@type":"ListItem","position":1,"name":"Accueil","item":"https:\/\/ravenfox.xyz\/es\/ravenfox-accesorios-para-silla-de-ruedas-electrica-cargador-usb\/"},{"@type":"ListItem","position":2,"name":"Tienda","item":"https:\/\/ravenfox.xyz\/es\/tienda\/"},{"@type":"ListItem","position":3,"name":"Casquette RavenOne (\u00e9dition ultra style)"}]},{"@type":"WebSite","@id":"https:\/\/ravenfox.xyz\/es\/#website","url":"https:\/\/ravenfox.xyz\/es\/","name":"RAVENFOX","description":"Accessoires pour fauteuils roulants \u00e9lectriques","publisher":{"@id":"https:\/\/ravenfox.xyz\/es\/#organization"},"potentialAction":[{"@type":"SearchAction","target":{"@type":"EntryPoint","urlTemplate":"https:\/\/ravenfox.xyz\/es\/?s={search_term_string}"},"query-input":{"@type":"PropertyValueSpecification","valueRequired":true,"valueName":"search_term_string"}}],"inLanguage":"es"},{"@type":"Organization","@id":"https:\/\/ravenfox.xyz\/es\/#organization","name":"RAVENFOX","url":"https:\/\/ravenfox.xyz\/es\/","logo":{"@type":"ImageObject","inLanguage":"es","@id":"https:\/\/ravenfox.xyz\/es\/#\/schema\/logo\/image\/","url":"https:\/\/ravenfox.xyz\/wp-content\/uploads\/2023\/12\/Logo-Header-Black.png","contentUrl":"https:\/\/ravenfox.xyz\/wp-content\/uploads\/2023\/12\/Logo-Header-Black.png","width":566,"height":115,"caption":"RAVENFOX"},"image":{"@id":"https:\/\/ravenfox.xyz\/es\/#\/schema\/logo\/image\/"},"sameAs":["https:\/\/www.facebook.com\/ravenfox.xyz","https:\/\/x.com\/ravenfox_xyz","https:\/\/www.instagram.com\/ravenfox.xyz\/","https:\/\/www.youtube.com\/@ravenfox_xyz"]}]}},"jetpack_publicize_connections":[],"jetpack_sharing_enabled":true,"_links":{"self":[{"href":"https:\/\/ravenfox.xyz\/es\/wp-json\/wp\/v2\/product\/1952","targetHints":{"allow":["GET"]}}],"collection":[{"href":"https:\/\/ravenfox.xyz\/es\/wp-json\/wp\/v2\/product"}],"about":[{"href":"https:\/\/ravenfox.xyz\/es\/wp-json\/wp\/v2\/types\/product"}],"replies":[{"embeddable":true,"href":"https:\/\/ravenfox.xyz\/es\/wp-json\/wp\/v2\/comments?post=1952"}],"wp:featuredmedia":[{"embeddable":true,"href":"https:\/\/ravenfox.xyz\/es\/wp-json\/wp\/v2\/media\/1971"}],"wp:attachment":[{"href":"https:\/\/ravenfox.xyz\/es\/wp-json\/wp\/v2\/media?parent=1952"}],"wp:term":[{"taxonomy":"product_brand","embeddable":true,"href":"https:\/\/ravenfox.xyz\/es\/wp-json\/wp\/v2\/product_brand?post=1952"},{"taxonomy":"product_cat","embeddable":true,"href":"https:\/\/ravenfox.xyz\/es\/wp-json\/wp\/v2\/product_cat?post=1952"},{"taxonomy":"product_tag","embeddable":true,"href":"https:\/\/ravenfox.xyz\/es\/wp-json\/wp\/v2\/product_tag?post=1952"}],"curies":[{"name":"wp","href":"https:\/\/api.w.org\/{rel}","templated":true}]}}