{"id":510,"date":"2023-12-06T23:37:54","date_gmt":"2023-12-06T22:37:54","guid":{"rendered":"https:\/\/ravenfox.xyz\/produit\/cargador-usb-c-xlr-de-30-vatios-para-silla-de-ruedas-electrica\/"},"modified":"2025-09-21T17:41:40","modified_gmt":"2025-09-21T15:41:40","slug":"cargador-usb-c-xlr-30-vatios-para-silla-de-ruedas-electrica","status":"publish","type":"product","link":"https:\/\/ravenfox.xyz\/es\/produit\/cargador-usb-c-xlr-30-vatios-para-silla-de-ruedas-electrica\/","title":{"rendered":"Cargador USB C &#8211; XLR 30 vatios para silla de ruedas el\u00e9ctrica"},"content":{"rendered":"<div id=\"cs-content\" class=\"cs-content\"><\/div>\n","protected":false},"excerpt":{"rendered":"<p>Cargador USB que permite cargar el smartphone u otros dispositivos mientras se utiliza la silla de ruedas el\u00e9ctrica.<\/p>\n","protected":false},"featured_media":511,"comment_status":"open","ping_status":"closed","template":"","meta":{"jetpack_publicize_message":"","jetpack_publicize_feature_enabled":true,"jetpack_social_post_already_shared":false,"jetpack_social_options":{"image_generator_settings":{"template":"highway","default_image_id":0,"font":"","enabled":false},"version":2}},"product_brand":[],"product_cat":[54,55],"product_tag":[],"class_list":{"0":"post-510","1":"product","2":"type-product","3":"status-publish","4":"has-post-thumbnail","6":"product_cat-accesorios-para-sillas-de-ruedas-electricas","7":"product_cat-patinete","10":"first","11":"instock","12":"featured","13":"taxable","14":"shipping-taxable","15":"purchasable","16":"product-type-variable","17":"has-default-attributes"},"yoast_head":"<!-- This site is optimized with the Yoast SEO plugin v27.0 - https:\/\/yoast.com\/product\/yoast-seo-wordpress\/ -->\n<title>Cargador USB para Silla de Ruedas El\u00e9ctrica 30 vatios Ravenfox<\/title>\n<meta name=\"description\" content=\"Cargador USB para silla de ruedas el\u00e9ctrica que permite cargar el tel\u00e9fono u otros dispositivos, incluso aquellos con conexi\u00f3n USB-C.\" \/>\n<meta name=\"robots\" content=\"index, follow, max-snippet:-1, max-image-preview:large, max-video-preview:-1\" \/>\n<link rel=\"canonical\" href=\"https:\/\/ravenfox.xyz\/es\/produit\/cargador-usb-c-xlr-30-vatios-para-silla-de-ruedas-electrica\/\" \/>\n<meta property=\"og:locale\" content=\"es_ES\" \/>\n<meta property=\"og:type\" content=\"article\" \/>\n<meta property=\"og:title\" content=\"Cargador USB para Silla de Ruedas El\u00e9ctrica 30 vatios Ravenfox\" \/>\n<meta property=\"og:description\" content=\"Cargador USB para silla de ruedas el\u00e9ctrica que permite cargar el tel\u00e9fono u otros dispositivos, incluso aquellos con conexi\u00f3n USB-C.\" \/>\n<meta property=\"og:url\" content=\"https:\/\/ravenfox.xyz\/es\/produit\/cargador-usb-c-xlr-30-vatios-para-silla-de-ruedas-electrica\/\" \/>\n<meta property=\"og:site_name\" content=\"RAVENFOX\" \/>\n<meta property=\"article:publisher\" content=\"https:\/\/www.facebook.com\/ravenfox.xyz\" \/>\n<meta property=\"article:modified_time\" content=\"2025-09-21T15:41:40+00:00\" \/>\n<meta property=\"og:image\" content=\"https:\/\/ravenfox.xyz\/wp-content\/uploads\/2023\/12\/Chargeur-USB-Ravenfox-Noir-avec-dragone.webp\" \/>\n\t<meta property=\"og:image:width\" content=\"1200\" \/>\n\t<meta property=\"og:image:height\" content=\"1200\" \/>\n\t<meta property=\"og:image:type\" content=\"image\/webp\" \/>\n<meta name=\"twitter:card\" content=\"summary_large_image\" \/>\n<meta name=\"twitter:site\" content=\"@ravenfox_xyz\" \/>\n<meta name=\"twitter:label1\" content=\"Tiempo de lectura\" \/>\n\t<meta name=\"twitter:data1\" content=\"3 minutos\" \/>\n<script type=\"application\/ld+json\" class=\"yoast-schema-graph\">{\"@context\":\"https:\/\/schema.org\",\"@graph\":[{\"@type\":\"WebPage\",\"@id\":\"https:\/\/ravenfox.xyz\/es\/produit\/cargador-usb-c-xlr-30-vatios-para-silla-de-ruedas-electrica\/\",\"url\":\"https:\/\/ravenfox.xyz\/es\/produit\/cargador-usb-c-xlr-30-vatios-para-silla-de-ruedas-electrica\/\",\"name\":\"Cargador USB para Silla de Ruedas El\u00e9ctrica 30 vatios Ravenfox\",\"isPartOf\":{\"@id\":\"https:\/\/ravenfox.xyz\/es\/#website\"},\"primaryImageOfPage\":{\"@id\":\"https:\/\/ravenfox.xyz\/es\/produit\/cargador-usb-c-xlr-30-vatios-para-silla-de-ruedas-electrica\/#primaryimage\"},\"image\":{\"@id\":\"https:\/\/ravenfox.xyz\/es\/produit\/cargador-usb-c-xlr-30-vatios-para-silla-de-ruedas-electrica\/#primaryimage\"},\"thumbnailUrl\":\"https:\/\/i0.wp.com\/ravenfox.xyz\/wp-content\/uploads\/2023\/12\/Chargeur-USB-Ravenfox-Noir-avec-dragone.webp?fit=1200%2C1200&ssl=1\",\"datePublished\":\"2023-12-06T22:37:54+00:00\",\"dateModified\":\"2025-09-21T15:41:40+00:00\",\"description\":\"Cargador USB para silla de ruedas el\u00e9ctrica que permite cargar el tel\u00e9fono u otros dispositivos, incluso aquellos con conexi\u00f3n USB-C.\",\"breadcrumb\":{\"@id\":\"https:\/\/ravenfox.xyz\/es\/produit\/cargador-usb-c-xlr-30-vatios-para-silla-de-ruedas-electrica\/#breadcrumb\"},\"inLanguage\":\"es\",\"potentialAction\":[{\"@type\":\"ReadAction\",\"target\":[\"https:\/\/ravenfox.xyz\/es\/produit\/cargador-usb-c-xlr-30-vatios-para-silla-de-ruedas-electrica\/\"]}]},{\"@type\":\"ImageObject\",\"inLanguage\":\"es\",\"@id\":\"https:\/\/ravenfox.xyz\/es\/produit\/cargador-usb-c-xlr-30-vatios-para-silla-de-ruedas-electrica\/#primaryimage\",\"url\":\"https:\/\/i0.wp.com\/ravenfox.xyz\/wp-content\/uploads\/2023\/12\/Chargeur-USB-Ravenfox-Noir-avec-dragone.webp?fit=1200%2C1200&ssl=1\",\"contentUrl\":\"https:\/\/i0.wp.com\/ravenfox.xyz\/wp-content\/uploads\/2023\/12\/Chargeur-USB-Ravenfox-Noir-avec-dragone.webp?fit=1200%2C1200&ssl=1\",\"width\":1200,\"height\":1200,\"caption\":\"Cargador USB Ravenfox Negro con un conector USB C, un conector USB A, un conector XLR y un hermoso logotipo que fusiona un cuervo y un zorro. Tambi\u00e9n se puede ver una correa que permite sujetar el cargador al joystick de la silla de ruedas.\"},{\"@type\":\"BreadcrumbList\",\"@id\":\"https:\/\/ravenfox.xyz\/es\/produit\/cargador-usb-c-xlr-30-vatios-para-silla-de-ruedas-electrica\/#breadcrumb\",\"itemListElement\":[{\"@type\":\"ListItem\",\"position\":1,\"name\":\"Accueil\",\"item\":\"https:\/\/ravenfox.xyz\/es\/ravenfox-accesorios-para-silla-de-ruedas-electrica-cargador-usb\/\"},{\"@type\":\"ListItem\",\"position\":2,\"name\":\"Tienda\",\"item\":\"https:\/\/ravenfox.xyz\/es\/tienda\/\"},{\"@type\":\"ListItem\",\"position\":3,\"name\":\"Cargador USB C &#8211; XLR 30 vatios para silla de ruedas el\u00e9ctrica\"}]},{\"@type\":\"WebSite\",\"@id\":\"https:\/\/ravenfox.xyz\/es\/#website\",\"url\":\"https:\/\/ravenfox.xyz\/es\/\",\"name\":\"RAVENFOX\",\"description\":\"Accessoires pour fauteuils roulants \u00e9lectriques\",\"publisher\":{\"@id\":\"https:\/\/ravenfox.xyz\/es\/#organization\"},\"potentialAction\":[{\"@type\":\"SearchAction\",\"target\":{\"@type\":\"EntryPoint\",\"urlTemplate\":\"https:\/\/ravenfox.xyz\/es\/?s={search_term_string}\"},\"query-input\":{\"@type\":\"PropertyValueSpecification\",\"valueRequired\":true,\"valueName\":\"search_term_string\"}}],\"inLanguage\":\"es\"},{\"@type\":\"Organization\",\"@id\":\"https:\/\/ravenfox.xyz\/es\/#organization\",\"name\":\"RAVENFOX\",\"url\":\"https:\/\/ravenfox.xyz\/es\/\",\"logo\":{\"@type\":\"ImageObject\",\"inLanguage\":\"es\",\"@id\":\"https:\/\/ravenfox.xyz\/es\/#\/schema\/logo\/image\/\",\"url\":\"https:\/\/ravenfox.xyz\/wp-content\/uploads\/2023\/12\/Logo-Header-Black.png\",\"contentUrl\":\"https:\/\/ravenfox.xyz\/wp-content\/uploads\/2023\/12\/Logo-Header-Black.png\",\"width\":566,\"height\":115,\"caption\":\"RAVENFOX\"},\"image\":{\"@id\":\"https:\/\/ravenfox.xyz\/es\/#\/schema\/logo\/image\/\"},\"sameAs\":[\"https:\/\/www.facebook.com\/ravenfox.xyz\",\"https:\/\/x.com\/ravenfox_xyz\",\"https:\/\/www.instagram.com\/ravenfox.xyz\/\",\"https:\/\/www.youtube.com\/@ravenfox_xyz\"]}]}<\/script>\n<!-- \/ Yoast SEO plugin. -->","yoast_head_json":{"title":"Cargador USB para Silla de Ruedas El\u00e9ctrica 30 vatios Ravenfox","description":"Cargador USB para silla de ruedas el\u00e9ctrica que permite cargar el tel\u00e9fono u otros dispositivos, incluso aquellos con conexi\u00f3n USB-C.","robots":{"index":"index","follow":"follow","max-snippet":"max-snippet:-1","max-image-preview":"max-image-preview:large","max-video-preview":"max-video-preview:-1"},"canonical":"https:\/\/ravenfox.xyz\/es\/produit\/cargador-usb-c-xlr-30-vatios-para-silla-de-ruedas-electrica\/","og_locale":"es_ES","og_type":"article","og_title":"Cargador USB para Silla de Ruedas El\u00e9ctrica 30 vatios Ravenfox","og_description":"Cargador USB para silla de ruedas el\u00e9ctrica que permite cargar el tel\u00e9fono u otros dispositivos, incluso aquellos con conexi\u00f3n USB-C.","og_url":"https:\/\/ravenfox.xyz\/es\/produit\/cargador-usb-c-xlr-30-vatios-para-silla-de-ruedas-electrica\/","og_site_name":"RAVENFOX","article_publisher":"https:\/\/www.facebook.com\/ravenfox.xyz","article_modified_time":"2025-09-21T15:41:40+00:00","og_image":[{"width":1200,"height":1200,"url":"https:\/\/ravenfox.xyz\/wp-content\/uploads\/2023\/12\/Chargeur-USB-Ravenfox-Noir-avec-dragone.webp","type":"image\/webp"}],"twitter_card":"summary_large_image","twitter_site":"@ravenfox_xyz","twitter_misc":{"Tiempo de lectura":"3 minutos"},"schema":{"@context":"https:\/\/schema.org","@graph":[{"@type":"WebPage","@id":"https:\/\/ravenfox.xyz\/es\/produit\/cargador-usb-c-xlr-30-vatios-para-silla-de-ruedas-electrica\/","url":"https:\/\/ravenfox.xyz\/es\/produit\/cargador-usb-c-xlr-30-vatios-para-silla-de-ruedas-electrica\/","name":"Cargador USB para Silla de Ruedas El\u00e9ctrica 30 vatios Ravenfox","isPartOf":{"@id":"https:\/\/ravenfox.xyz\/es\/#website"},"primaryImageOfPage":{"@id":"https:\/\/ravenfox.xyz\/es\/produit\/cargador-usb-c-xlr-30-vatios-para-silla-de-ruedas-electrica\/#primaryimage"},"image":{"@id":"https:\/\/ravenfox.xyz\/es\/produit\/cargador-usb-c-xlr-30-vatios-para-silla-de-ruedas-electrica\/#primaryimage"},"thumbnailUrl":"https:\/\/i0.wp.com\/ravenfox.xyz\/wp-content\/uploads\/2023\/12\/Chargeur-USB-Ravenfox-Noir-avec-dragone.webp?fit=1200%2C1200&ssl=1","datePublished":"2023-12-06T22:37:54+00:00","dateModified":"2025-09-21T15:41:40+00:00","description":"Cargador USB para silla de ruedas el\u00e9ctrica que permite cargar el tel\u00e9fono u otros dispositivos, incluso aquellos con conexi\u00f3n USB-C.","breadcrumb":{"@id":"https:\/\/ravenfox.xyz\/es\/produit\/cargador-usb-c-xlr-30-vatios-para-silla-de-ruedas-electrica\/#breadcrumb"},"inLanguage":"es","potentialAction":[{"@type":"ReadAction","target":["https:\/\/ravenfox.xyz\/es\/produit\/cargador-usb-c-xlr-30-vatios-para-silla-de-ruedas-electrica\/"]}]},{"@type":"ImageObject","inLanguage":"es","@id":"https:\/\/ravenfox.xyz\/es\/produit\/cargador-usb-c-xlr-30-vatios-para-silla-de-ruedas-electrica\/#primaryimage","url":"https:\/\/i0.wp.com\/ravenfox.xyz\/wp-content\/uploads\/2023\/12\/Chargeur-USB-Ravenfox-Noir-avec-dragone.webp?fit=1200%2C1200&ssl=1","contentUrl":"https:\/\/i0.wp.com\/ravenfox.xyz\/wp-content\/uploads\/2023\/12\/Chargeur-USB-Ravenfox-Noir-avec-dragone.webp?fit=1200%2C1200&ssl=1","width":1200,"height":1200,"caption":"Cargador USB Ravenfox Negro con un conector USB C, un conector USB A, un conector XLR y un hermoso logotipo que fusiona un cuervo y un zorro. Tambi\u00e9n se puede ver una correa que permite sujetar el cargador al joystick de la silla de ruedas."},{"@type":"BreadcrumbList","@id":"https:\/\/ravenfox.xyz\/es\/produit\/cargador-usb-c-xlr-30-vatios-para-silla-de-ruedas-electrica\/#breadcrumb","itemListElement":[{"@type":"ListItem","position":1,"name":"Accueil","item":"https:\/\/ravenfox.xyz\/es\/ravenfox-accesorios-para-silla-de-ruedas-electrica-cargador-usb\/"},{"@type":"ListItem","position":2,"name":"Tienda","item":"https:\/\/ravenfox.xyz\/es\/tienda\/"},{"@type":"ListItem","position":3,"name":"Cargador USB C &#8211; XLR 30 vatios para silla de ruedas el\u00e9ctrica"}]},{"@type":"WebSite","@id":"https:\/\/ravenfox.xyz\/es\/#website","url":"https:\/\/ravenfox.xyz\/es\/","name":"RAVENFOX","description":"Accessoires pour fauteuils roulants \u00e9lectriques","publisher":{"@id":"https:\/\/ravenfox.xyz\/es\/#organization"},"potentialAction":[{"@type":"SearchAction","target":{"@type":"EntryPoint","urlTemplate":"https:\/\/ravenfox.xyz\/es\/?s={search_term_string}"},"query-input":{"@type":"PropertyValueSpecification","valueRequired":true,"valueName":"search_term_string"}}],"inLanguage":"es"},{"@type":"Organization","@id":"https:\/\/ravenfox.xyz\/es\/#organization","name":"RAVENFOX","url":"https:\/\/ravenfox.xyz\/es\/","logo":{"@type":"ImageObject","inLanguage":"es","@id":"https:\/\/ravenfox.xyz\/es\/#\/schema\/logo\/image\/","url":"https:\/\/ravenfox.xyz\/wp-content\/uploads\/2023\/12\/Logo-Header-Black.png","contentUrl":"https:\/\/ravenfox.xyz\/wp-content\/uploads\/2023\/12\/Logo-Header-Black.png","width":566,"height":115,"caption":"RAVENFOX"},"image":{"@id":"https:\/\/ravenfox.xyz\/es\/#\/schema\/logo\/image\/"},"sameAs":["https:\/\/www.facebook.com\/ravenfox.xyz","https:\/\/x.com\/ravenfox_xyz","https:\/\/www.instagram.com\/ravenfox.xyz\/","https:\/\/www.youtube.com\/@ravenfox_xyz"]}]}},"jetpack_publicize_connections":[],"jetpack_sharing_enabled":true,"_links":{"self":[{"href":"https:\/\/ravenfox.xyz\/es\/wp-json\/wp\/v2\/product\/510","targetHints":{"allow":["GET"]}}],"collection":[{"href":"https:\/\/ravenfox.xyz\/es\/wp-json\/wp\/v2\/product"}],"about":[{"href":"https:\/\/ravenfox.xyz\/es\/wp-json\/wp\/v2\/types\/product"}],"replies":[{"embeddable":true,"href":"https:\/\/ravenfox.xyz\/es\/wp-json\/wp\/v2\/comments?post=510"}],"wp:featuredmedia":[{"embeddable":true,"href":"https:\/\/ravenfox.xyz\/es\/wp-json\/wp\/v2\/media\/511"}],"wp:attachment":[{"href":"https:\/\/ravenfox.xyz\/es\/wp-json\/wp\/v2\/media?parent=510"}],"wp:term":[{"taxonomy":"product_brand","embeddable":true,"href":"https:\/\/ravenfox.xyz\/es\/wp-json\/wp\/v2\/product_brand?post=510"},{"taxonomy":"product_cat","embeddable":true,"href":"https:\/\/ravenfox.xyz\/es\/wp-json\/wp\/v2\/product_cat?post=510"},{"taxonomy":"product_tag","embeddable":true,"href":"https:\/\/ravenfox.xyz\/es\/wp-json\/wp\/v2\/product_tag?post=510"}],"curies":[{"name":"wp","href":"https:\/\/api.w.org\/{rel}","templated":true}]}}