{"id":531,"date":"2023-12-07T17:32:50","date_gmt":"2023-12-07T16:32:50","guid":{"rendered":"https:\/\/ravenfox.xyz\/quienes-somos-italien\/"},"modified":"2023-12-24T01:03:37","modified_gmt":"2023-12-24T00:03:37","slug":"chi-siamo","status":"publish","type":"page","link":"https:\/\/ravenfox.xyz\/it\/chi-siamo\/","title":{"rendered":"Chi siamo"},"content":{"rendered":"<div id=\"cs-content\" class=\"cs-content\"><\/div>\n","protected":false},"excerpt":{"rendered":"<p>Chi siamo? Essendo due persone con disabilit\u00e0, Taylor ed io (Giovanni) abbiamo creato RavenFox per portare innovazione in un settore dominato da aziende che faticano a innovare. La Missione di RavenFox La nostra missione principale \u00e8 stimolare il settore degli ausili medici e, in particolare, delle apparecchiature per la mobilit\u00e0, offrendo prodotti con vantaggi competitivi in termini di design, funzionalit\u00e0, &#8230;<\/p>\n","protected":false},"author":1,"featured_media":0,"parent":0,"menu_order":0,"comment_status":"closed","ping_status":"closed","template":"template-blank-4.php","meta":{"footnotes":""},"class_list":["post-531","page","type-page","status-publish","hentry","no-post-thumbnail"],"yoast_head":"<!-- This site is optimized with the Yoast SEO plugin v27.0 - https:\/\/yoast.com\/product\/yoast-seo-wordpress\/ -->\n<title>Chi siamo - RAVENFOX<\/title>\n<meta name=\"robots\" content=\"index, follow, max-snippet:-1, max-image-preview:large, max-video-preview:-1\" \/>\n<link rel=\"canonical\" href=\"https:\/\/ravenfox.xyz\/it\/chi-siamo\/\" \/>\n<meta property=\"og:locale\" content=\"it_IT\" \/>\n<meta property=\"og:type\" content=\"article\" \/>\n<meta property=\"og:title\" content=\"Chi siamo - RAVENFOX\" \/>\n<meta property=\"og:description\" content=\"Chi siamo? Essendo due persone con disabilit\u00e0, Taylor ed io (Giovanni) abbiamo creato RavenFox per portare innovazione in un settore dominato da aziende che faticano a innovare. La Missione di RavenFox La nostra missione principale \u00e8 stimolare il settore degli ausili medici e, in particolare, delle apparecchiature per la mobilit\u00e0, offrendo prodotti con vantaggi competitivi in termini di design, funzionalit\u00e0, ...\" \/>\n<meta property=\"og:url\" content=\"https:\/\/ravenfox.xyz\/it\/chi-siamo\/\" \/>\n<meta property=\"og:site_name\" content=\"RAVENFOX\" \/>\n<meta property=\"article:publisher\" content=\"https:\/\/www.facebook.com\/ravenfox.xyz\" \/>\n<meta property=\"article:modified_time\" content=\"2023-12-24T00:03:37+00:00\" \/>\n<meta name=\"twitter:card\" content=\"summary_large_image\" \/>\n<meta name=\"twitter:site\" content=\"@ravenfox_xyz\" \/>\n<meta name=\"twitter:label1\" content=\"Tempo di lettura stimato\" \/>\n\t<meta name=\"twitter:data1\" content=\"2 minuti\" \/>\n<script type=\"application\/ld+json\" class=\"yoast-schema-graph\">{\"@context\":\"https:\/\/schema.org\",\"@graph\":[{\"@type\":\"WebPage\",\"@id\":\"https:\/\/ravenfox.xyz\/it\/chi-siamo\/\",\"url\":\"https:\/\/ravenfox.xyz\/it\/chi-siamo\/\",\"name\":\"Chi siamo - RAVENFOX\",\"isPartOf\":{\"@id\":\"https:\/\/ravenfox.xyz\/it\/#website\"},\"datePublished\":\"2023-12-07T16:32:50+00:00\",\"dateModified\":\"2023-12-24T00:03:37+00:00\",\"breadcrumb\":{\"@id\":\"https:\/\/ravenfox.xyz\/it\/chi-siamo\/#breadcrumb\"},\"inLanguage\":\"it-IT\",\"potentialAction\":[{\"@type\":\"ReadAction\",\"target\":[\"https:\/\/ravenfox.xyz\/it\/chi-siamo\/\"]}]},{\"@type\":\"BreadcrumbList\",\"@id\":\"https:\/\/ravenfox.xyz\/it\/chi-siamo\/#breadcrumb\",\"itemListElement\":[{\"@type\":\"ListItem\",\"position\":1,\"name\":\"Accueil\",\"item\":\"https:\/\/ravenfox.xyz\/it\/ravenfox-accessori-per-carrozzina-elettrica-caricatore-usb\/\"},{\"@type\":\"ListItem\",\"position\":2,\"name\":\"Chi siamo\"}]},{\"@type\":\"WebSite\",\"@id\":\"https:\/\/ravenfox.xyz\/it\/#website\",\"url\":\"https:\/\/ravenfox.xyz\/it\/\",\"name\":\"RAVENFOX\",\"description\":\"Accessoires pour fauteuils roulants \u00e9lectriques\",\"publisher\":{\"@id\":\"https:\/\/ravenfox.xyz\/it\/#organization\"},\"potentialAction\":[{\"@type\":\"SearchAction\",\"target\":{\"@type\":\"EntryPoint\",\"urlTemplate\":\"https:\/\/ravenfox.xyz\/it\/?s={search_term_string}\"},\"query-input\":{\"@type\":\"PropertyValueSpecification\",\"valueRequired\":true,\"valueName\":\"search_term_string\"}}],\"inLanguage\":\"it-IT\"},{\"@type\":\"Organization\",\"@id\":\"https:\/\/ravenfox.xyz\/it\/#organization\",\"name\":\"RAVENFOX\",\"url\":\"https:\/\/ravenfox.xyz\/it\/\",\"logo\":{\"@type\":\"ImageObject\",\"inLanguage\":\"it-IT\",\"@id\":\"https:\/\/ravenfox.xyz\/it\/#\/schema\/logo\/image\/\",\"url\":\"https:\/\/ravenfox.xyz\/wp-content\/uploads\/2023\/12\/Logo-Header-Black.png\",\"contentUrl\":\"https:\/\/ravenfox.xyz\/wp-content\/uploads\/2023\/12\/Logo-Header-Black.png\",\"width\":566,\"height\":115,\"caption\":\"RAVENFOX\"},\"image\":{\"@id\":\"https:\/\/ravenfox.xyz\/it\/#\/schema\/logo\/image\/\"},\"sameAs\":[\"https:\/\/www.facebook.com\/ravenfox.xyz\",\"https:\/\/x.com\/ravenfox_xyz\",\"https:\/\/www.instagram.com\/ravenfox.xyz\/\",\"https:\/\/www.youtube.com\/@ravenfox_xyz\"]}]}<\/script>\n<!-- \/ Yoast SEO plugin. -->","yoast_head_json":{"title":"Chi siamo - RAVENFOX","robots":{"index":"index","follow":"follow","max-snippet":"max-snippet:-1","max-image-preview":"max-image-preview:large","max-video-preview":"max-video-preview:-1"},"canonical":"https:\/\/ravenfox.xyz\/it\/chi-siamo\/","og_locale":"it_IT","og_type":"article","og_title":"Chi siamo - RAVENFOX","og_description":"Chi siamo? Essendo due persone con disabilit\u00e0, Taylor ed io (Giovanni) abbiamo creato RavenFox per portare innovazione in un settore dominato da aziende che faticano a innovare. La Missione di RavenFox La nostra missione principale \u00e8 stimolare il settore degli ausili medici e, in particolare, delle apparecchiature per la mobilit\u00e0, offrendo prodotti con vantaggi competitivi in termini di design, funzionalit\u00e0, ...","og_url":"https:\/\/ravenfox.xyz\/it\/chi-siamo\/","og_site_name":"RAVENFOX","article_publisher":"https:\/\/www.facebook.com\/ravenfox.xyz","article_modified_time":"2023-12-24T00:03:37+00:00","twitter_card":"summary_large_image","twitter_site":"@ravenfox_xyz","twitter_misc":{"Tempo di lettura stimato":"2 minuti"},"schema":{"@context":"https:\/\/schema.org","@graph":[{"@type":"WebPage","@id":"https:\/\/ravenfox.xyz\/it\/chi-siamo\/","url":"https:\/\/ravenfox.xyz\/it\/chi-siamo\/","name":"Chi siamo - RAVENFOX","isPartOf":{"@id":"https:\/\/ravenfox.xyz\/it\/#website"},"datePublished":"2023-12-07T16:32:50+00:00","dateModified":"2023-12-24T00:03:37+00:00","breadcrumb":{"@id":"https:\/\/ravenfox.xyz\/it\/chi-siamo\/#breadcrumb"},"inLanguage":"it-IT","potentialAction":[{"@type":"ReadAction","target":["https:\/\/ravenfox.xyz\/it\/chi-siamo\/"]}]},{"@type":"BreadcrumbList","@id":"https:\/\/ravenfox.xyz\/it\/chi-siamo\/#breadcrumb","itemListElement":[{"@type":"ListItem","position":1,"name":"Accueil","item":"https:\/\/ravenfox.xyz\/it\/ravenfox-accessori-per-carrozzina-elettrica-caricatore-usb\/"},{"@type":"ListItem","position":2,"name":"Chi siamo"}]},{"@type":"WebSite","@id":"https:\/\/ravenfox.xyz\/it\/#website","url":"https:\/\/ravenfox.xyz\/it\/","name":"RAVENFOX","description":"Accessoires pour fauteuils roulants \u00e9lectriques","publisher":{"@id":"https:\/\/ravenfox.xyz\/it\/#organization"},"potentialAction":[{"@type":"SearchAction","target":{"@type":"EntryPoint","urlTemplate":"https:\/\/ravenfox.xyz\/it\/?s={search_term_string}"},"query-input":{"@type":"PropertyValueSpecification","valueRequired":true,"valueName":"search_term_string"}}],"inLanguage":"it-IT"},{"@type":"Organization","@id":"https:\/\/ravenfox.xyz\/it\/#organization","name":"RAVENFOX","url":"https:\/\/ravenfox.xyz\/it\/","logo":{"@type":"ImageObject","inLanguage":"it-IT","@id":"https:\/\/ravenfox.xyz\/it\/#\/schema\/logo\/image\/","url":"https:\/\/ravenfox.xyz\/wp-content\/uploads\/2023\/12\/Logo-Header-Black.png","contentUrl":"https:\/\/ravenfox.xyz\/wp-content\/uploads\/2023\/12\/Logo-Header-Black.png","width":566,"height":115,"caption":"RAVENFOX"},"image":{"@id":"https:\/\/ravenfox.xyz\/it\/#\/schema\/logo\/image\/"},"sameAs":["https:\/\/www.facebook.com\/ravenfox.xyz","https:\/\/x.com\/ravenfox_xyz","https:\/\/www.instagram.com\/ravenfox.xyz\/","https:\/\/www.youtube.com\/@ravenfox_xyz"]}]}},"jetpack_sharing_enabled":true,"_links":{"self":[{"href":"https:\/\/ravenfox.xyz\/it\/wp-json\/wp\/v2\/pages\/531","targetHints":{"allow":["GET"]}}],"collection":[{"href":"https:\/\/ravenfox.xyz\/it\/wp-json\/wp\/v2\/pages"}],"about":[{"href":"https:\/\/ravenfox.xyz\/it\/wp-json\/wp\/v2\/types\/page"}],"author":[{"embeddable":true,"href":"https:\/\/ravenfox.xyz\/it\/wp-json\/wp\/v2\/users\/1"}],"replies":[{"embeddable":true,"href":"https:\/\/ravenfox.xyz\/it\/wp-json\/wp\/v2\/comments?post=531"}],"version-history":[{"count":4,"href":"https:\/\/ravenfox.xyz\/it\/wp-json\/wp\/v2\/pages\/531\/revisions"}],"predecessor-version":[{"id":535,"href":"https:\/\/ravenfox.xyz\/it\/wp-json\/wp\/v2\/pages\/531\/revisions\/535"}],"wp:attachment":[{"href":"https:\/\/ravenfox.xyz\/it\/wp-json\/wp\/v2\/media?parent=531"}],"curies":[{"name":"wp","href":"https:\/\/api.w.org\/{rel}","templated":true}]}}