{"id":559,"date":"2023-12-07T19:26:23","date_gmt":"2023-12-07T18:26:23","guid":{"rendered":"https:\/\/ravenfox.xyz\/accueil-home-anglais-italien\/"},"modified":"2024-12-20T23:21:42","modified_gmt":"2024-12-20T22:21:42","slug":"ravenfox-accessori-per-carrozzina-elettrica-caricatore-usb","status":"publish","type":"page","link":"https:\/\/ravenfox.xyz\/it\/","title":{"rendered":"RAVENFOX &#8211; Accessori per carrozzina elettrica caricatore USB"},"content":{"rendered":"<div id=\"cs-content\" class=\"cs-content\"><\/div>\n","protected":false},"excerpt":{"rendered":"<p>Carica ovunque Non c&#8217;\u00e8 pi\u00f9 bisogno di rimanere incollati a una presa. Scopri di piu Realizzato in Francia Artigianalmente da persone con disabilit\u00e0. Scopri di piu Indispensabile Avere la batteria del telefono piena \u00e8 vitale quando si \u00e8 in situazione di handicap. Acquisita Specifiche 2 porte USB (1 USB C e 1 USB A) Due USB per caricare contemporaneamente due &#8230;<\/p>\n","protected":false},"author":1,"featured_media":0,"parent":0,"menu_order":0,"comment_status":"closed","ping_status":"closed","template":"template-blank-4.php","meta":{"footnotes":""},"class_list":["post-559","page","type-page","status-publish","hentry","no-post-thumbnail"],"yoast_head":"<!-- This site is optimized with the Yoast SEO plugin v27.0 - https:\/\/yoast.com\/product\/yoast-seo-wordpress\/ -->\n<title>RAVENFOX - Accessori per carrozzina elettrica caricatore USB<\/title>\n<meta name=\"description\" content=\"Benvenuto su RavenFox! Il nostro caricabatterie USB per carrozzine elettriche \u00e8 ora disponibile. Novit\u00e0 entusiasmanti in arrivo presto :)\" \/>\n<meta name=\"robots\" content=\"index, follow, max-snippet:-1, max-image-preview:large, max-video-preview:-1\" \/>\n<link rel=\"canonical\" href=\"https:\/\/ravenfox.xyz\/it\/\" \/>\n<meta property=\"og:locale\" content=\"it_IT\" \/>\n<meta property=\"og:type\" content=\"article\" \/>\n<meta property=\"og:title\" content=\"RAVENFOX - Accessori per carrozzina elettrica caricatore USB\" \/>\n<meta property=\"og:description\" content=\"Benvenuto su RavenFox! Il nostro caricabatterie USB per carrozzine elettriche \u00e8 ora disponibile. Novit\u00e0 entusiasmanti in arrivo presto :)\" \/>\n<meta property=\"og:url\" content=\"https:\/\/ravenfox.xyz\/it\/\" \/>\n<meta property=\"og:site_name\" content=\"RAVENFOX\" \/>\n<meta property=\"article:publisher\" content=\"https:\/\/www.facebook.com\/ravenfox.xyz\" \/>\n<meta property=\"article:modified_time\" content=\"2024-12-20T22:21:42+00:00\" \/>\n<meta name=\"twitter:card\" content=\"summary_large_image\" \/>\n<meta name=\"twitter:site\" content=\"@ravenfox_xyz\" \/>\n<meta name=\"twitter:label1\" content=\"Tempo di lettura stimato\" \/>\n\t<meta name=\"twitter:data1\" content=\"2 minuti\" \/>\n<script type=\"application\/ld+json\" class=\"yoast-schema-graph\">{\"@context\":\"https:\/\/schema.org\",\"@graph\":[{\"@type\":\"WebPage\",\"@id\":\"https:\/\/ravenfox.xyz\/it\/\",\"url\":\"https:\/\/ravenfox.xyz\/it\/\",\"name\":\"RAVENFOX - Accessori per carrozzina elettrica caricatore USB\",\"isPartOf\":{\"@id\":\"https:\/\/ravenfox.xyz\/it\/#website\"},\"datePublished\":\"2023-12-07T18:26:23+00:00\",\"dateModified\":\"2024-12-20T22:21:42+00:00\",\"description\":\"Benvenuto su RavenFox! Il nostro caricabatterie USB per carrozzine elettriche \u00e8 ora disponibile. Novit\u00e0 entusiasmanti in arrivo presto :)\",\"breadcrumb\":{\"@id\":\"https:\/\/ravenfox.xyz\/it\/#breadcrumb\"},\"inLanguage\":\"it-IT\",\"potentialAction\":[{\"@type\":\"ReadAction\",\"target\":[\"https:\/\/ravenfox.xyz\/it\/\"]}]},{\"@type\":\"BreadcrumbList\",\"@id\":\"https:\/\/ravenfox.xyz\/it\/#breadcrumb\",\"itemListElement\":[{\"@type\":\"ListItem\",\"position\":1,\"name\":\"Accueil\",\"item\":\"https:\/\/ravenfox.xyz\/it\/ravenfox-accessori-per-carrozzina-elettrica-caricatore-usb\/\"},{\"@type\":\"ListItem\",\"position\":2,\"name\":\"RAVENFOX &#8211; Accessori per carrozzina elettrica caricatore USB\"}]},{\"@type\":\"WebSite\",\"@id\":\"https:\/\/ravenfox.xyz\/it\/#website\",\"url\":\"https:\/\/ravenfox.xyz\/it\/\",\"name\":\"RAVENFOX\",\"description\":\"Accessoires pour fauteuils roulants \u00e9lectriques\",\"publisher\":{\"@id\":\"https:\/\/ravenfox.xyz\/it\/#organization\"},\"potentialAction\":[{\"@type\":\"SearchAction\",\"target\":{\"@type\":\"EntryPoint\",\"urlTemplate\":\"https:\/\/ravenfox.xyz\/it\/?s={search_term_string}\"},\"query-input\":{\"@type\":\"PropertyValueSpecification\",\"valueRequired\":true,\"valueName\":\"search_term_string\"}}],\"inLanguage\":\"it-IT\"},{\"@type\":\"Organization\",\"@id\":\"https:\/\/ravenfox.xyz\/it\/#organization\",\"name\":\"RAVENFOX\",\"url\":\"https:\/\/ravenfox.xyz\/it\/\",\"logo\":{\"@type\":\"ImageObject\",\"inLanguage\":\"it-IT\",\"@id\":\"https:\/\/ravenfox.xyz\/it\/#\/schema\/logo\/image\/\",\"url\":\"https:\/\/ravenfox.xyz\/wp-content\/uploads\/2023\/12\/Logo-Header-Black.png\",\"contentUrl\":\"https:\/\/ravenfox.xyz\/wp-content\/uploads\/2023\/12\/Logo-Header-Black.png\",\"width\":566,\"height\":115,\"caption\":\"RAVENFOX\"},\"image\":{\"@id\":\"https:\/\/ravenfox.xyz\/it\/#\/schema\/logo\/image\/\"},\"sameAs\":[\"https:\/\/www.facebook.com\/ravenfox.xyz\",\"https:\/\/x.com\/ravenfox_xyz\",\"https:\/\/www.instagram.com\/ravenfox.xyz\/\",\"https:\/\/www.youtube.com\/@ravenfox_xyz\"]}]}<\/script>\n<!-- \/ Yoast SEO plugin. -->","yoast_head_json":{"title":"RAVENFOX - Accessori per carrozzina elettrica caricatore USB","description":"Benvenuto su RavenFox! Il nostro caricabatterie USB per carrozzine elettriche \u00e8 ora disponibile. Novit\u00e0 entusiasmanti in arrivo presto :)","robots":{"index":"index","follow":"follow","max-snippet":"max-snippet:-1","max-image-preview":"max-image-preview:large","max-video-preview":"max-video-preview:-1"},"canonical":"https:\/\/ravenfox.xyz\/it\/","og_locale":"it_IT","og_type":"article","og_title":"RAVENFOX - Accessori per carrozzina elettrica caricatore USB","og_description":"Benvenuto su RavenFox! Il nostro caricabatterie USB per carrozzine elettriche \u00e8 ora disponibile. Novit\u00e0 entusiasmanti in arrivo presto :)","og_url":"https:\/\/ravenfox.xyz\/it\/","og_site_name":"RAVENFOX","article_publisher":"https:\/\/www.facebook.com\/ravenfox.xyz","article_modified_time":"2024-12-20T22:21:42+00:00","twitter_card":"summary_large_image","twitter_site":"@ravenfox_xyz","twitter_misc":{"Tempo di lettura stimato":"2 minuti"},"schema":{"@context":"https:\/\/schema.org","@graph":[{"@type":"WebPage","@id":"https:\/\/ravenfox.xyz\/it\/","url":"https:\/\/ravenfox.xyz\/it\/","name":"RAVENFOX - Accessori per carrozzina elettrica caricatore USB","isPartOf":{"@id":"https:\/\/ravenfox.xyz\/it\/#website"},"datePublished":"2023-12-07T18:26:23+00:00","dateModified":"2024-12-20T22:21:42+00:00","description":"Benvenuto su RavenFox! Il nostro caricabatterie USB per carrozzine elettriche \u00e8 ora disponibile. Novit\u00e0 entusiasmanti in arrivo presto :)","breadcrumb":{"@id":"https:\/\/ravenfox.xyz\/it\/#breadcrumb"},"inLanguage":"it-IT","potentialAction":[{"@type":"ReadAction","target":["https:\/\/ravenfox.xyz\/it\/"]}]},{"@type":"BreadcrumbList","@id":"https:\/\/ravenfox.xyz\/it\/#breadcrumb","itemListElement":[{"@type":"ListItem","position":1,"name":"Accueil","item":"https:\/\/ravenfox.xyz\/it\/ravenfox-accessori-per-carrozzina-elettrica-caricatore-usb\/"},{"@type":"ListItem","position":2,"name":"RAVENFOX &#8211; Accessori per carrozzina elettrica caricatore USB"}]},{"@type":"WebSite","@id":"https:\/\/ravenfox.xyz\/it\/#website","url":"https:\/\/ravenfox.xyz\/it\/","name":"RAVENFOX","description":"Accessoires pour fauteuils roulants \u00e9lectriques","publisher":{"@id":"https:\/\/ravenfox.xyz\/it\/#organization"},"potentialAction":[{"@type":"SearchAction","target":{"@type":"EntryPoint","urlTemplate":"https:\/\/ravenfox.xyz\/it\/?s={search_term_string}"},"query-input":{"@type":"PropertyValueSpecification","valueRequired":true,"valueName":"search_term_string"}}],"inLanguage":"it-IT"},{"@type":"Organization","@id":"https:\/\/ravenfox.xyz\/it\/#organization","name":"RAVENFOX","url":"https:\/\/ravenfox.xyz\/it\/","logo":{"@type":"ImageObject","inLanguage":"it-IT","@id":"https:\/\/ravenfox.xyz\/it\/#\/schema\/logo\/image\/","url":"https:\/\/ravenfox.xyz\/wp-content\/uploads\/2023\/12\/Logo-Header-Black.png","contentUrl":"https:\/\/ravenfox.xyz\/wp-content\/uploads\/2023\/12\/Logo-Header-Black.png","width":566,"height":115,"caption":"RAVENFOX"},"image":{"@id":"https:\/\/ravenfox.xyz\/it\/#\/schema\/logo\/image\/"},"sameAs":["https:\/\/www.facebook.com\/ravenfox.xyz","https:\/\/x.com\/ravenfox_xyz","https:\/\/www.instagram.com\/ravenfox.xyz\/","https:\/\/www.youtube.com\/@ravenfox_xyz"]}]}},"jetpack_sharing_enabled":true,"_links":{"self":[{"href":"https:\/\/ravenfox.xyz\/it\/wp-json\/wp\/v2\/pages\/559","targetHints":{"allow":["GET"]}}],"collection":[{"href":"https:\/\/ravenfox.xyz\/it\/wp-json\/wp\/v2\/pages"}],"about":[{"href":"https:\/\/ravenfox.xyz\/it\/wp-json\/wp\/v2\/types\/page"}],"author":[{"embeddable":true,"href":"https:\/\/ravenfox.xyz\/it\/wp-json\/wp\/v2\/users\/1"}],"replies":[{"embeddable":true,"href":"https:\/\/ravenfox.xyz\/it\/wp-json\/wp\/v2\/comments?post=559"}],"version-history":[{"count":10,"href":"https:\/\/ravenfox.xyz\/it\/wp-json\/wp\/v2\/pages\/559\/revisions"}],"predecessor-version":[{"id":719,"href":"https:\/\/ravenfox.xyz\/it\/wp-json\/wp\/v2\/pages\/559\/revisions\/719"}],"wp:attachment":[{"href":"https:\/\/ravenfox.xyz\/it\/wp-json\/wp\/v2\/media?parent=559"}],"curies":[{"name":"wp","href":"https:\/\/api.w.org\/{rel}","templated":true}]}}