{"id":2201,"date":"2024-12-27T16:32:51","date_gmt":"2024-12-27T15:32:51","guid":{"rendered":"https:\/\/ravenfox.xyz\/produit\/casquette-ravenfox-3d-text\/"},"modified":"2025-02-26T14:14:41","modified_gmt":"2025-02-26T13:14:41","slug":"casquette-ravenfox-3d-text","status":"publish","type":"product","link":"https:\/\/ravenfox.xyz\/it\/produit\/casquette-ravenfox-3d-text\/","title":{"rendered":"Casquette RavenFox 3D Text"},"content":{"rendered":"<p>Cette casquette est structur\u00e9e avec une coupe classique, un bord plat et en bougran. Le serrage r\u00e9glable \u00e0 pression en fait une casquette confortable.<\/p>\n<p>\u2022 80 % acrylique, 20 % laine (la casquette vert camouflage : 60 % coton et 40 % polyester)<br \/>\n\u2022 Structur\u00e9e, 6 panneaux, haut profil<br \/>\n\u2022 Serrage \u00e0 pression en plastique<br \/>\n\u2022 Vert sous la visi\u00e8re<br \/>\n\u2022 Circonf\u00e9rence de la t\u00eate : 54,9 \u00e0 60 cm<br \/>\n\u2022 Logo de la chim\u00e8re RavenFox brod\u00e9 sur le c\u00f4t\u00e9 gauche<br \/>\n\u2022 RAVENFOX brod\u00e9 en 3D sur la partie avant<\/p>\n<p>Age restrictions: Pour les adultes<br \/>\nEU Warranty: 2\u00a0ans<br \/>\nOther compliance information: R\u00e9pond aux exigences en mati\u00e8re de teneur en plomb, bisph\u00e9nols et phtalates.<\/p>\n<p>In compliance with the General Product Safety Regulation (GPSR), <b>RavenFox<\/b> ensures that all consumer products offered are safe and meet EU standards. For any product safety related inquiries or concerns, please contact us at <b>bro@ravenfox.xyz<\/b> or write to us <b>126 rue d&#8217;Al\u00e9sia, 75014 Paris, France.<b><\/b><\/b><\/p>\n","protected":false},"excerpt":{"rendered":"<p>Cette casquette est structur\u00e9e avec une coupe classique, un bord plat et en bougran. Le serrage r\u00e9glable \u00e0 pression en fait une casquette confortable. \u2022 80 % acrylique, 20 % laine (la casquette vert camouflage : 60 % coton et 40 % polyester) \u2022 Structur\u00e9e, 6 panneaux, haut profil \u2022 Serrage \u00e0 pression en plastique \u2022 Vert sous la visi\u00e8re &#8230;<\/p>\n","protected":false},"featured_media":2210,"comment_status":"open","ping_status":"closed","template":"","meta":{"jetpack_publicize_message":"","jetpack_publicize_feature_enabled":true,"jetpack_social_post_already_shared":true,"jetpack_social_options":{"image_generator_settings":{"template":"highway","default_image_id":0,"font":"","enabled":false},"version":2}},"product_brand":[],"product_cat":[107,81],"product_tag":[],"class_list":{"0":"post-2201","1":"product","2":"type-product","3":"status-publish","4":"has-post-thumbnail","6":"product_cat-casquettes","7":"product_cat-merchandising","10":"first","11":"instock","12":"taxable","13":"shipping-taxable","14":"purchasable","15":"product-type-variable","16":"has-default-attributes"},"yoast_head":"<!-- This site is optimized with the Yoast SEO plugin v27.0 - https:\/\/yoast.com\/product\/yoast-seo-wordpress\/ -->\n<title>Casquette RavenFox 3D Text - RAVENFOX<\/title>\n<meta name=\"robots\" content=\"index, follow, max-snippet:-1, max-image-preview:large, max-video-preview:-1\" \/>\n<link rel=\"canonical\" href=\"https:\/\/ravenfox.xyz\/it\/produit\/casquette-ravenfox-3d-text\/\" \/>\n<meta property=\"og:locale\" content=\"it_IT\" \/>\n<meta property=\"og:type\" content=\"article\" \/>\n<meta property=\"og:title\" content=\"Casquette RavenFox 3D Text - RAVENFOX\" \/>\n<meta property=\"og:description\" content=\"Cette casquette est structur\u00e9e avec une coupe classique, un bord plat et en bougran. Le serrage r\u00e9glable \u00e0 pression en fait une casquette confortable. \u2022 80 % acrylique, 20 % laine (la casquette vert camouflage : 60 % coton et 40 % polyester) \u2022 Structur\u00e9e, 6 panneaux, haut profil \u2022 Serrage \u00e0 pression en plastique \u2022 Vert sous la visi\u00e8re ...\" \/>\n<meta property=\"og:url\" content=\"https:\/\/ravenfox.xyz\/it\/produit\/casquette-ravenfox-3d-text\/\" \/>\n<meta property=\"og:site_name\" content=\"RAVENFOX\" \/>\n<meta property=\"article:publisher\" content=\"https:\/\/www.facebook.com\/ravenfox.xyz\" \/>\n<meta property=\"article:modified_time\" content=\"2025-02-26T13:14:41+00:00\" \/>\n<meta property=\"og:image\" content=\"https:\/\/ravenfox.xyz\/wp-content\/uploads\/2024\/12\/classic-snapback-dark-navy-front-676ec887a5228.jpg\" \/>\n\t<meta property=\"og:image:width\" content=\"2000\" \/>\n\t<meta property=\"og:image:height\" content=\"2000\" \/>\n\t<meta property=\"og:image:type\" content=\"image\/jpeg\" \/>\n<meta name=\"twitter:card\" content=\"summary_large_image\" \/>\n<meta name=\"twitter:site\" content=\"@ravenfox_xyz\" \/>\n<meta name=\"twitter:label1\" content=\"Tempo di lettura stimato\" \/>\n\t<meta name=\"twitter:data1\" content=\"2 minuti\" \/>\n<script type=\"application\/ld+json\" class=\"yoast-schema-graph\">{\"@context\":\"https:\/\/schema.org\",\"@graph\":[{\"@type\":\"WebPage\",\"@id\":\"https:\/\/ravenfox.xyz\/it\/produit\/casquette-ravenfox-3d-text\/\",\"url\":\"https:\/\/ravenfox.xyz\/it\/produit\/casquette-ravenfox-3d-text\/\",\"name\":\"Casquette RavenFox 3D Text - RAVENFOX\",\"isPartOf\":{\"@id\":\"https:\/\/ravenfox.xyz\/it\/#website\"},\"primaryImageOfPage\":{\"@id\":\"https:\/\/ravenfox.xyz\/it\/produit\/casquette-ravenfox-3d-text\/#primaryimage\"},\"image\":{\"@id\":\"https:\/\/ravenfox.xyz\/it\/produit\/casquette-ravenfox-3d-text\/#primaryimage\"},\"thumbnailUrl\":\"https:\/\/i0.wp.com\/ravenfox.xyz\/wp-content\/uploads\/2024\/12\/classic-snapback-dark-navy-front-676ec887a5228.jpg?fit=2000%2C2000&ssl=1\",\"datePublished\":\"2024-12-27T15:32:51+00:00\",\"dateModified\":\"2025-02-26T13:14:41+00:00\",\"breadcrumb\":{\"@id\":\"https:\/\/ravenfox.xyz\/it\/produit\/casquette-ravenfox-3d-text\/#breadcrumb\"},\"inLanguage\":\"it-IT\",\"potentialAction\":[{\"@type\":\"ReadAction\",\"target\":[\"https:\/\/ravenfox.xyz\/it\/produit\/casquette-ravenfox-3d-text\/\"]}]},{\"@type\":\"ImageObject\",\"inLanguage\":\"it-IT\",\"@id\":\"https:\/\/ravenfox.xyz\/it\/produit\/casquette-ravenfox-3d-text\/#primaryimage\",\"url\":\"https:\/\/i0.wp.com\/ravenfox.xyz\/wp-content\/uploads\/2024\/12\/classic-snapback-dark-navy-front-676ec887a5228.jpg?fit=2000%2C2000&ssl=1\",\"contentUrl\":\"https:\/\/i0.wp.com\/ravenfox.xyz\/wp-content\/uploads\/2024\/12\/classic-snapback-dark-navy-front-676ec887a5228.jpg?fit=2000%2C2000&ssl=1\",\"width\":2000,\"height\":2000},{\"@type\":\"BreadcrumbList\",\"@id\":\"https:\/\/ravenfox.xyz\/it\/produit\/casquette-ravenfox-3d-text\/#breadcrumb\",\"itemListElement\":[{\"@type\":\"ListItem\",\"position\":1,\"name\":\"Accueil\",\"item\":\"https:\/\/ravenfox.xyz\/it\/ravenfox-accessori-per-carrozzina-elettrica-caricatore-usb\/\"},{\"@type\":\"ListItem\",\"position\":2,\"name\":\"Negozio\",\"item\":\"https:\/\/ravenfox.xyz\/it\/negozio\/\"},{\"@type\":\"ListItem\",\"position\":3,\"name\":\"Casquette RavenFox 3D Text\"}]},{\"@type\":\"WebSite\",\"@id\":\"https:\/\/ravenfox.xyz\/it\/#website\",\"url\":\"https:\/\/ravenfox.xyz\/it\/\",\"name\":\"RAVENFOX\",\"description\":\"Accessoires pour fauteuils roulants \u00e9lectriques\",\"publisher\":{\"@id\":\"https:\/\/ravenfox.xyz\/it\/#organization\"},\"potentialAction\":[{\"@type\":\"SearchAction\",\"target\":{\"@type\":\"EntryPoint\",\"urlTemplate\":\"https:\/\/ravenfox.xyz\/it\/?s={search_term_string}\"},\"query-input\":{\"@type\":\"PropertyValueSpecification\",\"valueRequired\":true,\"valueName\":\"search_term_string\"}}],\"inLanguage\":\"it-IT\"},{\"@type\":\"Organization\",\"@id\":\"https:\/\/ravenfox.xyz\/it\/#organization\",\"name\":\"RAVENFOX\",\"url\":\"https:\/\/ravenfox.xyz\/it\/\",\"logo\":{\"@type\":\"ImageObject\",\"inLanguage\":\"it-IT\",\"@id\":\"https:\/\/ravenfox.xyz\/it\/#\/schema\/logo\/image\/\",\"url\":\"https:\/\/ravenfox.xyz\/wp-content\/uploads\/2023\/12\/Logo-Header-Black.png\",\"contentUrl\":\"https:\/\/ravenfox.xyz\/wp-content\/uploads\/2023\/12\/Logo-Header-Black.png\",\"width\":566,\"height\":115,\"caption\":\"RAVENFOX\"},\"image\":{\"@id\":\"https:\/\/ravenfox.xyz\/it\/#\/schema\/logo\/image\/\"},\"sameAs\":[\"https:\/\/www.facebook.com\/ravenfox.xyz\",\"https:\/\/x.com\/ravenfox_xyz\",\"https:\/\/www.instagram.com\/ravenfox.xyz\/\",\"https:\/\/www.youtube.com\/@ravenfox_xyz\"]}]}<\/script>\n<!-- \/ Yoast SEO plugin. -->","yoast_head_json":{"title":"Casquette RavenFox 3D Text - RAVENFOX","robots":{"index":"index","follow":"follow","max-snippet":"max-snippet:-1","max-image-preview":"max-image-preview:large","max-video-preview":"max-video-preview:-1"},"canonical":"https:\/\/ravenfox.xyz\/it\/produit\/casquette-ravenfox-3d-text\/","og_locale":"it_IT","og_type":"article","og_title":"Casquette RavenFox 3D Text - RAVENFOX","og_description":"Cette casquette est structur\u00e9e avec une coupe classique, un bord plat et en bougran. Le serrage r\u00e9glable \u00e0 pression en fait une casquette confortable. \u2022 80 % acrylique, 20 % laine (la casquette vert camouflage : 60 % coton et 40 % polyester) \u2022 Structur\u00e9e, 6 panneaux, haut profil \u2022 Serrage \u00e0 pression en plastique \u2022 Vert sous la visi\u00e8re ...","og_url":"https:\/\/ravenfox.xyz\/it\/produit\/casquette-ravenfox-3d-text\/","og_site_name":"RAVENFOX","article_publisher":"https:\/\/www.facebook.com\/ravenfox.xyz","article_modified_time":"2025-02-26T13:14:41+00:00","og_image":[{"width":2000,"height":2000,"url":"https:\/\/ravenfox.xyz\/wp-content\/uploads\/2024\/12\/classic-snapback-dark-navy-front-676ec887a5228.jpg","type":"image\/jpeg"}],"twitter_card":"summary_large_image","twitter_site":"@ravenfox_xyz","twitter_misc":{"Tempo di lettura stimato":"2 minuti"},"schema":{"@context":"https:\/\/schema.org","@graph":[{"@type":"WebPage","@id":"https:\/\/ravenfox.xyz\/it\/produit\/casquette-ravenfox-3d-text\/","url":"https:\/\/ravenfox.xyz\/it\/produit\/casquette-ravenfox-3d-text\/","name":"Casquette RavenFox 3D Text - RAVENFOX","isPartOf":{"@id":"https:\/\/ravenfox.xyz\/it\/#website"},"primaryImageOfPage":{"@id":"https:\/\/ravenfox.xyz\/it\/produit\/casquette-ravenfox-3d-text\/#primaryimage"},"image":{"@id":"https:\/\/ravenfox.xyz\/it\/produit\/casquette-ravenfox-3d-text\/#primaryimage"},"thumbnailUrl":"https:\/\/i0.wp.com\/ravenfox.xyz\/wp-content\/uploads\/2024\/12\/classic-snapback-dark-navy-front-676ec887a5228.jpg?fit=2000%2C2000&ssl=1","datePublished":"2024-12-27T15:32:51+00:00","dateModified":"2025-02-26T13:14:41+00:00","breadcrumb":{"@id":"https:\/\/ravenfox.xyz\/it\/produit\/casquette-ravenfox-3d-text\/#breadcrumb"},"inLanguage":"it-IT","potentialAction":[{"@type":"ReadAction","target":["https:\/\/ravenfox.xyz\/it\/produit\/casquette-ravenfox-3d-text\/"]}]},{"@type":"ImageObject","inLanguage":"it-IT","@id":"https:\/\/ravenfox.xyz\/it\/produit\/casquette-ravenfox-3d-text\/#primaryimage","url":"https:\/\/i0.wp.com\/ravenfox.xyz\/wp-content\/uploads\/2024\/12\/classic-snapback-dark-navy-front-676ec887a5228.jpg?fit=2000%2C2000&ssl=1","contentUrl":"https:\/\/i0.wp.com\/ravenfox.xyz\/wp-content\/uploads\/2024\/12\/classic-snapback-dark-navy-front-676ec887a5228.jpg?fit=2000%2C2000&ssl=1","width":2000,"height":2000},{"@type":"BreadcrumbList","@id":"https:\/\/ravenfox.xyz\/it\/produit\/casquette-ravenfox-3d-text\/#breadcrumb","itemListElement":[{"@type":"ListItem","position":1,"name":"Accueil","item":"https:\/\/ravenfox.xyz\/it\/ravenfox-accessori-per-carrozzina-elettrica-caricatore-usb\/"},{"@type":"ListItem","position":2,"name":"Negozio","item":"https:\/\/ravenfox.xyz\/it\/negozio\/"},{"@type":"ListItem","position":3,"name":"Casquette RavenFox 3D Text"}]},{"@type":"WebSite","@id":"https:\/\/ravenfox.xyz\/it\/#website","url":"https:\/\/ravenfox.xyz\/it\/","name":"RAVENFOX","description":"Accessoires pour fauteuils roulants \u00e9lectriques","publisher":{"@id":"https:\/\/ravenfox.xyz\/it\/#organization"},"potentialAction":[{"@type":"SearchAction","target":{"@type":"EntryPoint","urlTemplate":"https:\/\/ravenfox.xyz\/it\/?s={search_term_string}"},"query-input":{"@type":"PropertyValueSpecification","valueRequired":true,"valueName":"search_term_string"}}],"inLanguage":"it-IT"},{"@type":"Organization","@id":"https:\/\/ravenfox.xyz\/it\/#organization","name":"RAVENFOX","url":"https:\/\/ravenfox.xyz\/it\/","logo":{"@type":"ImageObject","inLanguage":"it-IT","@id":"https:\/\/ravenfox.xyz\/it\/#\/schema\/logo\/image\/","url":"https:\/\/ravenfox.xyz\/wp-content\/uploads\/2023\/12\/Logo-Header-Black.png","contentUrl":"https:\/\/ravenfox.xyz\/wp-content\/uploads\/2023\/12\/Logo-Header-Black.png","width":566,"height":115,"caption":"RAVENFOX"},"image":{"@id":"https:\/\/ravenfox.xyz\/it\/#\/schema\/logo\/image\/"},"sameAs":["https:\/\/www.facebook.com\/ravenfox.xyz","https:\/\/x.com\/ravenfox_xyz","https:\/\/www.instagram.com\/ravenfox.xyz\/","https:\/\/www.youtube.com\/@ravenfox_xyz"]}]}},"jetpack_publicize_connections":[],"jetpack_sharing_enabled":true,"_links":{"self":[{"href":"https:\/\/ravenfox.xyz\/it\/wp-json\/wp\/v2\/product\/2201","targetHints":{"allow":["GET"]}}],"collection":[{"href":"https:\/\/ravenfox.xyz\/it\/wp-json\/wp\/v2\/product"}],"about":[{"href":"https:\/\/ravenfox.xyz\/it\/wp-json\/wp\/v2\/types\/product"}],"replies":[{"embeddable":true,"href":"https:\/\/ravenfox.xyz\/it\/wp-json\/wp\/v2\/comments?post=2201"}],"wp:featuredmedia":[{"embeddable":true,"href":"https:\/\/ravenfox.xyz\/it\/wp-json\/wp\/v2\/media\/2210"}],"wp:attachment":[{"href":"https:\/\/ravenfox.xyz\/it\/wp-json\/wp\/v2\/media?parent=2201"}],"wp:term":[{"taxonomy":"product_brand","embeddable":true,"href":"https:\/\/ravenfox.xyz\/it\/wp-json\/wp\/v2\/product_brand?post=2201"},{"taxonomy":"product_cat","embeddable":true,"href":"https:\/\/ravenfox.xyz\/it\/wp-json\/wp\/v2\/product_cat?post=2201"},{"taxonomy":"product_tag","embeddable":true,"href":"https:\/\/ravenfox.xyz\/it\/wp-json\/wp\/v2\/product_tag?post=2201"}],"curies":[{"name":"wp","href":"https:\/\/api.w.org\/{rel}","templated":true}]}}