{"id":2311,"date":"2024-12-27T23:30:33","date_gmt":"2024-12-27T22:30:33","guid":{"rendered":"https:\/\/ravenfox.xyz\/produit\/t-shirt-je-roule-donc-je-suis\/"},"modified":"2024-12-28T00:05:29","modified_gmt":"2024-12-27T23:05:29","slug":"t-shirt-je-roule-donc-je-suis","status":"publish","type":"product","link":"https:\/\/ravenfox.xyz\/it\/produit\/t-shirt-je-roule-donc-je-suis\/","title":{"rendered":"T-shirt Je Roule Donc Je Suis"},"content":{"rendered":"<p>Le t-shirt classique unisexe 100\u00a0% coton vous aidera \u00e0 obtenir un look plus structur\u00e9. Sa coupe bien ajust\u00e9e et ses lignes nettes sur les bords sont parfaitement assorties aux tenues streetwear superpos\u00e9es. De plus, il est parfait pour les amoureux de philosophie\u00a0!<\/p>\n<p>\u2022 100\u00a0% coton<br \/>\n\u2022 Les couleurs chin\u00e9es sont en 50\u00a0% coton et 50\u00a0% polyester<br \/>\n\u2022 Poids du tissu\u00a0: 170-180\u00a0g\/m\u00b2 (5,0-5,3\u00a0oz\/yd\u00b2)<br \/>\n\u2022 Fil \u00e0 extr\u00e9mit\u00e9 ouverte<br \/>\n\u2022 Tissu tubulaire<br \/>\n\u2022 Col et \u00e9paules dot\u00e9s d&#8217;une bande<br \/>\n\u2022 Double couture aux manches et \u00e0 l&#8217;ourlet inf\u00e9rieur<\/p>\n<p>Age restrictions: Pour les adultes<br \/>\nEU Warranty: 2\u00a0ans<br \/>\nOther compliance information: R\u00e9pond aux exigences relatives \u00e0 l\u2019inflammabilit\u00e9, aux teneurs en plomb, cadmium, phtalates et formald\u00e9hyde.<\/p>\n<p>In compliance with the General Product Safety Regulation (GPSR), <b>RavenFox<\/b> ensures that all consumer products offered are safe and meet EU standards. For any product safety related inquiries or concerns, please contact us at <b>bro@ravenfox.xyz<\/b> or write to us <b>126 rue d&#8217;Al\u00e9sia, 75014 Paris, France.<b><\/b><\/b><\/p>\n","protected":false},"excerpt":{"rendered":"<p>Le t-shirt classique unisexe 100\u00a0% coton vous aidera \u00e0 obtenir un look plus structur\u00e9. Sa coupe bien ajust\u00e9e et ses lignes nettes sur les bords sont parfaitement assorties aux tenues streetwear superpos\u00e9es. De plus, il est parfait pour les amoureux de philosophie\u00a0! \u2022 100\u00a0% coton \u2022 Les couleurs chin\u00e9es sont en 50\u00a0% coton et 50\u00a0% polyester \u2022 Poids du tissu\u00a0: &#8230;<\/p>\n","protected":false},"featured_media":2332,"comment_status":"open","ping_status":"closed","template":"","meta":{"jetpack_publicize_message":"","jetpack_publicize_feature_enabled":true,"jetpack_social_post_already_shared":true,"jetpack_social_options":{"image_generator_settings":{"template":"highway","default_image_id":0,"font":"","enabled":false},"version":2}},"product_brand":[],"product_cat":[81,108],"product_tag":[],"class_list":{"0":"post-2311","1":"product","2":"type-product","3":"status-publish","4":"has-post-thumbnail","6":"product_cat-merchandising","7":"product_cat-t-shirt","10":"first","11":"instock","12":"taxable","13":"shipping-taxable","14":"purchasable","15":"product-type-variable","16":"has-default-attributes"},"yoast_head":"<!-- This site is optimized with the Yoast SEO plugin v27.0 - https:\/\/yoast.com\/product\/yoast-seo-wordpress\/ -->\n<title>T-shirt Je Roule Donc Je Suis - RAVENFOX<\/title>\n<meta name=\"robots\" content=\"index, follow, max-snippet:-1, max-image-preview:large, max-video-preview:-1\" \/>\n<link rel=\"canonical\" href=\"https:\/\/ravenfox.xyz\/it\/produit\/t-shirt-je-roule-donc-je-suis\/\" \/>\n<meta property=\"og:locale\" content=\"it_IT\" \/>\n<meta property=\"og:type\" content=\"article\" \/>\n<meta property=\"og:title\" content=\"T-shirt Je Roule Donc Je Suis - RAVENFOX\" \/>\n<meta property=\"og:description\" content=\"Le t-shirt classique unisexe 100\u00a0% coton vous aidera \u00e0 obtenir un look plus structur\u00e9. Sa coupe bien ajust\u00e9e et ses lignes nettes sur les bords sont parfaitement assorties aux tenues streetwear superpos\u00e9es. De plus, il est parfait pour les amoureux de philosophie\u00a0! \u2022 100\u00a0% coton \u2022 Les couleurs chin\u00e9es sont en 50\u00a0% coton et 50\u00a0% polyester \u2022 Poids du tissu\u00a0: ...\" \/>\n<meta property=\"og:url\" content=\"https:\/\/ravenfox.xyz\/it\/produit\/t-shirt-je-roule-donc-je-suis\/\" \/>\n<meta property=\"og:site_name\" content=\"RAVENFOX\" \/>\n<meta property=\"article:publisher\" content=\"https:\/\/www.facebook.com\/ravenfox.xyz\" \/>\n<meta property=\"article:modified_time\" content=\"2024-12-27T23:05:29+00:00\" \/>\n<meta property=\"og:image\" content=\"https:\/\/ravenfox.xyz\/wp-content\/uploads\/2024\/12\/unisex-classic-tee-black-front-676f2a7705a3d.jpg\" \/>\n\t<meta property=\"og:image:width\" content=\"2000\" \/>\n\t<meta property=\"og:image:height\" content=\"2000\" \/>\n\t<meta property=\"og:image:type\" content=\"image\/jpeg\" \/>\n<meta name=\"twitter:card\" content=\"summary_large_image\" \/>\n<meta name=\"twitter:site\" content=\"@ravenfox_xyz\" \/>\n<meta name=\"twitter:label1\" content=\"Tempo di lettura stimato\" \/>\n\t<meta name=\"twitter:data1\" content=\"2 minuti\" \/>\n<script type=\"application\/ld+json\" class=\"yoast-schema-graph\">{\"@context\":\"https:\/\/schema.org\",\"@graph\":[{\"@type\":\"WebPage\",\"@id\":\"https:\/\/ravenfox.xyz\/it\/produit\/t-shirt-je-roule-donc-je-suis\/\",\"url\":\"https:\/\/ravenfox.xyz\/it\/produit\/t-shirt-je-roule-donc-je-suis\/\",\"name\":\"T-shirt Je Roule Donc Je Suis - RAVENFOX\",\"isPartOf\":{\"@id\":\"https:\/\/ravenfox.xyz\/it\/#website\"},\"primaryImageOfPage\":{\"@id\":\"https:\/\/ravenfox.xyz\/it\/produit\/t-shirt-je-roule-donc-je-suis\/#primaryimage\"},\"image\":{\"@id\":\"https:\/\/ravenfox.xyz\/it\/produit\/t-shirt-je-roule-donc-je-suis\/#primaryimage\"},\"thumbnailUrl\":\"https:\/\/i0.wp.com\/ravenfox.xyz\/wp-content\/uploads\/2024\/12\/unisex-classic-tee-black-front-676f2a7705a3d.jpg?fit=2000%2C2000&ssl=1\",\"datePublished\":\"2024-12-27T22:30:33+00:00\",\"dateModified\":\"2024-12-27T23:05:29+00:00\",\"breadcrumb\":{\"@id\":\"https:\/\/ravenfox.xyz\/it\/produit\/t-shirt-je-roule-donc-je-suis\/#breadcrumb\"},\"inLanguage\":\"it-IT\",\"potentialAction\":[{\"@type\":\"ReadAction\",\"target\":[\"https:\/\/ravenfox.xyz\/it\/produit\/t-shirt-je-roule-donc-je-suis\/\"]}]},{\"@type\":\"ImageObject\",\"inLanguage\":\"it-IT\",\"@id\":\"https:\/\/ravenfox.xyz\/it\/produit\/t-shirt-je-roule-donc-je-suis\/#primaryimage\",\"url\":\"https:\/\/i0.wp.com\/ravenfox.xyz\/wp-content\/uploads\/2024\/12\/unisex-classic-tee-black-front-676f2a7705a3d.jpg?fit=2000%2C2000&ssl=1\",\"contentUrl\":\"https:\/\/i0.wp.com\/ravenfox.xyz\/wp-content\/uploads\/2024\/12\/unisex-classic-tee-black-front-676f2a7705a3d.jpg?fit=2000%2C2000&ssl=1\",\"width\":2000,\"height\":2000},{\"@type\":\"BreadcrumbList\",\"@id\":\"https:\/\/ravenfox.xyz\/it\/produit\/t-shirt-je-roule-donc-je-suis\/#breadcrumb\",\"itemListElement\":[{\"@type\":\"ListItem\",\"position\":1,\"name\":\"Accueil\",\"item\":\"https:\/\/ravenfox.xyz\/it\/ravenfox-accessori-per-carrozzina-elettrica-caricatore-usb\/\"},{\"@type\":\"ListItem\",\"position\":2,\"name\":\"Negozio\",\"item\":\"https:\/\/ravenfox.xyz\/it\/negozio\/\"},{\"@type\":\"ListItem\",\"position\":3,\"name\":\"T-shirt Je Roule Donc Je Suis\"}]},{\"@type\":\"WebSite\",\"@id\":\"https:\/\/ravenfox.xyz\/it\/#website\",\"url\":\"https:\/\/ravenfox.xyz\/it\/\",\"name\":\"RAVENFOX\",\"description\":\"Accessoires pour fauteuils roulants \u00e9lectriques\",\"publisher\":{\"@id\":\"https:\/\/ravenfox.xyz\/it\/#organization\"},\"potentialAction\":[{\"@type\":\"SearchAction\",\"target\":{\"@type\":\"EntryPoint\",\"urlTemplate\":\"https:\/\/ravenfox.xyz\/it\/?s={search_term_string}\"},\"query-input\":{\"@type\":\"PropertyValueSpecification\",\"valueRequired\":true,\"valueName\":\"search_term_string\"}}],\"inLanguage\":\"it-IT\"},{\"@type\":\"Organization\",\"@id\":\"https:\/\/ravenfox.xyz\/it\/#organization\",\"name\":\"RAVENFOX\",\"url\":\"https:\/\/ravenfox.xyz\/it\/\",\"logo\":{\"@type\":\"ImageObject\",\"inLanguage\":\"it-IT\",\"@id\":\"https:\/\/ravenfox.xyz\/it\/#\/schema\/logo\/image\/\",\"url\":\"https:\/\/ravenfox.xyz\/wp-content\/uploads\/2023\/12\/Logo-Header-Black.png\",\"contentUrl\":\"https:\/\/ravenfox.xyz\/wp-content\/uploads\/2023\/12\/Logo-Header-Black.png\",\"width\":566,\"height\":115,\"caption\":\"RAVENFOX\"},\"image\":{\"@id\":\"https:\/\/ravenfox.xyz\/it\/#\/schema\/logo\/image\/\"},\"sameAs\":[\"https:\/\/www.facebook.com\/ravenfox.xyz\",\"https:\/\/x.com\/ravenfox_xyz\",\"https:\/\/www.instagram.com\/ravenfox.xyz\/\",\"https:\/\/www.youtube.com\/@ravenfox_xyz\"]}]}<\/script>\n<!-- \/ Yoast SEO plugin. -->","yoast_head_json":{"title":"T-shirt Je Roule Donc Je Suis - RAVENFOX","robots":{"index":"index","follow":"follow","max-snippet":"max-snippet:-1","max-image-preview":"max-image-preview:large","max-video-preview":"max-video-preview:-1"},"canonical":"https:\/\/ravenfox.xyz\/it\/produit\/t-shirt-je-roule-donc-je-suis\/","og_locale":"it_IT","og_type":"article","og_title":"T-shirt Je Roule Donc Je Suis - RAVENFOX","og_description":"Le t-shirt classique unisexe 100\u00a0% coton vous aidera \u00e0 obtenir un look plus structur\u00e9. Sa coupe bien ajust\u00e9e et ses lignes nettes sur les bords sont parfaitement assorties aux tenues streetwear superpos\u00e9es. De plus, il est parfait pour les amoureux de philosophie\u00a0! \u2022 100\u00a0% coton \u2022 Les couleurs chin\u00e9es sont en 50\u00a0% coton et 50\u00a0% polyester \u2022 Poids du tissu\u00a0: ...","og_url":"https:\/\/ravenfox.xyz\/it\/produit\/t-shirt-je-roule-donc-je-suis\/","og_site_name":"RAVENFOX","article_publisher":"https:\/\/www.facebook.com\/ravenfox.xyz","article_modified_time":"2024-12-27T23:05:29+00:00","og_image":[{"width":2000,"height":2000,"url":"https:\/\/ravenfox.xyz\/wp-content\/uploads\/2024\/12\/unisex-classic-tee-black-front-676f2a7705a3d.jpg","type":"image\/jpeg"}],"twitter_card":"summary_large_image","twitter_site":"@ravenfox_xyz","twitter_misc":{"Tempo di lettura stimato":"2 minuti"},"schema":{"@context":"https:\/\/schema.org","@graph":[{"@type":"WebPage","@id":"https:\/\/ravenfox.xyz\/it\/produit\/t-shirt-je-roule-donc-je-suis\/","url":"https:\/\/ravenfox.xyz\/it\/produit\/t-shirt-je-roule-donc-je-suis\/","name":"T-shirt Je Roule Donc Je Suis - RAVENFOX","isPartOf":{"@id":"https:\/\/ravenfox.xyz\/it\/#website"},"primaryImageOfPage":{"@id":"https:\/\/ravenfox.xyz\/it\/produit\/t-shirt-je-roule-donc-je-suis\/#primaryimage"},"image":{"@id":"https:\/\/ravenfox.xyz\/it\/produit\/t-shirt-je-roule-donc-je-suis\/#primaryimage"},"thumbnailUrl":"https:\/\/i0.wp.com\/ravenfox.xyz\/wp-content\/uploads\/2024\/12\/unisex-classic-tee-black-front-676f2a7705a3d.jpg?fit=2000%2C2000&ssl=1","datePublished":"2024-12-27T22:30:33+00:00","dateModified":"2024-12-27T23:05:29+00:00","breadcrumb":{"@id":"https:\/\/ravenfox.xyz\/it\/produit\/t-shirt-je-roule-donc-je-suis\/#breadcrumb"},"inLanguage":"it-IT","potentialAction":[{"@type":"ReadAction","target":["https:\/\/ravenfox.xyz\/it\/produit\/t-shirt-je-roule-donc-je-suis\/"]}]},{"@type":"ImageObject","inLanguage":"it-IT","@id":"https:\/\/ravenfox.xyz\/it\/produit\/t-shirt-je-roule-donc-je-suis\/#primaryimage","url":"https:\/\/i0.wp.com\/ravenfox.xyz\/wp-content\/uploads\/2024\/12\/unisex-classic-tee-black-front-676f2a7705a3d.jpg?fit=2000%2C2000&ssl=1","contentUrl":"https:\/\/i0.wp.com\/ravenfox.xyz\/wp-content\/uploads\/2024\/12\/unisex-classic-tee-black-front-676f2a7705a3d.jpg?fit=2000%2C2000&ssl=1","width":2000,"height":2000},{"@type":"BreadcrumbList","@id":"https:\/\/ravenfox.xyz\/it\/produit\/t-shirt-je-roule-donc-je-suis\/#breadcrumb","itemListElement":[{"@type":"ListItem","position":1,"name":"Accueil","item":"https:\/\/ravenfox.xyz\/it\/ravenfox-accessori-per-carrozzina-elettrica-caricatore-usb\/"},{"@type":"ListItem","position":2,"name":"Negozio","item":"https:\/\/ravenfox.xyz\/it\/negozio\/"},{"@type":"ListItem","position":3,"name":"T-shirt Je Roule Donc Je Suis"}]},{"@type":"WebSite","@id":"https:\/\/ravenfox.xyz\/it\/#website","url":"https:\/\/ravenfox.xyz\/it\/","name":"RAVENFOX","description":"Accessoires pour fauteuils roulants \u00e9lectriques","publisher":{"@id":"https:\/\/ravenfox.xyz\/it\/#organization"},"potentialAction":[{"@type":"SearchAction","target":{"@type":"EntryPoint","urlTemplate":"https:\/\/ravenfox.xyz\/it\/?s={search_term_string}"},"query-input":{"@type":"PropertyValueSpecification","valueRequired":true,"valueName":"search_term_string"}}],"inLanguage":"it-IT"},{"@type":"Organization","@id":"https:\/\/ravenfox.xyz\/it\/#organization","name":"RAVENFOX","url":"https:\/\/ravenfox.xyz\/it\/","logo":{"@type":"ImageObject","inLanguage":"it-IT","@id":"https:\/\/ravenfox.xyz\/it\/#\/schema\/logo\/image\/","url":"https:\/\/ravenfox.xyz\/wp-content\/uploads\/2023\/12\/Logo-Header-Black.png","contentUrl":"https:\/\/ravenfox.xyz\/wp-content\/uploads\/2023\/12\/Logo-Header-Black.png","width":566,"height":115,"caption":"RAVENFOX"},"image":{"@id":"https:\/\/ravenfox.xyz\/it\/#\/schema\/logo\/image\/"},"sameAs":["https:\/\/www.facebook.com\/ravenfox.xyz","https:\/\/x.com\/ravenfox_xyz","https:\/\/www.instagram.com\/ravenfox.xyz\/","https:\/\/www.youtube.com\/@ravenfox_xyz"]}]}},"jetpack_publicize_connections":[],"jetpack_sharing_enabled":true,"_links":{"self":[{"href":"https:\/\/ravenfox.xyz\/it\/wp-json\/wp\/v2\/product\/2311","targetHints":{"allow":["GET"]}}],"collection":[{"href":"https:\/\/ravenfox.xyz\/it\/wp-json\/wp\/v2\/product"}],"about":[{"href":"https:\/\/ravenfox.xyz\/it\/wp-json\/wp\/v2\/types\/product"}],"replies":[{"embeddable":true,"href":"https:\/\/ravenfox.xyz\/it\/wp-json\/wp\/v2\/comments?post=2311"}],"wp:featuredmedia":[{"embeddable":true,"href":"https:\/\/ravenfox.xyz\/it\/wp-json\/wp\/v2\/media\/2332"}],"wp:attachment":[{"href":"https:\/\/ravenfox.xyz\/it\/wp-json\/wp\/v2\/media?parent=2311"}],"wp:term":[{"taxonomy":"product_brand","embeddable":true,"href":"https:\/\/ravenfox.xyz\/it\/wp-json\/wp\/v2\/product_brand?post=2311"},{"taxonomy":"product_cat","embeddable":true,"href":"https:\/\/ravenfox.xyz\/it\/wp-json\/wp\/v2\/product_cat?post=2311"},{"taxonomy":"product_tag","embeddable":true,"href":"https:\/\/ravenfox.xyz\/it\/wp-json\/wp\/v2\/product_tag?post=2311"}],"curies":[{"name":"wp","href":"https:\/\/api.w.org\/{rel}","templated":true}]}}