{"id":3226,"date":"2026-02-21T14:54:44","date_gmt":"2026-02-21T13:54:44","guid":{"rendered":"https:\/\/ravenfox.xyz\/?post_type=product&#038;p=3226"},"modified":"2026-02-22T00:22:20","modified_gmt":"2026-02-21T23:22:20","slug":"butee-de-bras-pour-strike-force","status":"publish","type":"product","link":"https:\/\/ravenfox.xyz\/it\/produit\/butee-de-bras-pour-strike-force\/","title":{"rendered":"But\u00e9e de bras pour Strike Force"},"content":{"rendered":"<p data-start=\"117\" data-end=\"193\"><strong data-start=\"117\" data-end=\"193\">But\u00e9e de bras pour Strike Force \u2013 Support de maintien pour Foot Fauteuil<\/strong><\/p>\n<p data-start=\"195\" data-end=\"551\">La <strong data-start=\"198\" data-end=\"233\">but\u00e9e de bras pour Strike Force<\/strong> est un accessoire sp\u00e9cialement con\u00e7u pour les joueurs de <strong data-start=\"291\" data-end=\"308\">Foot Fauteuil<\/strong> souhaitant s\u00e9curiser et stabiliser leur bras pendant le jeu. Fix\u00e9e sous l\u2019accoudoir, elle emp\u00eache le bras de tomber sur le c\u00f4t\u00e9 et garantit un maintien optimal \u00e0 l\u2019int\u00e9rieur de l\u2019accoudoir, m\u00eame lors des rotations puissantes au moment du tir.<\/p>\n<p data-start=\"553\" data-end=\"798\">En situation de frappe ou de rotation rapide du fauteuil, le bras peut se d\u00e9saxer ou sortir de son appui naturel. Gr\u00e2ce \u00e0 cette but\u00e9e de maintien, le joueur b\u00e9n\u00e9ficie d\u2019un meilleur contr\u00f4le, d\u2019une posture plus stable et d\u2019une s\u00e9curit\u00e9 renforc\u00e9e.<\/p>\n<h3 data-start=\"800\" data-end=\"824\">\u2705 Caract\u00e9ristiques :<\/h3>\n<ul data-start=\"825\" data-end=\"1170\">\n<li data-start=\"825\" data-end=\"863\">\n<p data-start=\"827\" data-end=\"863\">Compatible fauteuil <strong data-start=\"847\" data-end=\"863\">Strike Force<\/strong><\/p>\n<\/li>\n<li data-start=\"864\" data-end=\"891\">\n<p data-start=\"866\" data-end=\"891\">Fixation sous accoudoir<\/p>\n<\/li>\n<li data-start=\"892\" data-end=\"1020\">\n<p data-start=\"894\" data-end=\"915\">Dimensions standard :<\/p>\n<ul data-start=\"918\" data-end=\"1020\">\n<li data-start=\"918\" data-end=\"976\">\n<p data-start=\"920\" data-end=\"976\">15 cm de longueur (hauteur 8 cm \u00e0 partir de l\u2019accoudoir)<\/p>\n<\/li>\n<li data-start=\"979\" data-end=\"998\">\n<p data-start=\"981\" data-end=\"998\">20 cm de longueur<\/p>\n<\/li>\n<li data-start=\"1001\" data-end=\"1020\">\n<p data-start=\"1003\" data-end=\"1020\">25 cm de longueur<\/p>\n<\/li>\n<\/ul>\n<\/li>\n<li data-start=\"1021\" data-end=\"1106\">\n<p data-start=\"1023\" data-end=\"1106\">Installation avec rondelle, vis et \u00e9crou en T (visserie non fournie pour le moment)<\/p>\n<\/li>\n<li data-start=\"1107\" data-end=\"1170\">\n<p data-start=\"1109\" data-end=\"1170\">Fabrication robuste et adapt\u00e9e \u00e0 l\u2019intensit\u00e9 du Foot Fauteuil<\/p>\n<\/li>\n<\/ul>\n<h3 data-start=\"1172\" data-end=\"1202\">\ud83d\udd27 Version personnalisable<\/h3>\n<p data-start=\"1203\" data-end=\"1458\">Une version sur mesure est disponible moyennant un suppl\u00e9ment de 8 \u00e0 16 \u20ac selon la difficult\u00e9 de la r\u00e9alisation.<br data-start=\"1278\" data-end=\"1281\" \/>Pour toute adaptation sp\u00e9cifique (dimensions particuli\u00e8res, besoin utilisateur sp\u00e9cifique), nous vous invitons \u00e0 nous contacter afin d\u2019obtenir une solution parfaitement adapt\u00e9e.<\/p>\n<p data-start=\"1460\" data-end=\"1521\"><a href=\"https:\/\/ravenfox.xyz\/it\/produit\/butee-de-bras-personnalisee-pour-strike-force\/\">\ud83d\udc49 <strong data-start=\"1463\" data-end=\"1521\">Cliquez ici pour acc\u00e9der \u00e0 la version personnalisable.<\/strong><\/a><\/p>\n","protected":false},"excerpt":{"rendered":"<p>La <strong data-start=\"198\" data-end=\"233\">but\u00e9e de bras pour Strike Force<\/strong> est un accessoire sp\u00e9cialement con\u00e7u pour les joueurs de <strong data-start=\"291\" data-end=\"308\">Foot Fauteuil<\/strong> souhaitant s\u00e9curiser et stabiliser leur bras pendant le jeu. Fix\u00e9e sous l\u2019accoudoir, elle emp\u00eache le bras de tomber sur le c\u00f4t\u00e9 et garantit un maintien optimal \u00e0 l\u2019int\u00e9rieur de l\u2019accoudoir, m\u00eame lors des rotations puissantes au moment du tir.<\/p>\n","protected":false},"featured_media":3245,"comment_status":"open","ping_status":"closed","template":"","meta":{"jetpack_publicize_message":"But\u00e9e de bras pour Strike Force","jetpack_publicize_feature_enabled":true,"jetpack_social_post_already_shared":true,"jetpack_social_options":{"image_generator_settings":{"template":"highway","default_image_id":0,"font":"","enabled":false},"version":2}},"product_brand":[],"product_cat":[141],"product_tag":[],"class_list":{"0":"post-3226","1":"product","2":"type-product","3":"status-publish","4":"has-post-thumbnail","6":"product_cat-accessoires-strike-force","7":"product_shipping_class-colissimo","10":"first","11":"instock","12":"taxable","13":"shipping-taxable","14":"purchasable","15":"product-type-variable"},"yoast_head":"<!-- This site is optimized with the Yoast SEO plugin v27.0 - https:\/\/yoast.com\/product\/yoast-seo-wordpress\/ -->\n<title>But\u00e9e de bras pour Strike Force - RAVENFOX<\/title>\n<meta name=\"description\" content=\"But\u00e9e de bras pour Strike Force : maintien s\u00e9curis\u00e9 du bras en Foot Fauteuil. Disponible en 15, 20 et 25 cm. Version personnalisable sur demande.\" \/>\n<meta name=\"robots\" content=\"index, follow, max-snippet:-1, max-image-preview:large, max-video-preview:-1\" \/>\n<link rel=\"canonical\" href=\"https:\/\/ravenfox.xyz\/it\/produit\/butee-de-bras-pour-strike-force\/\" \/>\n<meta property=\"og:locale\" content=\"it_IT\" \/>\n<meta property=\"og:type\" content=\"article\" \/>\n<meta property=\"og:title\" content=\"But\u00e9e de bras pour Strike Force - RAVENFOX\" \/>\n<meta property=\"og:description\" content=\"But\u00e9e de bras pour Strike Force : maintien s\u00e9curis\u00e9 du bras en Foot Fauteuil. Disponible en 15, 20 et 25 cm. Version personnalisable sur demande.\" \/>\n<meta property=\"og:url\" content=\"https:\/\/ravenfox.xyz\/it\/produit\/butee-de-bras-pour-strike-force\/\" \/>\n<meta property=\"og:site_name\" content=\"RAVENFOX\" \/>\n<meta property=\"article:publisher\" content=\"https:\/\/www.facebook.com\/ravenfox.xyz\" \/>\n<meta property=\"article:modified_time\" content=\"2026-02-21T23:22:20+00:00\" \/>\n<meta property=\"og:image\" content=\"https:\/\/ravenfox.xyz\/wp-content\/uploads\/2026\/02\/Strike_Force_Cale_Bras_Non_personalise_avec_accoudoir.png\" \/>\n\t<meta property=\"og:image:width\" content=\"1598\" \/>\n\t<meta property=\"og:image:height\" content=\"1110\" \/>\n\t<meta property=\"og:image:type\" content=\"image\/png\" \/>\n<meta name=\"twitter:card\" content=\"summary_large_image\" \/>\n<meta name=\"twitter:site\" content=\"@ravenfox_xyz\" \/>\n<meta name=\"twitter:label1\" content=\"Tempo di lettura stimato\" \/>\n\t<meta name=\"twitter:data1\" content=\"2 minuti\" \/>\n<script type=\"application\/ld+json\" class=\"yoast-schema-graph\">{\"@context\":\"https:\/\/schema.org\",\"@graph\":[{\"@type\":\"WebPage\",\"@id\":\"https:\/\/ravenfox.xyz\/it\/produit\/butee-de-bras-pour-strike-force\/\",\"url\":\"https:\/\/ravenfox.xyz\/it\/produit\/butee-de-bras-pour-strike-force\/\",\"name\":\"But\u00e9e de bras pour Strike Force - RAVENFOX\",\"isPartOf\":{\"@id\":\"https:\/\/ravenfox.xyz\/it\/#website\"},\"primaryImageOfPage\":{\"@id\":\"https:\/\/ravenfox.xyz\/it\/produit\/butee-de-bras-pour-strike-force\/#primaryimage\"},\"image\":{\"@id\":\"https:\/\/ravenfox.xyz\/it\/produit\/butee-de-bras-pour-strike-force\/#primaryimage\"},\"thumbnailUrl\":\"https:\/\/i0.wp.com\/ravenfox.xyz\/wp-content\/uploads\/2026\/02\/Strike_Force_Cale_Bras_Non_personalise_avec_accoudoir.png?fit=1598%2C1110&ssl=1\",\"datePublished\":\"2026-02-21T13:54:44+00:00\",\"dateModified\":\"2026-02-21T23:22:20+00:00\",\"description\":\"But\u00e9e de bras pour Strike Force : maintien s\u00e9curis\u00e9 du bras en Foot Fauteuil. Disponible en 15, 20 et 25 cm. Version personnalisable sur demande.\",\"breadcrumb\":{\"@id\":\"https:\/\/ravenfox.xyz\/it\/produit\/butee-de-bras-pour-strike-force\/#breadcrumb\"},\"inLanguage\":\"it-IT\",\"potentialAction\":[{\"@type\":\"ReadAction\",\"target\":[\"https:\/\/ravenfox.xyz\/it\/produit\/butee-de-bras-pour-strike-force\/\"]}]},{\"@type\":\"ImageObject\",\"inLanguage\":\"it-IT\",\"@id\":\"https:\/\/ravenfox.xyz\/it\/produit\/butee-de-bras-pour-strike-force\/#primaryimage\",\"url\":\"https:\/\/i0.wp.com\/ravenfox.xyz\/wp-content\/uploads\/2026\/02\/Strike_Force_Cale_Bras_Non_personalise_avec_accoudoir.png?fit=1598%2C1110&ssl=1\",\"contentUrl\":\"https:\/\/i0.wp.com\/ravenfox.xyz\/wp-content\/uploads\/2026\/02\/Strike_Force_Cale_Bras_Non_personalise_avec_accoudoir.png?fit=1598%2C1110&ssl=1\",\"width\":1598,\"height\":1110},{\"@type\":\"BreadcrumbList\",\"@id\":\"https:\/\/ravenfox.xyz\/it\/produit\/butee-de-bras-pour-strike-force\/#breadcrumb\",\"itemListElement\":[{\"@type\":\"ListItem\",\"position\":1,\"name\":\"Accueil\",\"item\":\"https:\/\/ravenfox.xyz\/it\/ravenfox-accessori-per-carrozzina-elettrica-caricatore-usb\/\"},{\"@type\":\"ListItem\",\"position\":2,\"name\":\"Negozio\",\"item\":\"https:\/\/ravenfox.xyz\/it\/negozio\/\"},{\"@type\":\"ListItem\",\"position\":3,\"name\":\"But\u00e9e de bras pour Strike Force\"}]},{\"@type\":\"WebSite\",\"@id\":\"https:\/\/ravenfox.xyz\/it\/#website\",\"url\":\"https:\/\/ravenfox.xyz\/it\/\",\"name\":\"RAVENFOX\",\"description\":\"Accessoires pour fauteuils roulants \u00e9lectriques\",\"publisher\":{\"@id\":\"https:\/\/ravenfox.xyz\/it\/#organization\"},\"potentialAction\":[{\"@type\":\"SearchAction\",\"target\":{\"@type\":\"EntryPoint\",\"urlTemplate\":\"https:\/\/ravenfox.xyz\/it\/?s={search_term_string}\"},\"query-input\":{\"@type\":\"PropertyValueSpecification\",\"valueRequired\":true,\"valueName\":\"search_term_string\"}}],\"inLanguage\":\"it-IT\"},{\"@type\":\"Organization\",\"@id\":\"https:\/\/ravenfox.xyz\/it\/#organization\",\"name\":\"RAVENFOX\",\"url\":\"https:\/\/ravenfox.xyz\/it\/\",\"logo\":{\"@type\":\"ImageObject\",\"inLanguage\":\"it-IT\",\"@id\":\"https:\/\/ravenfox.xyz\/it\/#\/schema\/logo\/image\/\",\"url\":\"https:\/\/ravenfox.xyz\/wp-content\/uploads\/2023\/12\/Logo-Header-Black.png\",\"contentUrl\":\"https:\/\/ravenfox.xyz\/wp-content\/uploads\/2023\/12\/Logo-Header-Black.png\",\"width\":566,\"height\":115,\"caption\":\"RAVENFOX\"},\"image\":{\"@id\":\"https:\/\/ravenfox.xyz\/it\/#\/schema\/logo\/image\/\"},\"sameAs\":[\"https:\/\/www.facebook.com\/ravenfox.xyz\",\"https:\/\/x.com\/ravenfox_xyz\",\"https:\/\/www.instagram.com\/ravenfox.xyz\/\",\"https:\/\/www.youtube.com\/@ravenfox_xyz\"]}]}<\/script>\n<!-- \/ Yoast SEO plugin. -->","yoast_head_json":{"title":"But\u00e9e de bras pour Strike Force - RAVENFOX","description":"But\u00e9e de bras pour Strike Force : maintien s\u00e9curis\u00e9 du bras en Foot Fauteuil. Disponible en 15, 20 et 25 cm. Version personnalisable sur demande.","robots":{"index":"index","follow":"follow","max-snippet":"max-snippet:-1","max-image-preview":"max-image-preview:large","max-video-preview":"max-video-preview:-1"},"canonical":"https:\/\/ravenfox.xyz\/it\/produit\/butee-de-bras-pour-strike-force\/","og_locale":"it_IT","og_type":"article","og_title":"But\u00e9e de bras pour Strike Force - RAVENFOX","og_description":"But\u00e9e de bras pour Strike Force : maintien s\u00e9curis\u00e9 du bras en Foot Fauteuil. Disponible en 15, 20 et 25 cm. Version personnalisable sur demande.","og_url":"https:\/\/ravenfox.xyz\/it\/produit\/butee-de-bras-pour-strike-force\/","og_site_name":"RAVENFOX","article_publisher":"https:\/\/www.facebook.com\/ravenfox.xyz","article_modified_time":"2026-02-21T23:22:20+00:00","og_image":[{"width":1598,"height":1110,"url":"https:\/\/ravenfox.xyz\/wp-content\/uploads\/2026\/02\/Strike_Force_Cale_Bras_Non_personalise_avec_accoudoir.png","type":"image\/png"}],"twitter_card":"summary_large_image","twitter_site":"@ravenfox_xyz","twitter_misc":{"Tempo di lettura stimato":"2 minuti"},"schema":{"@context":"https:\/\/schema.org","@graph":[{"@type":"WebPage","@id":"https:\/\/ravenfox.xyz\/it\/produit\/butee-de-bras-pour-strike-force\/","url":"https:\/\/ravenfox.xyz\/it\/produit\/butee-de-bras-pour-strike-force\/","name":"But\u00e9e de bras pour Strike Force - RAVENFOX","isPartOf":{"@id":"https:\/\/ravenfox.xyz\/it\/#website"},"primaryImageOfPage":{"@id":"https:\/\/ravenfox.xyz\/it\/produit\/butee-de-bras-pour-strike-force\/#primaryimage"},"image":{"@id":"https:\/\/ravenfox.xyz\/it\/produit\/butee-de-bras-pour-strike-force\/#primaryimage"},"thumbnailUrl":"https:\/\/i0.wp.com\/ravenfox.xyz\/wp-content\/uploads\/2026\/02\/Strike_Force_Cale_Bras_Non_personalise_avec_accoudoir.png?fit=1598%2C1110&ssl=1","datePublished":"2026-02-21T13:54:44+00:00","dateModified":"2026-02-21T23:22:20+00:00","description":"But\u00e9e de bras pour Strike Force : maintien s\u00e9curis\u00e9 du bras en Foot Fauteuil. Disponible en 15, 20 et 25 cm. Version personnalisable sur demande.","breadcrumb":{"@id":"https:\/\/ravenfox.xyz\/it\/produit\/butee-de-bras-pour-strike-force\/#breadcrumb"},"inLanguage":"it-IT","potentialAction":[{"@type":"ReadAction","target":["https:\/\/ravenfox.xyz\/it\/produit\/butee-de-bras-pour-strike-force\/"]}]},{"@type":"ImageObject","inLanguage":"it-IT","@id":"https:\/\/ravenfox.xyz\/it\/produit\/butee-de-bras-pour-strike-force\/#primaryimage","url":"https:\/\/i0.wp.com\/ravenfox.xyz\/wp-content\/uploads\/2026\/02\/Strike_Force_Cale_Bras_Non_personalise_avec_accoudoir.png?fit=1598%2C1110&ssl=1","contentUrl":"https:\/\/i0.wp.com\/ravenfox.xyz\/wp-content\/uploads\/2026\/02\/Strike_Force_Cale_Bras_Non_personalise_avec_accoudoir.png?fit=1598%2C1110&ssl=1","width":1598,"height":1110},{"@type":"BreadcrumbList","@id":"https:\/\/ravenfox.xyz\/it\/produit\/butee-de-bras-pour-strike-force\/#breadcrumb","itemListElement":[{"@type":"ListItem","position":1,"name":"Accueil","item":"https:\/\/ravenfox.xyz\/it\/ravenfox-accessori-per-carrozzina-elettrica-caricatore-usb\/"},{"@type":"ListItem","position":2,"name":"Negozio","item":"https:\/\/ravenfox.xyz\/it\/negozio\/"},{"@type":"ListItem","position":3,"name":"But\u00e9e de bras pour Strike Force"}]},{"@type":"WebSite","@id":"https:\/\/ravenfox.xyz\/it\/#website","url":"https:\/\/ravenfox.xyz\/it\/","name":"RAVENFOX","description":"Accessoires pour fauteuils roulants \u00e9lectriques","publisher":{"@id":"https:\/\/ravenfox.xyz\/it\/#organization"},"potentialAction":[{"@type":"SearchAction","target":{"@type":"EntryPoint","urlTemplate":"https:\/\/ravenfox.xyz\/it\/?s={search_term_string}"},"query-input":{"@type":"PropertyValueSpecification","valueRequired":true,"valueName":"search_term_string"}}],"inLanguage":"it-IT"},{"@type":"Organization","@id":"https:\/\/ravenfox.xyz\/it\/#organization","name":"RAVENFOX","url":"https:\/\/ravenfox.xyz\/it\/","logo":{"@type":"ImageObject","inLanguage":"it-IT","@id":"https:\/\/ravenfox.xyz\/it\/#\/schema\/logo\/image\/","url":"https:\/\/ravenfox.xyz\/wp-content\/uploads\/2023\/12\/Logo-Header-Black.png","contentUrl":"https:\/\/ravenfox.xyz\/wp-content\/uploads\/2023\/12\/Logo-Header-Black.png","width":566,"height":115,"caption":"RAVENFOX"},"image":{"@id":"https:\/\/ravenfox.xyz\/it\/#\/schema\/logo\/image\/"},"sameAs":["https:\/\/www.facebook.com\/ravenfox.xyz","https:\/\/x.com\/ravenfox_xyz","https:\/\/www.instagram.com\/ravenfox.xyz\/","https:\/\/www.youtube.com\/@ravenfox_xyz"]}]}},"jetpack_publicize_connections":[],"jetpack_sharing_enabled":true,"_links":{"self":[{"href":"https:\/\/ravenfox.xyz\/it\/wp-json\/wp\/v2\/product\/3226","targetHints":{"allow":["GET"]}}],"collection":[{"href":"https:\/\/ravenfox.xyz\/it\/wp-json\/wp\/v2\/product"}],"about":[{"href":"https:\/\/ravenfox.xyz\/it\/wp-json\/wp\/v2\/types\/product"}],"replies":[{"embeddable":true,"href":"https:\/\/ravenfox.xyz\/it\/wp-json\/wp\/v2\/comments?post=3226"}],"wp:featuredmedia":[{"embeddable":true,"href":"https:\/\/ravenfox.xyz\/it\/wp-json\/wp\/v2\/media\/3245"}],"wp:attachment":[{"href":"https:\/\/ravenfox.xyz\/it\/wp-json\/wp\/v2\/media?parent=3226"}],"wp:term":[{"taxonomy":"product_brand","embeddable":true,"href":"https:\/\/ravenfox.xyz\/it\/wp-json\/wp\/v2\/product_brand?post=3226"},{"taxonomy":"product_cat","embeddable":true,"href":"https:\/\/ravenfox.xyz\/it\/wp-json\/wp\/v2\/product_cat?post=3226"},{"taxonomy":"product_tag","embeddable":true,"href":"https:\/\/ravenfox.xyz\/it\/wp-json\/wp\/v2\/product_tag?post=3226"}],"curies":[{"name":"wp","href":"https:\/\/api.w.org\/{rel}","templated":true}]}}